{"id":449141,"date":"2026-03-26T00:16:10","date_gmt":"2026-03-25T23:16:10","guid":{"rendered":"https:\/\/www.pricetornado.com\/da\/produkt\/apple-iphone-17e-256gb-white\/"},"modified":"2026-04-23T04:50:22","modified_gmt":"2026-04-23T02:50:22","slug":"apple-iphone-17e-256gb-white","status":"publish","type":"product","link":"https:\/\/www.pricetornado.com\/da\/produkt\/apple-iphone-17e-256gb-white\/","title":{"rendered":"Apple | iPhone 17e 256GB &#8211; White"},"content":{"rendered":"<p>K\u00f8b billig Apple | iPhone 17e 256GB &#8211; White!<\/p>\n<p>Sammenlign priser p\u00e5 Apple | iPhone 17e 256GB &#8211; White og k\u00f8b online til den billigste pris, samt p\u00e5 tilbud!\u00a0\u00a0Tjek den bedste pris, produkt beskrivelse, video, test, anmeldelser osv.<\/p>\n<p><strong>Brand: <\/strong>Apple<br \/>\n<strong>EAN: <\/strong>0195951030784<br \/>\n<strong>Producentens varenr.:<\/strong> MHRW4<\/p>\n<p><strong>P.S.<\/strong><br \/>\nTilmeld dig til &#8220;Opret Gratis Prisfald Alarm&#8221;, og bliv underrettet med det samme om prisfald p\u00e5 Apple | iPhone 17e 256GB &#8211; White, og f\u00e5 den billigste pris!<\/p>\n<p>&nbsp;<\/p>\n","protected":false},"excerpt":{"rendered":"<p>K\u00f8b billig Apple | iPhone 17e 256GB &#8211; White! Sammenlign priser p\u00e5 Apple | iPhone 17e 256GB &#8211; White og k\u00f8b online til den billigste pris, samt p\u00e5 tilbud!\u00a0\u00a0Tjek den bedste pris, produkt beskrivelse, video, test, anmeldelser osv. Brand: Apple EAN: 0195951030784 Producentens varenr.: MHRW4 P.S. Tilmeld dig til &#8220;Opret Gratis Prisfald Alarm&#8221;, og bliv [&hellip;]<\/p>\n","protected":false},"featured_media":999980000004491410,"template":"","meta":[],"store":[1272539],"product_brand":[1272540],"product_cat":[783868,783867,783866],"product_tag":[],"class_list":{"0":"post-449141","1":"product","2":"type-product","3":"status-publish","4":"has-post-thumbnail","6":"store-computersalg","7":"product_brand-apple","8":"product_cat-apple-iphone","9":"product_cat-mobiltelefoner","10":"product_cat-telefoni-gps","11":"pa_maerke-apple","13":"first","14":"instock","15":"product-type-external"},"_links":{"self":[{"href":"https:\/\/www.pricetornado.com\/da\/wp-json\/wp\/v2\/product\/449141","targetHints":{"allow":["GET"]}}],"collection":[{"href":"https:\/\/www.pricetornado.com\/da\/wp-json\/wp\/v2\/product"}],"about":[{"href":"https:\/\/www.pricetornado.com\/da\/wp-json\/wp\/v2\/types\/product"}],"wp:featuredmedia":[{"embeddable":true,"href":"https:\/\/www.pricetornado.com\/da\/wp-json\/"}],"wp:attachment":[{"href":"https:\/\/www.pricetornado.com\/da\/wp-json\/wp\/v2\/media?parent=449141"}],"wp:term":[{"taxonomy":"store","embeddable":true,"href":"https:\/\/www.pricetornado.com\/da\/wp-json\/wp\/v2\/store?post=449141"},{"taxonomy":"product_brand","embeddable":true,"href":"https:\/\/www.pricetornado.com\/da\/wp-json\/wp\/v2\/product_brand?post=449141"},{"taxonomy":"product_cat","embeddable":true,"href":"https:\/\/www.pricetornado.com\/da\/wp-json\/wp\/v2\/product_cat?post=449141"},{"taxonomy":"product_tag","embeddable":true,"href":"https:\/\/www.pricetornado.com\/da\/wp-json\/wp\/v2\/product_tag?post=449141"}],"curies":[{"name":"wp","href":"https:\/\/api.w.org\/{rel}","templated":true}]}}