{"id":449137,"date":"2026-04-16T00:13:08","date_gmt":"2026-04-15T22:13:08","guid":{"rendered":"https:\/\/www.pricetornado.com\/da\/produkt\/nokia-3210-4g-funktionstelefon-dual-sim-ram-64-mb-intern-hukommelse-128-mb-microsd-slot-rear-camera-2-mp-dykkerblaa-5\/"},"modified":"2026-04-17T00:20:22","modified_gmt":"2026-04-16T22:20:22","slug":"nokia-3210-4g-funktionstelefon-dual-sim-ram-64-mb-intern-hukommelse-128-mb-microsd-slot-rear-camera-2-mp-dykkerblaa","status":"publish","type":"product","link":"https:\/\/www.pricetornado.com\/da\/produkt\/nokia-3210-4g-funktionstelefon-dual-sim-ram-64-mb-intern-hukommelse-128-mb-microsd-slot-rear-camera-2-mp-dykkerblaa\/","title":{"rendered":"Nokia 3210 &#8211; 4G funktionstelefon &#8211; dual-SIM &#8211; RAM 64 MB \/ Intern hukommelse 128 MB &#8211; microSD slot &#8211; rear camera 2 MP &#8211; dykkerbl\u00e5"},"content":{"rendered":"<p>K\u00f8b billig Nokia 3210 &#8211; 4G funktionstelefon &#8211; dual-SIM &#8211; RAM 64 MB \/ Intern hukommelse 128 MB &#8211; microSD slot &#8211; rear camera 2 MP &#8211; dykkerbl\u00e5!<\/p>\n<p>Sammenlign priser p\u00e5 Nokia 3210 &#8211; 4G funktionstelefon &#8211; dual-SIM &#8211; RAM 64 MB \/ Intern hukommelse 128 MB &#8211; microSD slot &#8211; rear camera 2 MP &#8211; dykkerbl\u00e5 og k\u00f8b online til den billigste pris, samt p\u00e5 tilbud!\u00a0\u00a0Tjek den bedste pris, produkt beskrivelse, video, test, anmeldelser osv.<\/p>\n<p><strong>Brand: <\/strong>HMD Global<br \/>\n<strong>EAN: <\/strong>6438409099778<br \/>\n<strong>Producentens varenr.:<\/strong> 1GF025CPJ2L01<\/p>\n<p><strong>P.S.<\/strong><br \/>\nTilmeld dig til &#8220;Opret Gratis Prisfald Alarm&#8221;, og bliv underrettet med det samme om prisfald p\u00e5 Nokia 3210 &#8211; 4G funktionstelefon &#8211; dual-SIM &#8211; RAM 64 MB \/ Intern hukommelse 128 MB &#8211; microSD slot &#8211; rear camera 2 MP &#8211; dykkerbl\u00e5, og f\u00e5 den billigste pris!<\/p>\n<p>&nbsp;<\/p>\n","protected":false},"excerpt":{"rendered":"<p>K\u00f8b billig Nokia 3210 &#8211; 4G funktionstelefon &#8211; dual-SIM &#8211; RAM 64 MB \/ Intern hukommelse 128 MB &#8211; microSD slot &#8211; rear camera 2 MP &#8211; dykkerbl\u00e5! Sammenlign priser p\u00e5 Nokia 3210 &#8211; 4G funktionstelefon &#8211; dual-SIM &#8211; RAM 64 MB \/ Intern hukommelse 128 MB &#8211; microSD slot &#8211; rear camera 2 MP [&hellip;]<\/p>\n","protected":false},"featured_media":999980000004491370,"template":"","meta":[],"store":[1272539],"product_brand":[1272550],"product_cat":[783873,783867,783866],"product_tag":[],"class_list":{"0":"post-449137","1":"product","2":"type-product","3":"status-publish","4":"has-post-thumbnail","6":"store-computersalg","7":"product_brand-hmd-global","8":"product_cat-alle-mobiltelefoner","9":"product_cat-mobiltelefoner","10":"product_cat-telefoni-gps","11":"pa_maerke-hmd-global","13":"first","14":"instock","15":"product-type-external"},"_links":{"self":[{"href":"https:\/\/www.pricetornado.com\/da\/wp-json\/wp\/v2\/product\/449137","targetHints":{"allow":["GET"]}}],"collection":[{"href":"https:\/\/www.pricetornado.com\/da\/wp-json\/wp\/v2\/product"}],"about":[{"href":"https:\/\/www.pricetornado.com\/da\/wp-json\/wp\/v2\/types\/product"}],"wp:featuredmedia":[{"embeddable":true,"href":"https:\/\/www.pricetornado.com\/da\/wp-json\/"}],"wp:attachment":[{"href":"https:\/\/www.pricetornado.com\/da\/wp-json\/wp\/v2\/media?parent=449137"}],"wp:term":[{"taxonomy":"store","embeddable":true,"href":"https:\/\/www.pricetornado.com\/da\/wp-json\/wp\/v2\/store?post=449137"},{"taxonomy":"product_brand","embeddable":true,"href":"https:\/\/www.pricetornado.com\/da\/wp-json\/wp\/v2\/product_brand?post=449137"},{"taxonomy":"product_cat","embeddable":true,"href":"https:\/\/www.pricetornado.com\/da\/wp-json\/wp\/v2\/product_cat?post=449137"},{"taxonomy":"product_tag","embeddable":true,"href":"https:\/\/www.pricetornado.com\/da\/wp-json\/wp\/v2\/product_tag?post=449137"}],"curies":[{"name":"wp","href":"https:\/\/api.w.org\/{rel}","templated":true}]}}