{"id":449129,"date":"2026-04-16T00:14:11","date_gmt":"2026-04-15T22:14:11","guid":{"rendered":"https:\/\/www.pricetornado.com\/da\/produkt\/samsung-galaxy-s22-pu-walletdetach-3-cardblack-2\/"},"modified":"2026-04-18T00:29:58","modified_gmt":"2026-04-17T22:29:58","slug":"samsung-galaxy-s22-pu-walletdetach-3-cardblack","status":"publish","type":"product","link":"https:\/\/www.pricetornado.com\/da\/produkt\/samsung-galaxy-s22-pu-walletdetach-3-cardblack\/","title":{"rendered":"Samsung Galaxy S22+ PU wallet,detach, 3 card,Black"},"content":{"rendered":"<p>K\u00f8b billig Samsung Galaxy S22+ PU wallet,detach, 3 card,Black!<\/p>\n<p>Sammenlign priser p\u00e5 Samsung Galaxy S22+ PU wallet,detach, 3 card,Black og k\u00f8b online til den billigste pris, samt p\u00e5 tilbud!\u00a0\u00a0Tjek den bedste pris, produkt beskrivelse, video, test, anmeldelser osv.<\/p>\n<p><strong>Brand: <\/strong>Essentials<br \/>\n<strong>EAN: <\/strong>5706470132368<br \/>\n<strong>Producentens varenr.:<\/strong> 1110668<\/p>\n<p><strong>P.S.<\/strong><br \/>\nTilmeld dig til &#8220;Opret Gratis Prisfald Alarm&#8221;, og bliv underrettet med det samme om prisfald p\u00e5 Samsung Galaxy S22+ PU wallet,detach, 3 card,Black, og f\u00e5 den billigste pris!<\/p>\n<p>&nbsp;<\/p>\n","protected":false},"excerpt":{"rendered":"<p>K\u00f8b billig Samsung Galaxy S22+ PU wallet,detach, 3 card,Black! Sammenlign priser p\u00e5 Samsung Galaxy S22+ PU wallet,detach, 3 card,Black og k\u00f8b online til den billigste pris, samt p\u00e5 tilbud!\u00a0\u00a0Tjek den bedste pris, produkt beskrivelse, video, test, anmeldelser osv. Brand: Essentials EAN: 5706470132368 Producentens varenr.: 1110668 P.S. Tilmeld dig til &#8220;Opret Gratis Prisfald Alarm&#8221;, og bliv [&hellip;]<\/p>\n","protected":false},"featured_media":999980000004491290,"template":"","meta":[],"store":[1272539],"product_brand":[1272574],"product_cat":[783873,783867,783866],"product_tag":[],"class_list":{"0":"post-449129","1":"product","2":"type-product","3":"status-publish","4":"has-post-thumbnail","6":"store-computersalg","7":"product_brand-essentials","8":"product_cat-alle-mobiltelefoner","9":"product_cat-mobiltelefoner","10":"product_cat-telefoni-gps","11":"pa_maerke-essentials","13":"first","14":"instock","15":"product-type-external"},"_links":{"self":[{"href":"https:\/\/www.pricetornado.com\/da\/wp-json\/wp\/v2\/product\/449129","targetHints":{"allow":["GET"]}}],"collection":[{"href":"https:\/\/www.pricetornado.com\/da\/wp-json\/wp\/v2\/product"}],"about":[{"href":"https:\/\/www.pricetornado.com\/da\/wp-json\/wp\/v2\/types\/product"}],"wp:featuredmedia":[{"embeddable":true,"href":"https:\/\/www.pricetornado.com\/da\/wp-json\/"}],"wp:attachment":[{"href":"https:\/\/www.pricetornado.com\/da\/wp-json\/wp\/v2\/media?parent=449129"}],"wp:term":[{"taxonomy":"store","embeddable":true,"href":"https:\/\/www.pricetornado.com\/da\/wp-json\/wp\/v2\/store?post=449129"},{"taxonomy":"product_brand","embeddable":true,"href":"https:\/\/www.pricetornado.com\/da\/wp-json\/wp\/v2\/product_brand?post=449129"},{"taxonomy":"product_cat","embeddable":true,"href":"https:\/\/www.pricetornado.com\/da\/wp-json\/wp\/v2\/product_cat?post=449129"},{"taxonomy":"product_tag","embeddable":true,"href":"https:\/\/www.pricetornado.com\/da\/wp-json\/wp\/v2\/product_tag?post=449129"}],"curies":[{"name":"wp","href":"https:\/\/api.w.org\/{rel}","templated":true}]}}