{"id":449127,"date":"2026-04-16T00:21:20","date_gmt":"2026-04-15T22:21:20","guid":{"rendered":"https:\/\/www.pricetornado.com\/da\/produkt\/nothing-phone-2a-plus-5g-smartphone-dual-sim-ram-12-gb-intern-hukommelse-256-gb-oled-skaerm-6-7-2412-x-1084-pixels-120-hz-2x-bagkameraer-50-mp-50-mp-front-camera-32-mp-graa\/"},"modified":"2026-04-19T00:50:04","modified_gmt":"2026-04-18T22:50:04","slug":"nothing-phone-2a-plus-5g-smartphone-dual-sim-ram-12-gb-intern-hukommelse-256-gb-oled-skaerm-6-7-2412-x-1084-pixels-120-hz-2x-bagkameraer-50-mp-50-mp-front-camera-32-mp-graa","status":"publish","type":"product","link":"https:\/\/www.pricetornado.com\/da\/produkt\/nothing-phone-2a-plus-5g-smartphone-dual-sim-ram-12-gb-intern-hukommelse-256-gb-oled-skaerm-6-7-2412-x-1084-pixels-120-hz-2x-bagkameraer-50-mp-50-mp-front-camera-32-mp-graa\/","title":{"rendered":"Nothing Phone (2a) Plus &#8211; 5G smartphone &#8211; dual-SIM &#8211; RAM 12 GB \/ Intern hukommelse 256 GB &#8211; OLED-sk\u00e6rm &#8211; 6.7 &#8211; 2412 x 1084 pixels (120 Hz) &#8211; 2x bagkameraer 50 MP, 50 MP &#8211; front camera 32 MP &#8211; gr\u00e5"},"content":{"rendered":"<p>K\u00f8b billig Nothing Phone (2a) Plus &#8211; 5G smartphone &#8211; dual-SIM &#8211; RAM 12 GB \/ Intern hukommelse 256 GB &#8211; OLED-sk\u00e6rm &#8211; 6.7 &#8211; 2412 x 1084 pixels (120 Hz) &#8211; 2x bagkameraer 50 MP, 50 MP &#8211; front camera 32 MP &#8211; gr\u00e5!<\/p>\n<p>Sammenlign priser p\u00e5 Nothing Phone (2a) Plus &#8211; 5G smartphone &#8211; dual-SIM &#8211; RAM 12 GB \/ Intern hukommelse 256 GB &#8211; OLED-sk\u00e6rm &#8211; 6.7 &#8211; 2412 x 1084 pixels (120 Hz) &#8211; 2x bagkameraer 50 MP, 50 MP &#8211; front camera 32 MP &#8211; gr\u00e5 og k\u00f8b online til den billigste pris, samt p\u00e5 tilbud!\u00a0\u00a0Tjek den bedste pris, produkt beskrivelse, video, test, anmeldelser osv.<\/p>\n<p><strong>Brand: <\/strong>Nothing<br \/>\n<strong>EAN: <\/strong>6974434222564<br \/>\n<strong>Producentens varenr.:<\/strong> S7839720<\/p>\n<p><strong>P.S.<\/strong><br \/>\nTilmeld dig til &#8220;Opret Gratis Prisfald Alarm&#8221;, og bliv underrettet med det samme om prisfald p\u00e5 Nothing Phone (2a) Plus &#8211; 5G smartphone &#8211; dual-SIM &#8211; RAM 12 GB \/ Intern hukommelse 256 GB &#8211; OLED-sk\u00e6rm &#8211; 6.7 &#8211; 2412 x 1084 pixels (120 Hz) &#8211; 2x bagkameraer 50 MP, 50 MP &#8211; front camera 32 MP &#8211; gr\u00e5, og f\u00e5 den billigste pris!<\/p>\n<p>&nbsp;<\/p>\n","protected":false},"excerpt":{"rendered":"<p>K\u00f8b billig Nothing Phone (2a) Plus &#8211; 5G smartphone &#8211; dual-SIM &#8211; RAM 12 GB \/ Intern hukommelse 256 GB &#8211; OLED-sk\u00e6rm &#8211; 6.7 &#8211; 2412 x 1084 pixels (120 Hz) &#8211; 2x bagkameraer 50 MP, 50 MP &#8211; front camera 32 MP &#8211; gr\u00e5! Sammenlign priser p\u00e5 Nothing Phone (2a) Plus &#8211; 5G smartphone [&hellip;]<\/p>\n","protected":false},"featured_media":999980000004491270,"template":"","meta":[],"store":[1272539],"product_brand":[1272552],"product_cat":[783873,783867,783866],"product_tag":[],"class_list":{"0":"post-449127","1":"product","2":"type-product","3":"status-publish","4":"has-post-thumbnail","6":"store-computersalg","7":"product_brand-nothing","8":"product_cat-alle-mobiltelefoner","9":"product_cat-mobiltelefoner","10":"product_cat-telefoni-gps","11":"pa_maerke-nothing","13":"first","14":"instock","15":"product-type-external"},"_links":{"self":[{"href":"https:\/\/www.pricetornado.com\/da\/wp-json\/wp\/v2\/product\/449127","targetHints":{"allow":["GET"]}}],"collection":[{"href":"https:\/\/www.pricetornado.com\/da\/wp-json\/wp\/v2\/product"}],"about":[{"href":"https:\/\/www.pricetornado.com\/da\/wp-json\/wp\/v2\/types\/product"}],"wp:featuredmedia":[{"embeddable":true,"href":"https:\/\/www.pricetornado.com\/da\/wp-json\/"}],"wp:attachment":[{"href":"https:\/\/www.pricetornado.com\/da\/wp-json\/wp\/v2\/media?parent=449127"}],"wp:term":[{"taxonomy":"store","embeddable":true,"href":"https:\/\/www.pricetornado.com\/da\/wp-json\/wp\/v2\/store?post=449127"},{"taxonomy":"product_brand","embeddable":true,"href":"https:\/\/www.pricetornado.com\/da\/wp-json\/wp\/v2\/product_brand?post=449127"},{"taxonomy":"product_cat","embeddable":true,"href":"https:\/\/www.pricetornado.com\/da\/wp-json\/wp\/v2\/product_cat?post=449127"},{"taxonomy":"product_tag","embeddable":true,"href":"https:\/\/www.pricetornado.com\/da\/wp-json\/wp\/v2\/product_tag?post=449127"}],"curies":[{"name":"wp","href":"https:\/\/api.w.org\/{rel}","templated":true}]}}