{"id":449122,"date":"2026-04-30T00:11:55","date_gmt":"2026-04-29T22:11:55","guid":{"rendered":"https:\/\/www.pricetornado.com\/da\/produkt\/nothing-cmf-phone-1-169-cm-6-67-8-gb-128-gb-50-mp-android-14-sort-2\/"},"modified":"2026-04-30T00:12:03","modified_gmt":"2026-04-29T22:12:03","slug":"nothing-cmf-phone-1-169-cm-6-67-8-gb-128-gb-50-mp-android-14-sort","status":"publish","type":"product","link":"https:\/\/www.pricetornado.com\/da\/produkt\/nothing-cmf-phone-1-169-cm-6-67-8-gb-128-gb-50-mp-android-14-sort\/","title":{"rendered":"Nothing CMF Phone 1, 16,9 cm (6.67), 8 GB, 128 GB, 50 MP, Android 14, Sort"},"content":{"rendered":"<p>K\u00f8b billig Nothing CMF Phone 1, 16,9 cm (6.67), 8 GB, 128 GB, 50 MP, Android 14, Sort!<\/p>\n<p>Sammenlign priser p\u00e5 Nothing CMF Phone 1, 16,9 cm (6.67), 8 GB, 128 GB, 50 MP, Android 14, Sort og k\u00f8b online til den billigste pris, samt p\u00e5 tilbud!\u00a0\u00a0Tjek den bedste pris, produkt beskrivelse, video, test, anmeldelser osv.<\/p>\n<p><strong>Brand: <\/strong>Nothing<br \/>\n<strong>EAN: <\/strong>6974434222861<br \/>\n<strong>Producentens varenr.:<\/strong> A10400108<\/p>\n<p><strong>P.S.<\/strong><br \/>\nTilmeld dig til &#8220;Opret Gratis Prisfald Alarm&#8221;, og bliv underrettet med det samme om prisfald p\u00e5 Nothing CMF Phone 1, 16,9 cm (6.67), 8 GB, 128 GB, 50 MP, Android 14, Sort, og f\u00e5 den billigste pris!<\/p>\n<p>&nbsp;<\/p>\n","protected":false},"excerpt":{"rendered":"<p>K\u00f8b billig Nothing CMF Phone 1, 16,9 cm (6.67), 8 GB, 128 GB, 50 MP, Android 14, Sort! Sammenlign priser p\u00e5 Nothing CMF Phone 1, 16,9 cm (6.67), 8 GB, 128 GB, 50 MP, Android 14, Sort og k\u00f8b online til den billigste pris, samt p\u00e5 tilbud!\u00a0\u00a0Tjek den bedste pris, produkt beskrivelse, video, test, anmeldelser [&hellip;]<\/p>\n","protected":false},"featured_media":999980000004491220,"template":"","meta":[],"store":[1272539],"product_brand":[1272552],"product_cat":[783870,783867,783866],"product_tag":[],"class_list":{"0":"post-449122","1":"product","2":"type-product","3":"status-publish","4":"has-post-thumbnail","6":"store-computersalg","7":"product_brand-nothing","8":"product_cat-android","9":"product_cat-mobiltelefoner","10":"product_cat-telefoni-gps","11":"pa_maerke-nothing","13":"first","14":"instock","15":"product-type-external"},"_links":{"self":[{"href":"https:\/\/www.pricetornado.com\/da\/wp-json\/wp\/v2\/product\/449122","targetHints":{"allow":["GET"]}}],"collection":[{"href":"https:\/\/www.pricetornado.com\/da\/wp-json\/wp\/v2\/product"}],"about":[{"href":"https:\/\/www.pricetornado.com\/da\/wp-json\/wp\/v2\/types\/product"}],"wp:featuredmedia":[{"embeddable":true,"href":"https:\/\/www.pricetornado.com\/da\/wp-json\/"}],"wp:attachment":[{"href":"https:\/\/www.pricetornado.com\/da\/wp-json\/wp\/v2\/media?parent=449122"}],"wp:term":[{"taxonomy":"store","embeddable":true,"href":"https:\/\/www.pricetornado.com\/da\/wp-json\/wp\/v2\/store?post=449122"},{"taxonomy":"product_brand","embeddable":true,"href":"https:\/\/www.pricetornado.com\/da\/wp-json\/wp\/v2\/product_brand?post=449122"},{"taxonomy":"product_cat","embeddable":true,"href":"https:\/\/www.pricetornado.com\/da\/wp-json\/wp\/v2\/product_cat?post=449122"},{"taxonomy":"product_tag","embeddable":true,"href":"https:\/\/www.pricetornado.com\/da\/wp-json\/wp\/v2\/product_tag?post=449122"}],"curies":[{"name":"wp","href":"https:\/\/api.w.org\/{rel}","templated":true}]}}