{"id":449116,"date":"2026-04-09T00:15:03","date_gmt":"2026-04-08T22:15:03","guid":{"rendered":"https:\/\/www.pricetornado.com\/da\/produkt\/samsung-galaxy-a17-lte-256gb-black-2\/"},"modified":"2026-04-18T01:20:14","modified_gmt":"2026-04-17T23:20:14","slug":"samsung-galaxy-a17-lte-256gb-black","status":"publish","type":"product","link":"https:\/\/www.pricetornado.com\/da\/produkt\/samsung-galaxy-a17-lte-256gb-black\/","title":{"rendered":"Samsung | Galaxy A17 LTE &#8211; 256GB &#8211; Black"},"content":{"rendered":"<p>K\u00f8b billig Samsung | Galaxy A17 LTE &#8211; 256GB &#8211; Black!<\/p>\n<p>Sammenlign priser p\u00e5 Samsung | Galaxy A17 LTE &#8211; 256GB &#8211; Black og k\u00f8b online til den billigste pris, samt p\u00e5 tilbud!\u00a0\u00a0Tjek den bedste pris, produkt beskrivelse, video, test, anmeldelser osv.<\/p>\n<p><strong>Brand: <\/strong>Samsung<br \/>\n<strong>EAN: <\/strong>8806097651178<br \/>\n<strong>Producentens varenr.:<\/strong> SM-A175FZKEEUB<\/p>\n<p><strong>P.S.<\/strong><br \/>\nTilmeld dig til &#8220;Opret Gratis Prisfald Alarm&#8221;, og bliv underrettet med det samme om prisfald p\u00e5 Samsung | Galaxy A17 LTE &#8211; 256GB &#8211; Black, og f\u00e5 den billigste pris!<\/p>\n<p>&nbsp;<\/p>\n","protected":false},"excerpt":{"rendered":"<p>K\u00f8b billig Samsung | Galaxy A17 LTE &#8211; 256GB &#8211; Black! Sammenlign priser p\u00e5 Samsung | Galaxy A17 LTE &#8211; 256GB &#8211; Black og k\u00f8b online til den billigste pris, samt p\u00e5 tilbud!\u00a0\u00a0Tjek den bedste pris, produkt beskrivelse, video, test, anmeldelser osv. Brand: Samsung EAN: 8806097651178 Producentens varenr.: SM-A175FZKEEUB P.S. Tilmeld dig til &#8220;Opret Gratis [&hellip;]<\/p>\n","protected":false},"featured_media":999980000004491160,"template":"","meta":[],"store":[1272539],"product_brand":[1272544],"product_cat":[783867,783869,783866],"product_tag":[],"class_list":{"0":"post-449116","1":"product","2":"type-product","3":"status-publish","4":"has-post-thumbnail","6":"store-computersalg","7":"product_brand-samsung","8":"product_cat-mobiltelefoner","9":"product_cat-samsung-galaxy","10":"product_cat-telefoni-gps","11":"pa_maerke-samsung","13":"first","14":"instock","15":"product-type-external"},"_links":{"self":[{"href":"https:\/\/www.pricetornado.com\/da\/wp-json\/wp\/v2\/product\/449116","targetHints":{"allow":["GET"]}}],"collection":[{"href":"https:\/\/www.pricetornado.com\/da\/wp-json\/wp\/v2\/product"}],"about":[{"href":"https:\/\/www.pricetornado.com\/da\/wp-json\/wp\/v2\/types\/product"}],"wp:featuredmedia":[{"embeddable":true,"href":"https:\/\/www.pricetornado.com\/da\/wp-json\/"}],"wp:attachment":[{"href":"https:\/\/www.pricetornado.com\/da\/wp-json\/wp\/v2\/media?parent=449116"}],"wp:term":[{"taxonomy":"store","embeddable":true,"href":"https:\/\/www.pricetornado.com\/da\/wp-json\/wp\/v2\/store?post=449116"},{"taxonomy":"product_brand","embeddable":true,"href":"https:\/\/www.pricetornado.com\/da\/wp-json\/wp\/v2\/product_brand?post=449116"},{"taxonomy":"product_cat","embeddable":true,"href":"https:\/\/www.pricetornado.com\/da\/wp-json\/wp\/v2\/product_cat?post=449116"},{"taxonomy":"product_tag","embeddable":true,"href":"https:\/\/www.pricetornado.com\/da\/wp-json\/wp\/v2\/product_tag?post=449116"}],"curies":[{"name":"wp","href":"https:\/\/api.w.org\/{rel}","templated":true}]}}