{"id":449067,"date":"2026-04-16T00:12:08","date_gmt":"2026-04-15T22:12:08","guid":{"rendered":"https:\/\/www.pricetornado.com\/da\/produkt\/xiaomi-redmi-15-4g-smartphone-dual-sim-ram-8-gb-intern-hukommelse-256-gb-microsd-slot-6-9-2340-x-1080-pixels-144-hz-2x-bagkameraer-50-mp-front-camera-8-mp-titan-graa-2\/"},"modified":"2026-04-17T00:20:16","modified_gmt":"2026-04-16T22:20:16","slug":"xiaomi-redmi-15-4g-smartphone-dual-sim-ram-8-gb-intern-hukommelse-256-gb-microsd-slot-6-9-2340-x-1080-pixels-144-hz-2x-bagkameraer-50-mp-front-camera-8-mp-titan-graa","status":"publish","type":"product","link":"https:\/\/www.pricetornado.com\/da\/produkt\/xiaomi-redmi-15-4g-smartphone-dual-sim-ram-8-gb-intern-hukommelse-256-gb-microsd-slot-6-9-2340-x-1080-pixels-144-hz-2x-bagkameraer-50-mp-front-camera-8-mp-titan-graa\/","title":{"rendered":"Xiaomi Redmi 15 &#8211; 4G smartphone &#8211; dual-SIM &#8211; RAM 8 GB \/ Intern hukommelse 256 GB &#8211; microSD slot &#8211; 6.9 &#8211; 2340 x 1080 pixels (144 Hz) &#8211; 2x bagkameraer 50 MP &#8211; front camera 8 MP &#8211; titan gr\u00e5"},"content":{"rendered":"<p>K\u00f8b billig Xiaomi Redmi 15 &#8211; 4G smartphone &#8211; dual-SIM &#8211; RAM 8 GB \/ Intern hukommelse 256 GB &#8211; microSD slot &#8211; 6.9 &#8211; 2340 x 1080 pixels (144 Hz) &#8211; 2x bagkameraer 50 MP &#8211; front camera 8 MP &#8211; titan gr\u00e5!<\/p>\n<p>Sammenlign priser p\u00e5 Xiaomi Redmi 15 &#8211; 4G smartphone &#8211; dual-SIM &#8211; RAM 8 GB \/ Intern hukommelse 256 GB &#8211; microSD slot &#8211; 6.9 &#8211; 2340 x 1080 pixels (144 Hz) &#8211; 2x bagkameraer 50 MP &#8211; front camera 8 MP &#8211; titan gr\u00e5 og k\u00f8b online til den billigste pris, samt p\u00e5 tilbud!\u00a0\u00a0Tjek den bedste pris, produkt beskrivelse, video, test, anmeldelser osv.<\/p>\n<p><strong>Brand: <\/strong>Xiaomi<br \/>\n<strong>EAN: <\/strong>6932554450021<br \/>\n<strong>Producentens varenr.:<\/strong> 68263<\/p>\n<p><strong>P.S.<\/strong><br \/>\nTilmeld dig til &#8220;Opret Gratis Prisfald Alarm&#8221;, og bliv underrettet med det samme om prisfald p\u00e5 Xiaomi Redmi 15 &#8211; 4G smartphone &#8211; dual-SIM &#8211; RAM 8 GB \/ Intern hukommelse 256 GB &#8211; microSD slot &#8211; 6.9 &#8211; 2340 x 1080 pixels (144 Hz) &#8211; 2x bagkameraer 50 MP &#8211; front camera 8 MP &#8211; titan gr\u00e5, og f\u00e5 den billigste pris!<\/p>\n<p>&nbsp;<\/p>\n","protected":false},"excerpt":{"rendered":"<p>K\u00f8b billig Xiaomi Redmi 15 &#8211; 4G smartphone &#8211; dual-SIM &#8211; RAM 8 GB \/ Intern hukommelse 256 GB &#8211; microSD slot &#8211; 6.9 &#8211; 2340 x 1080 pixels (144 Hz) &#8211; 2x bagkameraer 50 MP &#8211; front camera 8 MP &#8211; titan gr\u00e5! Sammenlign priser p\u00e5 Xiaomi Redmi 15 &#8211; 4G smartphone &#8211; dual-SIM [&hellip;]<\/p>\n","protected":false},"featured_media":999980000004490670,"template":"","meta":[],"store":[1272539],"product_brand":[1272542],"product_cat":[783873,783867,783866],"product_tag":[],"class_list":{"0":"post-449067","1":"product","2":"type-product","3":"status-publish","4":"has-post-thumbnail","6":"store-computersalg","7":"product_brand-xiaomi","8":"product_cat-alle-mobiltelefoner","9":"product_cat-mobiltelefoner","10":"product_cat-telefoni-gps","11":"pa_maerke-xiaomi","13":"first","14":"instock","15":"product-type-external"},"_links":{"self":[{"href":"https:\/\/www.pricetornado.com\/da\/wp-json\/wp\/v2\/product\/449067","targetHints":{"allow":["GET"]}}],"collection":[{"href":"https:\/\/www.pricetornado.com\/da\/wp-json\/wp\/v2\/product"}],"about":[{"href":"https:\/\/www.pricetornado.com\/da\/wp-json\/wp\/v2\/types\/product"}],"wp:featuredmedia":[{"embeddable":true,"href":"https:\/\/www.pricetornado.com\/da\/wp-json\/"}],"wp:attachment":[{"href":"https:\/\/www.pricetornado.com\/da\/wp-json\/wp\/v2\/media?parent=449067"}],"wp:term":[{"taxonomy":"store","embeddable":true,"href":"https:\/\/www.pricetornado.com\/da\/wp-json\/wp\/v2\/store?post=449067"},{"taxonomy":"product_brand","embeddable":true,"href":"https:\/\/www.pricetornado.com\/da\/wp-json\/wp\/v2\/product_brand?post=449067"},{"taxonomy":"product_cat","embeddable":true,"href":"https:\/\/www.pricetornado.com\/da\/wp-json\/wp\/v2\/product_cat?post=449067"},{"taxonomy":"product_tag","embeddable":true,"href":"https:\/\/www.pricetornado.com\/da\/wp-json\/wp\/v2\/product_tag?post=449067"}],"curies":[{"name":"wp","href":"https:\/\/api.w.org\/{rel}","templated":true}]}}