{"id":449018,"date":"2026-04-16T00:07:37","date_gmt":"2026-04-15T22:07:37","guid":{"rendered":"https:\/\/www.pricetornado.com\/da\/produkt\/motorola-edge-60-pro-5g-smartphone-dual-sim-ram-12-gb-intern-hukommelse-512-gb-poled-display-6-7-2712-x-1220-pixels-120-hz-3x-bagkamera-50-mp-50-mp-10-mp-front-camera-50-mp-pan-2\/"},"modified":"2026-04-18T00:20:08","modified_gmt":"2026-04-17T22:20:08","slug":"motorola-edge-60-pro-5g-smartphone-dual-sim-ram-12-gb-intern-hukommelse-512-gb-poled-display-6-7-2712-x-1220-pixels-120-hz-3x-bagkamera-50-mp-50-mp-10-mp-front-camera-50-mp-pan","status":"publish","type":"product","link":"https:\/\/www.pricetornado.com\/da\/produkt\/motorola-edge-60-pro-5g-smartphone-dual-sim-ram-12-gb-intern-hukommelse-512-gb-poled-display-6-7-2712-x-1220-pixels-120-hz-3x-bagkamera-50-mp-50-mp-10-mp-front-camera-50-mp-pan\/","title":{"rendered":"Motorola Edge 60 Pro &#8211; 5G smartphone &#8211; dual-SIM &#8211; RAM 12 GB \/ Intern hukommelse 512 GB &#8211; pOLED display &#8211; 6.7 &#8211; 2712 x 1220 pixels (120 Hz) &#8211; 3x bagkamera 50 MP, 50 MP, 10 MP &#8211; front camera 50 MP &#8211; pantone bl\u00e6ndende bl\u00e5"},"content":{"rendered":"<p>K\u00f8b billig Motorola Edge 60 Pro &#8211; 5G smartphone &#8211; dual-SIM &#8211; RAM 12 GB \/ Intern hukommelse 512 GB &#8211; pOLED display &#8211; 6.7 &#8211; 2712 x 1220 pixels (120 Hz) &#8211; 3x bagkamera 50 MP, 50 MP, 10 MP &#8211; front camera 50 MP &#8211; pantone bl\u00e6ndende bl\u00e5!<\/p>\n<p>Sammenlign priser p\u00e5 Motorola Edge 60 Pro &#8211; 5G smartphone &#8211; dual-SIM &#8211; RAM 12 GB \/ Intern hukommelse 512 GB &#8211; pOLED display &#8211; 6.7 &#8211; 2712 x 1220 pixels (120 Hz) &#8211; 3x bagkamera 50 MP, 50 MP, 10 MP &#8211; front camera 50 MP &#8211; pantone bl\u00e6ndende bl\u00e5 og k\u00f8b online til den billigste pris, samt p\u00e5 tilbud!\u00a0\u00a0Tjek den bedste pris, produkt beskrivelse, video, test, anmeldelser osv.<\/p>\n<p><strong>Brand: <\/strong>Motorola<br \/>\n<strong>EAN: <\/strong>0840023288876<br \/>\n<strong>Producentens varenr.:<\/strong> PB7X0007SE<\/p>\n<p><strong>P.S.<\/strong><br \/>\nTilmeld dig til &#8220;Opret Gratis Prisfald Alarm&#8221;, og bliv underrettet med det samme om prisfald p\u00e5 Motorola Edge 60 Pro &#8211; 5G smartphone &#8211; dual-SIM &#8211; RAM 12 GB \/ Intern hukommelse 512 GB &#8211; pOLED display &#8211; 6.7 &#8211; 2712 x 1220 pixels (120 Hz) &#8211; 3x bagkamera 50 MP, 50 MP, 10 MP &#8211; front camera 50 MP &#8211; pantone bl\u00e6ndende bl\u00e5, og f\u00e5 den billigste pris!<\/p>\n<p>&nbsp;<\/p>\n","protected":false},"excerpt":{"rendered":"<p>K\u00f8b billig Motorola Edge 60 Pro &#8211; 5G smartphone &#8211; dual-SIM &#8211; RAM 12 GB \/ Intern hukommelse 512 GB &#8211; pOLED display &#8211; 6.7 &#8211; 2712 x 1220 pixels (120 Hz) &#8211; 3x bagkamera 50 MP, 50 MP, 10 MP &#8211; front camera 50 MP &#8211; pantone bl\u00e6ndende bl\u00e5! Sammenlign priser p\u00e5 Motorola Edge [&hellip;]<\/p>\n","protected":false},"featured_media":999980000004490180,"template":"","meta":[],"store":[1272539],"product_brand":[1272545],"product_cat":[783873,783867,783866],"product_tag":[],"class_list":{"0":"post-449018","1":"product","2":"type-product","3":"status-publish","4":"has-post-thumbnail","6":"store-computersalg","7":"product_brand-motorola","8":"product_cat-alle-mobiltelefoner","9":"product_cat-mobiltelefoner","10":"product_cat-telefoni-gps","11":"pa_maerke-motorola","13":"first","14":"instock","15":"product-type-external"},"_links":{"self":[{"href":"https:\/\/www.pricetornado.com\/da\/wp-json\/wp\/v2\/product\/449018","targetHints":{"allow":["GET"]}}],"collection":[{"href":"https:\/\/www.pricetornado.com\/da\/wp-json\/wp\/v2\/product"}],"about":[{"href":"https:\/\/www.pricetornado.com\/da\/wp-json\/wp\/v2\/types\/product"}],"wp:featuredmedia":[{"embeddable":true,"href":"https:\/\/www.pricetornado.com\/da\/wp-json\/"}],"wp:attachment":[{"href":"https:\/\/www.pricetornado.com\/da\/wp-json\/wp\/v2\/media?parent=449018"}],"wp:term":[{"taxonomy":"store","embeddable":true,"href":"https:\/\/www.pricetornado.com\/da\/wp-json\/wp\/v2\/store?post=449018"},{"taxonomy":"product_brand","embeddable":true,"href":"https:\/\/www.pricetornado.com\/da\/wp-json\/wp\/v2\/product_brand?post=449018"},{"taxonomy":"product_cat","embeddable":true,"href":"https:\/\/www.pricetornado.com\/da\/wp-json\/wp\/v2\/product_cat?post=449018"},{"taxonomy":"product_tag","embeddable":true,"href":"https:\/\/www.pricetornado.com\/da\/wp-json\/wp\/v2\/product_tag?post=449018"}],"curies":[{"name":"wp","href":"https:\/\/api.w.org\/{rel}","templated":true}]}}