{"id":448975,"date":"2025-02-21T09:52:49","date_gmt":"2025-02-21T08:52:49","guid":{"rendered":"https:\/\/www.pricetornado.com\/da\/produkt\/lenco-smart-clockradio-med-wake-up-light-multi-colour-crw-110wh-2\/"},"modified":"2026-04-18T06:00:23","modified_gmt":"2026-04-18T04:00:23","slug":"lenco-smart-clockradio-med-wake-up-light-multi-colour-crw-110wh-2","status":"publish","type":"product","link":"https:\/\/www.pricetornado.com\/da\/produkt\/lenco-smart-clockradio-med-wake-up-light-multi-colour-crw-110wh-2\/","title":{"rendered":"Lenco &#8211; Smart clockradio med wake up light Multi colour &#8211; CRW-110WH"},"content":{"rendered":"<p>K\u00f8b billig Lenco &#8211; Smart clockradio med wake up light Multi colour &#8211; CRW-110WH!<br \/>\nLenco CRW-110WH er et smart lysv\u00e6kkeur, der hj\u00e6lper dig med at falde i s\u00f8vn og v\u00e5gne op p\u00e5 en naturlig og afslappet m\u00e5de. Uret simulerer solnedgang om aftenen og solopgang om morgenen, hvor b\u00e5de lysintensiteten og farverne justeres gradvist for at give dig en blid opv\u00e5gning og et roligt sengetidspunkt. Lysstyrken kan tilpasses i 30 trin, og du kan v\u00e6lge mellem syv farver, som fylder dit sovev\u00e6relse med stemningsfuldt lys.Med dobbelte alarmfunktioner kan b\u00e5de du og din partner indstille hver jeres v\u00e6kketid. Snooze-funktionen giver mulighed for at uds\u00e6tte alarmen, s\u00e5 du kan v\u00e5gne stille og roligt. Du har fleksible muligheder for at blive v\u00e6kket, herunder:Sleep-timeren lader dig falde i s\u00f8vn til radioen, som selv slukker efter en forudbestemt tid. Disse muligheder sikrer, at du f\u00e5r en god, tilpasset start og afslutning p\u00e5 dagen.V\u00e6kkeuret tilsluttes nemt til Wi-Fi og kan styres via Tuya Smart-appen eller Smart Life-appen, s\u00e5 du kan justere v\u00e6kningstidspunkt, solopgangens varighed, lysintensitet og lydstyrke direkte fra din smartphone. Du kan ogs\u00e5 benytte stemmeassistenter som Amazon Alexa og Google Assistant for nem h\u00e5ndtering af dine indstillinger. Desuden er der Bluetooth-tilkobling for yderligere fleksibilitet i brugen.Lavet af let plast og med en v\u00e6gt p\u00e5 blot 430\u2013490 gram, er v\u00e6kkeuret nemt at flytte rundt og passer ideelt p\u00e5 sengebordet med de kompakte m\u00e5l p\u00e5 170 x 110 x 180 mm. Det har en 0,8\u201d LCD-sk\u00e6rm med justerbar lysstyrke, integreret 1W mono h\u00f8jttaler, AUX-indgang samt en USB-port til opladning af dine enheder.En indbygget CR2032 batteri-backup s\u00f8rger for, at klokkesl\u00e6ttet opretholdes, hvis der skulle opst\u00e5 str\u00f8mafbrydelse, hvilket forbedrer p\u00e5lideligheden v\u00e6sentligt.Den indbyggede LED-belysning har en levetid p\u00e5 op til 50.000 timer, hvilket g\u00f8r v\u00e6kkeuret b\u00e5de holdbart og energieffektivt med et maksimalt str\u00f8mforbrug p\u00e5 kun 10W og kun 0,09W i standby-tilstand.Lenco CRW-110WH kombinerer intuitivt design, moderne teknologi og nem betjening for at give dig en bedre s\u00f8vn og en behagelig opv\u00e5gning \u2013 hver dag.<\/p>\n<p>Sammenlign priser p\u00e5 Lenco &#8211; Smart clockradio med wake up light Multi colour &#8211; CRW-110WH og k\u00f8b online til den billigste pris, samt p\u00e5 tilbud!\u00a0\u00a0Tjek den bedste pris, produkt beskrivelse, video, test, anmeldelser osv.<\/p>\n<p><strong>Brand: <\/strong>Lenco<br \/>\n<strong>EAN: <\/strong>8711902065340<br \/>\n<strong>Producentens varenr.:<\/strong> 8711902065340<\/p>\n<p><strong>P.S.<\/strong><br \/>\nTilmeld dig til &#8220;Opret Gratis Prisfald Alarm&#8221;, og bliv underrettet med det samme om prisfald p\u00e5 Lenco &#8211; Smart clockradio med wake up light Multi colour &#8211; CRW-110WH, og f\u00e5 den billigste pris!<\/p>\n<p>&nbsp;<\/p>\n<p>&nbsp;<\/p>\n","protected":false},"excerpt":{"rendered":"<p>K\u00f8b billig Lenco &#8211; Smart clockradio med wake up light Multi colour &#8211; CRW-110WH! Lenco CRW-110WH er et smart lysv\u00e6kkeur, der hj\u00e6lper dig med at falde i s\u00f8vn og v\u00e5gne op p\u00e5 en naturlig og afslappet m\u00e5de. Uret simulerer solnedgang om aftenen og solopgang om morgenen, hvor b\u00e5de lysintensiteten og farverne justeres gradvist for at [&hellip;]<\/p>\n","protected":false},"featured_media":999980000004489750,"template":"","meta":[],"store":[1272516],"product_brand":[1272526],"product_cat":[1272454],"product_tag":[1275188,1272874],"class_list":{"0":"post-448975","1":"product","2":"type-product","3":"status-publish","4":"has-post-thumbnail","6":"store-butik24","7":"product_brand-lenco","8":"product_cat-ure","9":"product_tag-lenco","10":"product_tag-ure","11":"pa_maerke-lenco","13":"first","14":"instock","15":"product-type-external"},"_links":{"self":[{"href":"https:\/\/www.pricetornado.com\/da\/wp-json\/wp\/v2\/product\/448975","targetHints":{"allow":["GET"]}}],"collection":[{"href":"https:\/\/www.pricetornado.com\/da\/wp-json\/wp\/v2\/product"}],"about":[{"href":"https:\/\/www.pricetornado.com\/da\/wp-json\/wp\/v2\/types\/product"}],"wp:featuredmedia":[{"embeddable":true,"href":"https:\/\/www.pricetornado.com\/da\/wp-json\/"}],"wp:attachment":[{"href":"https:\/\/www.pricetornado.com\/da\/wp-json\/wp\/v2\/media?parent=448975"}],"wp:term":[{"taxonomy":"store","embeddable":true,"href":"https:\/\/www.pricetornado.com\/da\/wp-json\/wp\/v2\/store?post=448975"},{"taxonomy":"product_brand","embeddable":true,"href":"https:\/\/www.pricetornado.com\/da\/wp-json\/wp\/v2\/product_brand?post=448975"},{"taxonomy":"product_cat","embeddable":true,"href":"https:\/\/www.pricetornado.com\/da\/wp-json\/wp\/v2\/product_cat?post=448975"},{"taxonomy":"product_tag","embeddable":true,"href":"https:\/\/www.pricetornado.com\/da\/wp-json\/wp\/v2\/product_tag?post=448975"}],"curies":[{"name":"wp","href":"https:\/\/api.w.org\/{rel}","templated":true}]}}