{"id":448919,"date":"2025-02-21T23:03:37","date_gmt":"2025-02-21T22:03:37","guid":{"rendered":"https:\/\/www.pricetornado.com\/da\/produkt\/philips-all-in-one-trimmer-series-7000-mg7940-15\/"},"modified":"2026-04-17T07:40:34","modified_gmt":"2026-04-17T05:40:34","slug":"philips-all-in-one-trimmer-series-7000-mg7940-15","status":"publish","type":"product","link":"https:\/\/www.pricetornado.com\/da\/produkt\/philips-all-in-one-trimmer-series-7000-mg7940-15\/","title":{"rendered":"Philips All-in-One Trimmer Series 7000 &#8211; MG7940\/15"},"content":{"rendered":"<p>K\u00f8b billig Philips All-in-One Trimmer Series 7000 &#8211; MG7940\/15!<br \/>\nF\u00e5 fuld kontrol over dit look med denne alsidige 15-i-1 multitrimmer, der giver dig professionelle stylingmuligheder til b\u00e5de ansigt, h\u00e5r og krop. Med 15 kvalitetsv\u00e6rkt\u00f8jer inkluderet kan du nemt skifte mellem pr\u00e6cisionstrimning, h\u00e5rklipning og kropspleje for et perfekt resultat \u2013 hver gang.Oplev ensartet og pr\u00e6cis trimning med den patenterede pr\u00e6cisionstrimmerkam, der tilbyder 11 l\u00e6ngdeindstillinger fra 1 til 3 mm. Derudover f\u00e5r du justerbare kamme til b\u00e5de sk\u00e6g og h\u00e5r, med op til 22 l\u00e6ngdeindstillinger (0,5-16 mm i 0,2 mm intervaller), hvilket g\u00f8r det nemt at opn\u00e5 din ideelle stil. Den avancerede BeardSense-teknologi scanner dit sk\u00e6gs t\u00e6thed 125 gange i sekundet og tilpasser automatisk effekten, s\u00e5 du altid f\u00e5r et behageligt og effektivt resultat, selv i de t\u00e6tteste omr\u00e5der.De selvslibende knive i rustfrit st\u00e5l forbliver skarpe og effektive \u00e5r efter \u00e5r uden behov for olie. Trimmeren er fuldst\u00e6ndig vedligeholdelsesfri \u2013 du slipper for at sm\u00f8re knivene og kan stole p\u00e5 langvarig ydeevne. Den har ogs\u00e5 et lavt str\u00f8mforbrug p\u00e5 kun 5 watt.Den kraftfulde lithium-ion batteri giver op til 120 minutters tr\u00e5dl\u00f8s drift p\u00e5 \u00e9n opladning og kan fuldt oplades p\u00e5 60 minutter. Har du travlt, kan du bruge 5-minutters lynopladningsfunktionen for hurtig brug. Opladeren bruger USB-A for maksimal fleksibilitet, og du f\u00e5r batteriindikator for lav, fuld og under opladning.Multitrimmeren er helt vandt\u00e6t og kan anvendes b\u00e5de v\u00e5dt og t\u00f8rt \u2013 endda under bruseren. Det ergonomiske gummigreb sikrer optimalt greb og komfort under brug. Body shaveren har indbygget hudbeskytter for sikker, t\u00e6t og sk\u00e5nsom barbering ned til 0,5 mm. Alle dele kan nemt reng\u00f8res under rindende vand.Opn\u00e5 pr\u00e6cision, komfort og fleksibilitet i din daglige groomingrutine med denne avancerede multitrimmer \u2013 bestil din 15-i-1 trimmer i dag.<\/p>\n<p>Sammenlign priser p\u00e5 Philips All-in-One Trimmer Series 7000 &#8211; MG7940\/15 og k\u00f8b online til den billigste pris, samt p\u00e5 tilbud!\u00a0\u00a0Tjek den bedste pris, produkt beskrivelse, video, test, anmeldelser osv.<\/p>\n<p><strong>Brand: <\/strong>Philips<br \/>\n<strong>EAN: <\/strong>8720689002264<br \/>\n<strong>Producentens varenr.:<\/strong> 8720689002264<\/p>\n<p><strong>P.S.<\/strong><br \/>\nTilmeld dig til &#8220;Opret Gratis Prisfald Alarm&#8221;, og bliv underrettet med det samme om prisfald p\u00e5 Philips All-in-One Trimmer Series 7000 &#8211; MG7940\/15, og f\u00e5 den billigste pris!<\/p>\n<p>&nbsp;<\/p>\n<p>&nbsp;<\/p>\n","protected":false},"excerpt":{"rendered":"<p>K\u00f8b billig Philips All-in-One Trimmer Series 7000 &#8211; MG7940\/15! F\u00e5 fuld kontrol over dit look med denne alsidige 15-i-1 multitrimmer, der giver dig professionelle stylingmuligheder til b\u00e5de ansigt, h\u00e5r og krop. Med 15 kvalitetsv\u00e6rkt\u00f8jer inkluderet kan du nemt skifte mellem pr\u00e6cisionstrimning, h\u00e5rklipning og kropspleje for et perfekt resultat \u2013 hver gang.Oplev ensartet og pr\u00e6cis trimning [&hellip;]<\/p>\n","protected":false},"featured_media":999980000004489190,"template":"","meta":[],"store":[1272516],"product_brand":[1272519],"product_cat":[1275204],"product_tag":[1275180,1275205],"class_list":{"0":"post-448919","1":"product","2":"type-product","3":"status-publish","4":"has-post-thumbnail","6":"store-butik24","7":"product_brand-philips","8":"product_cat-skaegtrimmer","9":"product_tag-philips","10":"product_tag-skaegtrimmer","11":"pa_maerke-philips","13":"first","14":"instock","15":"product-type-external"},"_links":{"self":[{"href":"https:\/\/www.pricetornado.com\/da\/wp-json\/wp\/v2\/product\/448919","targetHints":{"allow":["GET"]}}],"collection":[{"href":"https:\/\/www.pricetornado.com\/da\/wp-json\/wp\/v2\/product"}],"about":[{"href":"https:\/\/www.pricetornado.com\/da\/wp-json\/wp\/v2\/types\/product"}],"wp:featuredmedia":[{"embeddable":true,"href":"https:\/\/www.pricetornado.com\/da\/wp-json\/"}],"wp:attachment":[{"href":"https:\/\/www.pricetornado.com\/da\/wp-json\/wp\/v2\/media?parent=448919"}],"wp:term":[{"taxonomy":"store","embeddable":true,"href":"https:\/\/www.pricetornado.com\/da\/wp-json\/wp\/v2\/store?post=448919"},{"taxonomy":"product_brand","embeddable":true,"href":"https:\/\/www.pricetornado.com\/da\/wp-json\/wp\/v2\/product_brand?post=448919"},{"taxonomy":"product_cat","embeddable":true,"href":"https:\/\/www.pricetornado.com\/da\/wp-json\/wp\/v2\/product_cat?post=448919"},{"taxonomy":"product_tag","embeddable":true,"href":"https:\/\/www.pricetornado.com\/da\/wp-json\/wp\/v2\/product_tag?post=448919"}],"curies":[{"name":"wp","href":"https:\/\/api.w.org\/{rel}","templated":true}]}}