{"id":448917,"date":"2025-02-26T23:42:39","date_gmt":"2025-02-26T22:42:39","guid":{"rendered":"https:\/\/www.pricetornado.com\/da\/produkt\/imperial-blutc-tws-hovedtelefoner-hp-1-hvid-22-9035-20\/"},"modified":"2026-04-30T03:40:21","modified_gmt":"2026-04-30T01:40:21","slug":"imperial-blutc-tws-hovedtelefoner-hp-1-hvid-22-9035-20","status":"publish","type":"product","link":"https:\/\/www.pricetornado.com\/da\/produkt\/imperial-blutc-tws-hovedtelefoner-hp-1-hvid-22-9035-20\/","title":{"rendered":"Imperial &#8211; bluTC TWS Hovedtelefoner HP 1 Hvid &#8211; 22-9035-20"},"content":{"rendered":"<p>K\u00f8b billig Imperial &#8211; bluTC TWS Hovedtelefoner HP 1 Hvid &#8211; 22-9035-20!<br \/>\nTWS-hovedtelefoner med bluetooth 5.2 og lang batterilevetidOplev musikken, n\u00e5r den er bedst, med vores tr\u00e5dl\u00f8se TWS-hovedtelefoner. Bluetooth 5.2 sikrer en stabil og tr\u00e5dl\u00f8s forbindelse, s\u00e5 du kan nyde friheden ved at bev\u00e6ge dig uden ledninger. Det kompakte og lette in-ear design g\u00f8r det nemt at tage dem med overalt, mens den lange batterilevetid og hurtige opladning betyder, at du kan lytte til din yndlingsmusik i mange timer ad gangen.Med touch control f\u00e5r du ubesv\u00e6ret betjening og kan nemt styre musikafspilning eller besvare opkald direkte p\u00e5 hovedtelefonerne. Underst\u00f8ttelse af h\u00e5ndfri opkald g\u00f8r det endnu nemmere at tale i telefon uden at skulle tage mobilen op af lommen.Vores TWS-hovedtelefoner leveres i FSC-certificeret emballage, s\u00e5 du v\u00e6lger et milj\u00f8venligt produkt, der st\u00f8tter ansvarligt skovbrug og b\u00e6redygtighed.Bluetooth 5.2 for tr\u00e5dl\u00f8s frihed og stabil lydforbindelseV\u00e6lg komfort, funktionalitet og ansvarlighed med disse TWS-hovedtelefoner \u2013 den ideelle l\u00f8sning til tr\u00e5dl\u00f8s musik p\u00e5 farten.<\/p>\n<p>Sammenlign priser p\u00e5 Imperial &#8211; bluTC TWS Hovedtelefoner HP 1 Hvid &#8211; 22-9035-20 og k\u00f8b online til den billigste pris, samt p\u00e5 tilbud!\u00a0\u00a0Tjek den bedste pris, produkt beskrivelse, video, test, anmeldelser osv.<\/p>\n<p><strong>Brand: <\/strong>Imperial<br \/>\n<strong>EAN: <\/strong>4024035035208<br \/>\n<strong>Producentens varenr.:<\/strong> 4024035035208<\/p>\n<p><strong>P.S.<\/strong><br \/>\nTilmeld dig til &#8220;Opret Gratis Prisfald Alarm&#8221;, og bliv underrettet med det samme om prisfald p\u00e5 Imperial &#8211; bluTC TWS Hovedtelefoner HP 1 Hvid &#8211; 22-9035-20, og f\u00e5 den billigste pris!<\/p>\n<p>&nbsp;<\/p>\n<p>&nbsp;<\/p>\n","protected":false},"excerpt":{"rendered":"<p>K\u00f8b billig Imperial &#8211; bluTC TWS Hovedtelefoner HP 1 Hvid &#8211; 22-9035-20! TWS-hovedtelefoner med bluetooth 5.2 og lang batterilevetidOplev musikken, n\u00e5r den er bedst, med vores tr\u00e5dl\u00f8se TWS-hovedtelefoner. Bluetooth 5.2 sikrer en stabil og tr\u00e5dl\u00f8s forbindelse, s\u00e5 du kan nyde friheden ved at bev\u00e6ge dig uden ledninger. Det kompakte og lette in-ear design g\u00f8r det [&hellip;]<\/p>\n","protected":false},"featured_media":999980000004489170,"template":"","meta":[],"store":[1272516],"product_brand":[1272525],"product_cat":[1272434],"product_tag":[1272843,1275182],"class_list":{"0":"post-448917","1":"product","2":"type-product","3":"status-publish","4":"has-post-thumbnail","6":"store-butik24","7":"product_brand-imperial","8":"product_cat-hovedtelefoner","9":"product_tag-hovedtelefoner","10":"product_tag-imperial","11":"pa_maerke-imperial","13":"first","14":"instock","15":"product-type-external"},"_links":{"self":[{"href":"https:\/\/www.pricetornado.com\/da\/wp-json\/wp\/v2\/product\/448917","targetHints":{"allow":["GET"]}}],"collection":[{"href":"https:\/\/www.pricetornado.com\/da\/wp-json\/wp\/v2\/product"}],"about":[{"href":"https:\/\/www.pricetornado.com\/da\/wp-json\/wp\/v2\/types\/product"}],"wp:featuredmedia":[{"embeddable":true,"href":"https:\/\/www.pricetornado.com\/da\/wp-json\/"}],"wp:attachment":[{"href":"https:\/\/www.pricetornado.com\/da\/wp-json\/wp\/v2\/media?parent=448917"}],"wp:term":[{"taxonomy":"store","embeddable":true,"href":"https:\/\/www.pricetornado.com\/da\/wp-json\/wp\/v2\/store?post=448917"},{"taxonomy":"product_brand","embeddable":true,"href":"https:\/\/www.pricetornado.com\/da\/wp-json\/wp\/v2\/product_brand?post=448917"},{"taxonomy":"product_cat","embeddable":true,"href":"https:\/\/www.pricetornado.com\/da\/wp-json\/wp\/v2\/product_cat?post=448917"},{"taxonomy":"product_tag","embeddable":true,"href":"https:\/\/www.pricetornado.com\/da\/wp-json\/wp\/v2\/product_tag?post=448917"}],"curies":[{"name":"wp","href":"https:\/\/api.w.org\/{rel}","templated":true}]}}