{"id":448916,"date":"2025-02-22T05:52:38","date_gmt":"2025-02-22T04:52:38","guid":{"rendered":"https:\/\/www.pricetornado.com\/da\/produkt\/philips-avent-sterilisator-scf293-00\/"},"modified":"2026-04-20T07:30:44","modified_gmt":"2026-04-20T05:30:44","slug":"philips-avent-sterilisator-scf293-00","status":"publish","type":"product","link":"https:\/\/www.pricetornado.com\/da\/produkt\/philips-avent-sterilisator-scf293-00\/","title":{"rendered":"Philips Avent Sterilisator &#8211; SCF293\/00"},"content":{"rendered":"<p>K\u00f8b billig Philips Avent Sterilisator &#8211; SCF293\/00!<br \/>\nPhilips Avent sterilisator og t\u00f8rremaskine giver dig en effektiv og kemikaliefri l\u00f8sning til at dr\u00e6be 99,9% af bakterier p\u00e5 sutteflasker og tilbeh\u00f8r. Med en kombination af ren damp og HEPA-filtreret luft sikres grundig sterilisering og t\u00f8rring p\u00e5 blot 40 minutter, hvorefter apparatet automatisk slukker for energieffektivitet og ekstra sikkerhed.V\u00e6lg mellem auto mode, hvor b\u00e5de sterilisering og t\u00f8rring er f\u00e6rdig p\u00e5 40 minutter, og sterilize mode, der anvender ren damp til at sterilisere p\u00e5 kun 10 minutter. Efter t\u00f8rring med filtreret luft forbliver dit udstyr rent og klar til brug, mens den integrerede drypbakke beskytter varmepladen mod m\u00e6lkedr\u00e5ber og reducerer ubehagelig lugt.Med dimensioner p\u00e5 304 x 191 x 378 mm fylder sterilisatoren minimalt, men rummer op til seks Philips Avent flasker samt tilbeh\u00f8r som sutter, manuelle brystpumper og flaskesutter. Sterilisatoren er fremstillet i holdbar, let reng\u00f8rlig plast (PP), og du f\u00e5r en praktisk tang med for nem h\u00e5ndtering af det steriliserede udstyr.Steriliseringen er 100% kemikaliefri og eliminerer effektivt 99,9% af alle bakterier. N\u00e5r l\u00e5get holdes lukket efter cyklussen, forbliver indholdet sterilt i op til 24 timer. Den automatiske slukfunktion sikrer lavt standby-forbrug p\u00e5 under 0,3 W, og produktet er klassificeret som sikkerhedsklasse 1.Nem at samle og reng\u00f8re, inkl. tangG\u00f8r flaskeplejen enkel og bekymringsfri med Philips Avent sterilisator \u2013 det hygiejniske valg til hurtig og sikker reng\u00f8ring og t\u00f8rring af alle dine babys flasker og tilbeh\u00f8r.<\/p>\n<p>Sammenlign priser p\u00e5 Philips Avent Sterilisator &#8211; SCF293\/00 og k\u00f8b online til den billigste pris, samt p\u00e5 tilbud!\u00a0\u00a0Tjek den bedste pris, produkt beskrivelse, video, test, anmeldelser osv.<\/p>\n<p><strong>Brand: <\/strong>Philips<br \/>\n<strong>EAN: <\/strong>8710103941620<br \/>\n<strong>Producentens varenr.:<\/strong> 8710103941620<\/p>\n<p><strong>P.S.<\/strong><br \/>\nTilmeld dig til &#8220;Opret Gratis Prisfald Alarm&#8221;, og bliv underrettet med det samme om prisfald p\u00e5 Philips Avent Sterilisator &#8211; SCF293\/00, og f\u00e5 den billigste pris!<\/p>\n<p>&nbsp;<\/p>\n<p>&nbsp;<\/p>\n","protected":false},"excerpt":{"rendered":"<p>K\u00f8b billig Philips Avent Sterilisator &#8211; SCF293\/00! Philips Avent sterilisator og t\u00f8rremaskine giver dig en effektiv og kemikaliefri l\u00f8sning til at dr\u00e6be 99,9% af bakterier p\u00e5 sutteflasker og tilbeh\u00f8r. Med en kombination af ren damp og HEPA-filtreret luft sikres grundig sterilisering og t\u00f8rring p\u00e5 blot 40 minutter, hvorefter apparatet automatisk slukker for energieffektivitet og ekstra [&hellip;]<\/p>\n","protected":false},"featured_media":999980000004489160,"template":"","meta":[],"store":[1272516],"product_brand":[1272519],"product_cat":[1272510],"product_tag":[1272728,1275180],"class_list":{"0":"post-448916","1":"product","2":"type-product","3":"status-publish","4":"has-post-thumbnail","6":"store-butik24","7":"product_brand-philips","8":"product_cat-babypleje","9":"product_tag-babypleje","10":"product_tag-philips","11":"pa_maerke-philips","13":"first","14":"instock","15":"product-type-external"},"_links":{"self":[{"href":"https:\/\/www.pricetornado.com\/da\/wp-json\/wp\/v2\/product\/448916","targetHints":{"allow":["GET"]}}],"collection":[{"href":"https:\/\/www.pricetornado.com\/da\/wp-json\/wp\/v2\/product"}],"about":[{"href":"https:\/\/www.pricetornado.com\/da\/wp-json\/wp\/v2\/types\/product"}],"wp:featuredmedia":[{"embeddable":true,"href":"https:\/\/www.pricetornado.com\/da\/wp-json\/"}],"wp:attachment":[{"href":"https:\/\/www.pricetornado.com\/da\/wp-json\/wp\/v2\/media?parent=448916"}],"wp:term":[{"taxonomy":"store","embeddable":true,"href":"https:\/\/www.pricetornado.com\/da\/wp-json\/wp\/v2\/store?post=448916"},{"taxonomy":"product_brand","embeddable":true,"href":"https:\/\/www.pricetornado.com\/da\/wp-json\/wp\/v2\/product_brand?post=448916"},{"taxonomy":"product_cat","embeddable":true,"href":"https:\/\/www.pricetornado.com\/da\/wp-json\/wp\/v2\/product_cat?post=448916"},{"taxonomy":"product_tag","embeddable":true,"href":"https:\/\/www.pricetornado.com\/da\/wp-json\/wp\/v2\/product_tag?post=448916"}],"curies":[{"name":"wp","href":"https:\/\/api.w.org\/{rel}","templated":true}]}}