{"id":448911,"date":"2025-02-25T17:02:25","date_gmt":"2025-02-25T16:02:25","guid":{"rendered":"https:\/\/www.pricetornado.com\/da\/produkt\/philips-lr6p4b-10-power-alkaline-aa-4-stk-batteri\/"},"modified":"2026-04-17T05:30:09","modified_gmt":"2026-04-17T03:30:09","slug":"philips-lr6p4b-10-power-alkaline-aa-4-stk-batteri","status":"publish","type":"product","link":"https:\/\/www.pricetornado.com\/da\/produkt\/philips-lr6p4b-10-power-alkaline-aa-4-stk-batteri\/","title":{"rendered":"Philips LR6P4B\/10 Power Alkaline AA 4-stk Batteri"},"content":{"rendered":"<p>K\u00f8b billig Philips LR6P4B\/10 Power Alkaline AA 4-stk Batteri!<br \/>\nPhilips Power Alkaline AA-batterier er designet til at levere stabil og langvarig str\u00f8m til elektroniske apparater med h\u00f8jt energiforbrug s\u00e5som elektronisk leget\u00f8j og b\u00e6rbare lydafspillere. Med disse batterier holder dine enheder sig k\u00f8rende l\u00e6ngere, s\u00e5 du undg\u00e5r hyppige batteriskift.Batterierne giver op til 109 % mere kraft end standard AA-batterier og er derfor ideelle til str\u00f8mkr\u00e6vende enheder. Den avancerede alkaline-teknologi sikrer en stabil sp\u00e6ndingsudgang, hvilket giver p\u00e5lidelig ydeevne i alle situationer. Derudover har batterierne en holdbarhed p\u00e5 op til 10 \u00e5r og bevarer mindst 80 % af deres oprindelige energi ved korrekt opbevaring.Philips Power Alkaline-batterier er fri for tungmetaller som cadmium, kviks\u00f8lv og bly, hvilket g\u00f8r dem til et sikkert og milj\u00f8venligt valg ved bortskaffelse. Emballagen best\u00e5r af robust karton og PET blister, som beskytter batterierne under transport og opbevaring.V\u00e6lg Philips Power Alkaline AA-batterier for optimal ydeevne, lang levetid og omtanke for milj\u00f8et i alle dine str\u00f8mkr\u00e6vende apparater. produkter for flere innovative l\u00f8sninger.<\/p>\n<p>Sammenlign priser p\u00e5 Philips LR6P4B\/10 Power Alkaline AA 4-stk Batteri og k\u00f8b online til den billigste pris, samt p\u00e5 tilbud!\u00a0\u00a0Tjek den bedste pris, produkt beskrivelse, video, test, anmeldelser osv.<\/p>\n<p><strong>Brand: <\/strong>Philips<br \/>\n<strong>EAN: <\/strong>8712581549909<br \/>\n<strong>Producentens varenr.:<\/strong> 8712581549909<\/p>\n<p><strong>P.S.<\/strong><br \/>\nTilmeld dig til &#8220;Opret Gratis Prisfald Alarm&#8221;, og bliv underrettet med det samme om prisfald p\u00e5 Philips LR6P4B\/10 Power Alkaline AA 4-stk Batteri, og f\u00e5 den billigste pris!<\/p>\n<p>&nbsp;<\/p>\n<p>&nbsp;<\/p>\n","protected":false},"excerpt":{"rendered":"<p>K\u00f8b billig Philips LR6P4B\/10 Power Alkaline AA 4-stk Batteri! Philips Power Alkaline AA-batterier er designet til at levere stabil og langvarig str\u00f8m til elektroniske apparater med h\u00f8jt energiforbrug s\u00e5som elektronisk leget\u00f8j og b\u00e6rbare lydafspillere. Med disse batterier holder dine enheder sig k\u00f8rende l\u00e6ngere, s\u00e5 du undg\u00e5r hyppige batteriskift.Batterierne giver op til 109 % mere kraft [&hellip;]<\/p>\n","protected":false},"featured_media":999980000004489110,"template":"","meta":[],"store":[1272516],"product_brand":[1272519],"product_cat":[1272435],"product_tag":[1272701,1275180],"class_list":{"0":"post-448911","1":"product","2":"type-product","3":"status-publish","4":"has-post-thumbnail","6":"store-butik24","7":"product_brand-philips","8":"product_cat-batteri","9":"product_tag-batteri","10":"product_tag-philips","11":"pa_maerke-philips","13":"first","14":"instock","15":"product-type-external"},"_links":{"self":[{"href":"https:\/\/www.pricetornado.com\/da\/wp-json\/wp\/v2\/product\/448911","targetHints":{"allow":["GET"]}}],"collection":[{"href":"https:\/\/www.pricetornado.com\/da\/wp-json\/wp\/v2\/product"}],"about":[{"href":"https:\/\/www.pricetornado.com\/da\/wp-json\/wp\/v2\/types\/product"}],"wp:featuredmedia":[{"embeddable":true,"href":"https:\/\/www.pricetornado.com\/da\/wp-json\/"}],"wp:attachment":[{"href":"https:\/\/www.pricetornado.com\/da\/wp-json\/wp\/v2\/media?parent=448911"}],"wp:term":[{"taxonomy":"store","embeddable":true,"href":"https:\/\/www.pricetornado.com\/da\/wp-json\/wp\/v2\/store?post=448911"},{"taxonomy":"product_brand","embeddable":true,"href":"https:\/\/www.pricetornado.com\/da\/wp-json\/wp\/v2\/product_brand?post=448911"},{"taxonomy":"product_cat","embeddable":true,"href":"https:\/\/www.pricetornado.com\/da\/wp-json\/wp\/v2\/product_cat?post=448911"},{"taxonomy":"product_tag","embeddable":true,"href":"https:\/\/www.pricetornado.com\/da\/wp-json\/wp\/v2\/product_tag?post=448911"}],"curies":[{"name":"wp","href":"https:\/\/api.w.org\/{rel}","templated":true}]}}