{"id":448845,"date":"2025-02-21T09:47:30","date_gmt":"2025-02-21T08:47:30","guid":{"rendered":"https:\/\/www.pricetornado.com\/da\/produkt\/scanpan-20-cm-stegepande-omslag-sts\/"},"modified":"2026-04-23T11:10:26","modified_gmt":"2026-04-23T09:10:26","slug":"scanpan-20-cm-stegepande-omslag-sts","status":"publish","type":"product","link":"https:\/\/www.pricetornado.com\/da\/produkt\/scanpan-20-cm-stegepande-omslag-sts\/","title":{"rendered":"Scanpan 20 cm stegepande, omslag &#8211; STS"},"content":{"rendered":"<p>K\u00f8b billig Scanpan 20 cm stegepande, omslag &#8211; STS!<br \/>\nScanpan STS 20 cm stegepande forener elegant, blankt rustfrit st\u00e5l med gennemf\u00f8rt funktionalitet. Panden har et unikt kantdesign med skr\u00e5 sider, som g\u00f8r det nemt at vende og h\u00e5ndtere mad \u2013 is\u00e6r fisk \u2013 og giver ekstra plads. Det s\u00e6rlige kantdesign forhindrer effektivt dryp og skjulte madrester, s\u00e5 du kan h\u00e6lde fra enhver vinkel uden spild. Den h\u00f8jpolerede overflade giver et stilrent, tidl\u00f8st udtryk, der pynter i ethvert k\u00f8kken.Panden er fremstillet i premium 18\/10 rustfrit st\u00e5l (Grade 304) med en s\u00f8ml\u00f8s, komplet flad sandwichbund, hvor en aluminiumskerne er indkapslet mellem lag af rustfrit st\u00e5l. Denne konstruktion sikrer hurtig og j\u00e6vn varmefordeling uden hot spots samt langvarig holdbarhed. Grebet er ergonomisk designet, lavet af st\u00f8bt rustfrit st\u00e5l og fastgjort med nitter for maksimal styrke og forbliver k\u00f8ligt l\u00e6ngere under brug.T\u00e5ler ovn op til 250 \u00b0C, inkl. h\u00e5ndtagScanpan STS-serien l\u00f8fter design og funktionalitet til nye h\u00f8jder med sit flotte, rene udtryk og innovative detaljer. Panden er nem at reng\u00f8re, let at h\u00e5ndtere og en forn\u00f8jelse b\u00e5de for \u00f8jet og i brug \u2013 uanset om du laver hurtige hverdagsm\u00e5ltider eller kr\u00e6vende retter.<\/p>\n<p>Sammenlign priser p\u00e5 Scanpan 20 cm stegepande, omslag &#8211; STS og k\u00f8b online til den billigste pris, samt p\u00e5 tilbud!\u00a0\u00a0Tjek den bedste pris, produkt beskrivelse, video, test, anmeldelser osv.<\/p>\n<p><strong>Brand: <\/strong>Scanpan<br \/>\n<strong>EAN: <\/strong>083421209764<br \/>\n<strong>Producentens varenr.:<\/strong> 083421209764<\/p>\n<p><strong>P.S.<\/strong><br \/>\nTilmeld dig til &#8220;Opret Gratis Prisfald Alarm&#8221;, og bliv underrettet med det samme om prisfald p\u00e5 Scanpan 20 cm stegepande, omslag &#8211; STS, og f\u00e5 den billigste pris!<\/p>\n<p>&nbsp;<\/p>\n<p>&nbsp;<\/p>\n","protected":false},"excerpt":{"rendered":"<p>K\u00f8b billig Scanpan 20 cm stegepande, omslag &#8211; STS! Scanpan STS 20 cm stegepande forener elegant, blankt rustfrit st\u00e5l med gennemf\u00f8rt funktionalitet. Panden har et unikt kantdesign med skr\u00e5 sider, som g\u00f8r det nemt at vende og h\u00e5ndtere mad \u2013 is\u00e6r fisk \u2013 og giver ekstra plads. Det s\u00e6rlige kantdesign forhindrer effektivt dryp og skjulte [&hellip;]<\/p>\n","protected":false},"featured_media":999980000004488450,"template":"","meta":[],"store":[1272516],"product_brand":[1272521],"product_cat":[1272410],"product_tag":[1272681,1275184],"class_list":{"0":"post-448845","1":"product","2":"type-product","3":"status-publish","4":"has-post-thumbnail","6":"store-butik24","7":"product_brand-scanpan","8":"product_cat-koekkengrej","9":"product_tag-koekkengrej","10":"product_tag-scanpan","11":"pa_maerke-scanpan","13":"first","14":"instock","15":"product-type-external"},"_links":{"self":[{"href":"https:\/\/www.pricetornado.com\/da\/wp-json\/wp\/v2\/product\/448845","targetHints":{"allow":["GET"]}}],"collection":[{"href":"https:\/\/www.pricetornado.com\/da\/wp-json\/wp\/v2\/product"}],"about":[{"href":"https:\/\/www.pricetornado.com\/da\/wp-json\/wp\/v2\/types\/product"}],"wp:featuredmedia":[{"embeddable":true,"href":"https:\/\/www.pricetornado.com\/da\/wp-json\/"}],"wp:attachment":[{"href":"https:\/\/www.pricetornado.com\/da\/wp-json\/wp\/v2\/media?parent=448845"}],"wp:term":[{"taxonomy":"store","embeddable":true,"href":"https:\/\/www.pricetornado.com\/da\/wp-json\/wp\/v2\/store?post=448845"},{"taxonomy":"product_brand","embeddable":true,"href":"https:\/\/www.pricetornado.com\/da\/wp-json\/wp\/v2\/product_brand?post=448845"},{"taxonomy":"product_cat","embeddable":true,"href":"https:\/\/www.pricetornado.com\/da\/wp-json\/wp\/v2\/product_cat?post=448845"},{"taxonomy":"product_tag","embeddable":true,"href":"https:\/\/www.pricetornado.com\/da\/wp-json\/wp\/v2\/product_tag?post=448845"}],"curies":[{"name":"wp","href":"https:\/\/api.w.org\/{rel}","templated":true}]}}