{"id":448844,"date":"2025-02-20T09:00:56","date_gmt":"2025-02-20T08:00:56","guid":{"rendered":"https:\/\/www.pricetornado.com\/da\/produkt\/scanpan-15-0l-30-cm-suppegryde-med-glaslaag-sts\/"},"modified":"2026-04-21T02:40:41","modified_gmt":"2026-04-21T00:40:41","slug":"scanpan-15-0l-30-cm-suppegryde-med-glaslaag-sts","status":"publish","type":"product","link":"https:\/\/www.pricetornado.com\/da\/produkt\/scanpan-15-0l-30-cm-suppegryde-med-glaslaag-sts\/","title":{"rendered":"Scanpan 15.0L\/30 cm suppegryde med glasl\u00e5g &#8211; STS"},"content":{"rendered":"<p>K\u00f8b billig Scanpan 15.0L\/30 cm suppegryde med glasl\u00e5g &#8211; STS!<br \/>\nScanpan suppegryden fra STS-serien er en stor, rummelig gryde med et flot design i blankt 18\/10 rustfrit st\u00e5l og tilh\u00f8rende glasl\u00e5g. Gryden har st\u00f8bte greb i rustfrit st\u00e5l, som forbliver kolde l\u00e6ngere og giver et sikkert greb ved brug. Med sandwichbund best\u00e5ende af rustfrit st\u00e5l og en kerne af aluminium opn\u00e5s en hurtig og j\u00e6vn varmefordeling, hvilket sikrer et optimalt madlavningsresultat og energibesparelse.Indersiden er forsynet med en praktisk m\u00e5leenhed, s\u00e5 du nemt kan afl\u00e6se volumen under madlavningen. Glasl\u00e5get har integreret dr\u00e6n og h\u00e6lestuds, der g\u00f8r det nemt at h\u00e6lde v\u00e6ske fra gryden uden at spilde. Konstruktionen og designet g\u00f8r gryden s\u00e6rdeles alsidig, uanset hvilken type komfur du bruger.Suppegryden fra Scanpans STS-serie kombinerer holdbarhed, funktionalitet og flot design. De praktiske features som glasl\u00e5g med udh\u00e6ldningsfunktion, indvendige m\u00e5leenheder og sandwichbund g\u00f8r gryden ideel til b\u00e5de hverdag og fest. Med sin alsidighed, ovnfaste egenskaber og mulighed for opvaskemaskine f\u00e5r du en gryde, der holder i mange \u00e5r og altid leverer gode resultater.<\/p>\n<p>Sammenlign priser p\u00e5 Scanpan 15.0L\/30 cm suppegryde med glasl\u00e5g &#8211; STS og k\u00f8b online til den billigste pris, samt p\u00e5 tilbud!\u00a0\u00a0Tjek den bedste pris, produkt beskrivelse, video, test, anmeldelser osv.<\/p>\n<p><strong>Brand: <\/strong>Scanpan<br \/>\n<strong>EAN: <\/strong>083421225597<br \/>\n<strong>Producentens varenr.:<\/strong> 083421225597<\/p>\n<p><strong>P.S.<\/strong><br \/>\nTilmeld dig til &#8220;Opret Gratis Prisfald Alarm&#8221;, og bliv underrettet med det samme om prisfald p\u00e5 Scanpan 15.0L\/30 cm suppegryde med glasl\u00e5g &#8211; STS, og f\u00e5 den billigste pris!<\/p>\n<p>&nbsp;<\/p>\n<p>&nbsp;<\/p>\n","protected":false},"excerpt":{"rendered":"<p>K\u00f8b billig Scanpan 15.0L\/30 cm suppegryde med glasl\u00e5g &#8211; STS! Scanpan suppegryden fra STS-serien er en stor, rummelig gryde med et flot design i blankt 18\/10 rustfrit st\u00e5l og tilh\u00f8rende glasl\u00e5g. Gryden har st\u00f8bte greb i rustfrit st\u00e5l, som forbliver kolde l\u00e6ngere og giver et sikkert greb ved brug. Med sandwichbund best\u00e5ende af rustfrit st\u00e5l [&hellip;]<\/p>\n","protected":false},"featured_media":999980000004488440,"template":"","meta":[],"store":[1272516],"product_brand":[1272521],"product_cat":[1272410],"product_tag":[1272681,1275184],"class_list":{"0":"post-448844","1":"product","2":"type-product","3":"status-publish","4":"has-post-thumbnail","6":"store-butik24","7":"product_brand-scanpan","8":"product_cat-koekkengrej","9":"product_tag-koekkengrej","10":"product_tag-scanpan","11":"pa_maerke-scanpan","13":"first","14":"instock","15":"product-type-external"},"_links":{"self":[{"href":"https:\/\/www.pricetornado.com\/da\/wp-json\/wp\/v2\/product\/448844","targetHints":{"allow":["GET"]}}],"collection":[{"href":"https:\/\/www.pricetornado.com\/da\/wp-json\/wp\/v2\/product"}],"about":[{"href":"https:\/\/www.pricetornado.com\/da\/wp-json\/wp\/v2\/types\/product"}],"wp:featuredmedia":[{"embeddable":true,"href":"https:\/\/www.pricetornado.com\/da\/wp-json\/"}],"wp:attachment":[{"href":"https:\/\/www.pricetornado.com\/da\/wp-json\/wp\/v2\/media?parent=448844"}],"wp:term":[{"taxonomy":"store","embeddable":true,"href":"https:\/\/www.pricetornado.com\/da\/wp-json\/wp\/v2\/store?post=448844"},{"taxonomy":"product_brand","embeddable":true,"href":"https:\/\/www.pricetornado.com\/da\/wp-json\/wp\/v2\/product_brand?post=448844"},{"taxonomy":"product_cat","embeddable":true,"href":"https:\/\/www.pricetornado.com\/da\/wp-json\/wp\/v2\/product_cat?post=448844"},{"taxonomy":"product_tag","embeddable":true,"href":"https:\/\/www.pricetornado.com\/da\/wp-json\/wp\/v2\/product_tag?post=448844"}],"curies":[{"name":"wp","href":"https:\/\/api.w.org\/{rel}","templated":true}]}}