{"id":448840,"date":"2025-02-22T13:06:23","date_gmt":"2025-02-22T12:06:23","guid":{"rendered":"https:\/\/www.pricetornado.com\/da\/produkt\/nedis-stativ-fan-250-mm-3-hastighedsindstilling-justerbar-hoejde-45-w-retningsluftstroem-metal-fntr20cmt10\/"},"modified":"2026-04-20T03:10:38","modified_gmt":"2026-04-20T01:10:38","slug":"nedis-stativ-fan-250-mm-3-hastighedsindstilling-justerbar-hoejde-45-w-retningsluftstroem-metal-fntr20cmt10","status":"publish","type":"product","link":"https:\/\/www.pricetornado.com\/da\/produkt\/nedis-stativ-fan-250-mm-3-hastighedsindstilling-justerbar-hoejde-45-w-retningsluftstroem-metal-fntr20cmt10\/","title":{"rendered":"Nedis &#8211; Stativ Fan | 250 mm | 3-hastighedsindstilling | Just\u00e9rbar h\u00f8jde | 45 W | Retningsluftstr\u00f8m | Metal &#8211; FNTR20CMT10"},"content":{"rendered":"<p>K\u00f8b billig Nedis &#8211; Stativ Fan | 250 mm | 3-hastighedsindstilling | Just\u00e9rbar h\u00f8jde | 45 W | Retningsluftstr\u00f8m | Metal &#8211; FNTR20CMT10!<br \/>\nNyd en forfriskende brise med denne stilfulde ventilator i b\u00f8rstet metal. Ventilatoren er designet med et robust og elegant tripod-stativ, som sikrer perfekt stabilitet og \u00f8ger holdbarheden.Ventilatoren har tre hastighedsindstillinger, s\u00e5 du nemt kan tilpasse k\u00f8leeffekten efter behov. H\u00f8jden kan justeres fra 90 til 130 cm, hvilket g\u00f8r det muligt at placere ventilatoren pr\u00e6cis, hvor du \u00f8nsker det. Kombineret med retningsbestemt luftstr\u00f8m f\u00e5r du optimal fleksibilitet og komfort.En 1,5 meter lang ledning giver dig frihed til at placere ventilatoren, hvor det passer dig bedst, selv hvis stikkontakten ikke er lige ved h\u00e5nden.Hold dig k\u00f8lig og komfortabel, selv p\u00e5 de varmeste sommerdage, med denne elegante og alsidige stativventilator.<\/p>\n<p>Sammenlign priser p\u00e5 Nedis &#8211; Stativ Fan | 250 mm | 3-hastighedsindstilling | Just\u00e9rbar h\u00f8jde | 45 W | Retningsluftstr\u00f8m | Metal &#8211; FNTR20CMT10 og k\u00f8b online til den billigste pris, samt p\u00e5 tilbud!\u00a0\u00a0Tjek den bedste pris, produkt beskrivelse, video, test, anmeldelser osv.<\/p>\n<p><strong>Brand: <\/strong>Nedis<br \/>\n<strong>EAN: <\/strong>5412810302956<br \/>\n<strong>Producentens varenr.:<\/strong> 5412810302956<\/p>\n<p><strong>P.S.<\/strong><br \/>\nTilmeld dig til &#8220;Opret Gratis Prisfald Alarm&#8221;, og bliv underrettet med det samme om prisfald p\u00e5 Nedis &#8211; Stativ Fan | 250 mm | 3-hastighedsindstilling | Just\u00e9rbar h\u00f8jde | 45 W | Retningsluftstr\u00f8m | Metal &#8211; FNTR20CMT10, og f\u00e5 den billigste pris!<\/p>\n<p>&nbsp;<\/p>\n<p>&nbsp;<\/p>\n","protected":false},"excerpt":{"rendered":"<p>K\u00f8b billig Nedis &#8211; Stativ Fan | 250 mm | 3-hastighedsindstilling | Just\u00e9rbar h\u00f8jde | 45 W | Retningsluftstr\u00f8m | Metal &#8211; FNTR20CMT10! Nyd en forfriskende brise med denne stilfulde ventilator i b\u00f8rstet metal. Ventilatoren er designet med et robust og elegant tripod-stativ, som sikrer perfekt stabilitet og \u00f8ger holdbarheden.Ventilatoren har tre hastighedsindstillinger, s\u00e5 du [&hellip;]<\/p>\n","protected":false},"featured_media":999980000004488400,"template":"","meta":[],"store":[1272516],"product_brand":[1272517],"product_cat":[1272421],"product_tag":[1272687,1275178],"class_list":{"0":"post-448840","1":"product","2":"type-product","3":"status-publish","4":"has-post-thumbnail","6":"store-butik24","7":"product_brand-nedis","8":"product_cat-klima","9":"product_tag-klima","10":"product_tag-nedis","11":"pa_maerke-nedis","13":"first","14":"instock","15":"product-type-external"},"_links":{"self":[{"href":"https:\/\/www.pricetornado.com\/da\/wp-json\/wp\/v2\/product\/448840","targetHints":{"allow":["GET"]}}],"collection":[{"href":"https:\/\/www.pricetornado.com\/da\/wp-json\/wp\/v2\/product"}],"about":[{"href":"https:\/\/www.pricetornado.com\/da\/wp-json\/wp\/v2\/types\/product"}],"wp:featuredmedia":[{"embeddable":true,"href":"https:\/\/www.pricetornado.com\/da\/wp-json\/"}],"wp:attachment":[{"href":"https:\/\/www.pricetornado.com\/da\/wp-json\/wp\/v2\/media?parent=448840"}],"wp:term":[{"taxonomy":"store","embeddable":true,"href":"https:\/\/www.pricetornado.com\/da\/wp-json\/wp\/v2\/store?post=448840"},{"taxonomy":"product_brand","embeddable":true,"href":"https:\/\/www.pricetornado.com\/da\/wp-json\/wp\/v2\/product_brand?post=448840"},{"taxonomy":"product_cat","embeddable":true,"href":"https:\/\/www.pricetornado.com\/da\/wp-json\/wp\/v2\/product_cat?post=448840"},{"taxonomy":"product_tag","embeddable":true,"href":"https:\/\/www.pricetornado.com\/da\/wp-json\/wp\/v2\/product_tag?post=448840"}],"curies":[{"name":"wp","href":"https:\/\/api.w.org\/{rel}","templated":true}]}}