{"id":448835,"date":"2025-02-26T14:00:47","date_gmt":"2025-02-26T13:00:47","guid":{"rendered":"https:\/\/www.pricetornado.com\/da\/produkt\/nedis-vaegoplader-med-udtraekkeligt-kabel-65-w-gan-pd3-0-30w-3-0-3-25-a-a-antal-output-1-usb-c-usb-c-udtraekkeligt-kabel-0-75-m-automatisk-valgt-spaending\/"},"modified":"2026-03-11T01:52:25","modified_gmt":"2026-03-11T00:52:25","slug":"nedis-vaegoplader-med-udtraekkeligt-kabel-65-w-gan-pd3-0-30w-3-0-3-25-a-a-antal-output-1-usb-c-usb-c-udtraekkeligt-kabel-0-75-m-automatisk-valgt-spaending","status":"publish","type":"product","link":"https:\/\/www.pricetornado.com\/da\/produkt\/nedis-vaegoplader-med-udtraekkeligt-kabel-65-w-gan-pd3-0-30w-3-0-3-25-a-a-antal-output-1-usb-c-usb-c-udtraekkeligt-kabel-0-75-m-automatisk-valgt-spaending\/","title":{"rendered":"Nedis &#8211; V\u00e6goplader | Med udtr\u00e6kkeligt kabel | 65 W | GaN | PD3.0 30W | 3.0 \/ 3.25 A A | Antal output: 1 | USB-C\u2122 | USB-C\u2122 udtr\u00e6kkeligt kabel | 0.75 m | Automatisk Valgt Sp\u00e6nding | Sort &#8211; WCHARC65WBK"},"content":{"rendered":"<p>K\u00f8b billig Nedis &#8211; V\u00e6goplader | Med udtr\u00e6kkeligt kabel | 65 W | GaN | PD3.0 30W | 3.0 \/ 3.25 A A | Antal output: 1 | USB-C\u2122 | USB-C\u2122 udtr\u00e6kkeligt kabel | 0.75 m | Automatisk Valgt Sp\u00e6nding | Sort &#8211; WCHARC65WBK!<br \/>\nNedis Compact Wall Charger kombinerer h\u00f8j ydeevne med et pladsbesparende, smart design \u2013 ideelt til b\u00e5de hjemmebrug og rejser. Opladeren er fremstillet af let og robust polycarbonat, hvilket g\u00f8r den st\u00f8dresistent og nem at transportere i b\u00e5de taske og rygs\u00e6k. Takket v\u00e6re brugen af GaN-teknologi leverer den en samlet effekt p\u00e5 op til 65 W, og kan s\u00e5ledes oplade to enheder samtidigt \u2013 fra smartphones og tablets til b\u00e6rbare computere med USB-C.Opladeren er udstyret med b\u00e5de en USB-C Power Delivery-port (65 W) og et integreret udtr\u00e6kkeligt USB-C-kabel p\u00e5 0,75 m, som giver fleksibilitet og forhindrer kabelrod. Kablet tr\u00e6kkes nemt ud og rulles tilbage, s\u00e5 dit arbejdsomr\u00e5de forbliver ryddeligt. Smart IC-teknologien og PPS (Programmable Power Supply) sikrer automatisk registrering af tilsluttede enheder og tilpasser str\u00f8m og sp\u00e6nding for effektiv, sikker og sk\u00e5nsom opladning \u2013 perfekt til b\u00e5de Apple og Android enheder med Power Delivery-underst\u00f8ttelse.Den kompakte oplader underst\u00f8tter automatisk sp\u00e6ndingsvalg (100-240 V AC), hvilket sikrer global kompatibilitet uden behov for manuelle indstillinger. Det indbyggede Smart Protection System beskytter mod overophedning, oversp\u00e6nding og kortslutning, s\u00e5 du trygt kan oplade dine enheder uanset hvor du befinder dig.USB-C Power Delivery (PD3.0) port og integreret udtr\u00e6kkeligt USB-C-kabel (0,75 m)Med Nedis Compact Wall Charger f\u00e5r du en p\u00e5lidelig, sikker og effektiv l\u00f8sning til opladning af alle dine enheder \u2013 b\u00e5de hjemme og p\u00e5 rejse. Oplev ultimativ bekvemmelighed og hold dine enheder fuldt opladede til enhver tid.<\/p>\n<p>Sammenlign priser p\u00e5 Nedis &#8211; V\u00e6goplader | Med udtr\u00e6kkeligt kabel | 65 W | GaN | PD3.0 30W | 3.0 \/ 3.25 A A | Antal output: 1 | USB-C\u2122 | USB-C\u2122 udtr\u00e6kkeligt kabel | 0.75 m | Automatisk Valgt Sp\u00e6nding | Sort &#8211; WCHARC65WBK og k\u00f8b online til den billigste pris, samt p\u00e5 tilbud!\u00a0\u00a0Tjek den bedste pris, produkt beskrivelse, video, test, anmeldelser osv.<\/p>\n<p><strong>Brand: <\/strong>Nedis<br \/>\n<strong>EAN: <\/strong>5412810475575<br \/>\n<strong>Producentens varenr.:<\/strong> 5412810475575<\/p>\n<p><strong>P.S.<\/strong><br \/>\nTilmeld dig til &#8220;Opret Gratis Prisfald Alarm&#8221;, og bliv underrettet med det samme om prisfald p\u00e5 Nedis &#8211; V\u00e6goplader | Med udtr\u00e6kkeligt kabel | 65 W | GaN | PD3.0 30W | 3.0 \/ 3.25 A A | Antal output: 1 | USB-C\u2122 | USB-C\u2122 udtr\u00e6kkeligt kabel | 0.75 m | Automatisk Valgt Sp\u00e6nding | Sort &#8211; WCHARC65WBK, og f\u00e5 den billigste pris!<\/p>\n<p>&nbsp;<\/p>\n<p>&nbsp;<\/p>\n","protected":false},"excerpt":{"rendered":"<p>K\u00f8b billig Nedis &#8211; V\u00e6goplader | Med udtr\u00e6kkeligt kabel | 65 W | GaN | PD3.0 30W | 3.0 \/ 3.25 A A | Antal output: 1 | USB-C\u2122 | USB-C\u2122 udtr\u00e6kkeligt kabel | 0.75 m | Automatisk Valgt Sp\u00e6nding | Sort &#8211; WCHARC65WBK! Nedis Compact Wall Charger kombinerer h\u00f8j ydeevne med et pladsbesparende, smart [&hellip;]<\/p>\n","protected":false},"featured_media":0,"template":"","meta":[],"store":[1272516],"product_brand":[1272517],"product_cat":[1272436],"product_tag":[1275178,1272965],"class_list":{"0":"post-448835","1":"product","2":"type-product","3":"status-publish","5":"store-butik24","6":"product_brand-nedis","7":"product_cat-stroemforsyning","8":"product_tag-nedis","9":"product_tag-stroemforsyning","10":"pa_maerke-nedis","12":"first","13":"instock","14":"product-type-external"},"_links":{"self":[{"href":"https:\/\/www.pricetornado.com\/da\/wp-json\/wp\/v2\/product\/448835","targetHints":{"allow":["GET"]}}],"collection":[{"href":"https:\/\/www.pricetornado.com\/da\/wp-json\/wp\/v2\/product"}],"about":[{"href":"https:\/\/www.pricetornado.com\/da\/wp-json\/wp\/v2\/types\/product"}],"wp:attachment":[{"href":"https:\/\/www.pricetornado.com\/da\/wp-json\/wp\/v2\/media?parent=448835"}],"wp:term":[{"taxonomy":"store","embeddable":true,"href":"https:\/\/www.pricetornado.com\/da\/wp-json\/wp\/v2\/store?post=448835"},{"taxonomy":"product_brand","embeddable":true,"href":"https:\/\/www.pricetornado.com\/da\/wp-json\/wp\/v2\/product_brand?post=448835"},{"taxonomy":"product_cat","embeddable":true,"href":"https:\/\/www.pricetornado.com\/da\/wp-json\/wp\/v2\/product_cat?post=448835"},{"taxonomy":"product_tag","embeddable":true,"href":"https:\/\/www.pricetornado.com\/da\/wp-json\/wp\/v2\/product_tag?post=448835"}],"curies":[{"name":"wp","href":"https:\/\/api.w.org\/{rel}","templated":true}]}}