{"id":448833,"date":"2025-02-24T08:37:44","date_gmt":"2025-02-24T07:37:44","guid":{"rendered":"https:\/\/www.pricetornado.com\/da\/produkt\/nedis-vaegoplader-med-udtraekkeligt-kabel-30-w-gan-pd3-0-30w-1-5-2-0-2-5-3-0-a-antal-output-1-usb-c-usb-c-udtraekkeligt-kabel-0-75-m-automatisk-valgt-spa\/"},"modified":"2026-03-11T01:30:23","modified_gmt":"2026-03-11T00:30:23","slug":"nedis-vaegoplader-med-udtraekkeligt-kabel-30-w-gan-pd3-0-30w-1-5-2-0-2-5-3-0-a-antal-output-1-usb-c-usb-c-udtraekkeligt-kabel-0-75-m-automatisk-valgt-spa","status":"publish","type":"product","link":"https:\/\/www.pricetornado.com\/da\/produkt\/nedis-vaegoplader-med-udtraekkeligt-kabel-30-w-gan-pd3-0-30w-1-5-2-0-2-5-3-0-a-antal-output-1-usb-c-usb-c-udtraekkeligt-kabel-0-75-m-automatisk-valgt-spa\/","title":{"rendered":"Nedis &#8211; V\u00e6goplader | Med udtr\u00e6kkeligt kabel | 30 W | GaN | PD3.0 30W | 1.5 \/ 2.0 \/ 2.5 \/ 3.0 A | Antal output: 1 | USB-C\u2122 | USB-C\u2122 udtr\u00e6kkeligt kabel | 0.75 m | Automatisk Valgt Sp\u00e6nding | Sort &#8211; WCHARC30WBK"},"content":{"rendered":"<p>K\u00f8b billig Nedis &#8211; V\u00e6goplader | Med udtr\u00e6kkeligt kabel | 30 W | GaN | PD3.0 30W | 1.5 \/ 2.0 \/ 2.5 \/ 3.0 A | Antal output: 1 | USB-C\u2122 | USB-C\u2122 udtr\u00e6kkeligt kabel | 0.75 m | Automatisk Valgt Sp\u00e6nding | Sort &#8211; WCHARC30WBK!<br \/>\nKompakt og effektiv USB-C v\u00e6goplader 30W med GaN og PD3.0Hold dine enheder opladet uanset hvor du befinder dig med Nedis kompakte USB-C v\u00e6goplader, som kombinerer p\u00e5lidelig ydelse, moderne teknologi og et pladsbesparende design. Med en total effekt p\u00e5 30 watt og support for Power Delivery 3.0 f\u00e5r du hurtig og effektiv opladning til smartphones, tablets og andre USB-C-enheder derhjemme, p\u00e5 kontoret eller p\u00e5 farten.30 W effekt med Power Delivery 3.0 for hurtig og effektiv opladning af kompatible enhederOpladerens kompakte og lette konstruktion g\u00f8r det nemt at tage den med i tasken eller rygs\u00e6kken, hvilket g\u00f8r den til det perfekte valg til b\u00e5de dagligt brug, forretningsrejser og ferier. Det udtr\u00e6kkelige USB-C-kabel med justerbar l\u00e6ngde sikrer nem h\u00e5ndtering og holder dit arbejdsomr\u00e5de ryddeligt.Opladeren underst\u00f8tter hurtig opladning af de nyeste Apple iPhones og iPads samt Android-smartphones og tablets med Power Delivery-kompatibilitet. Alle tilsluttede enheder genkendes automatisk og oplades optimalt, hvilket sikrer en sikker og effektiv opladning hver gang.Med Nedis USB-C v\u00e6goplader f\u00e5r du en p\u00e5lidelig, sikker og praktisk opladningsl\u00f8sning \u2013 perfekt til dig, der \u00f8nsker effektiv opladning og moderne teknologier i en kompakt pakke.<\/p>\n<p>Sammenlign priser p\u00e5 Nedis &#8211; V\u00e6goplader | Med udtr\u00e6kkeligt kabel | 30 W | GaN | PD3.0 30W | 1.5 \/ 2.0 \/ 2.5 \/ 3.0 A | Antal output: 1 | USB-C\u2122 | USB-C\u2122 udtr\u00e6kkeligt kabel | 0.75 m | Automatisk Valgt Sp\u00e6nding | Sort &#8211; WCHARC30WBK og k\u00f8b online til den billigste pris, samt p\u00e5 tilbud!\u00a0\u00a0Tjek den bedste pris, produkt beskrivelse, video, test, anmeldelser osv.<\/p>\n<p><strong>Brand: <\/strong>Nedis<br \/>\n<strong>EAN: <\/strong>5412810475544<br \/>\n<strong>Producentens varenr.:<\/strong> 5412810475544<\/p>\n<p><strong>P.S.<\/strong><br \/>\nTilmeld dig til &#8220;Opret Gratis Prisfald Alarm&#8221;, og bliv underrettet med det samme om prisfald p\u00e5 Nedis &#8211; V\u00e6goplader | Med udtr\u00e6kkeligt kabel | 30 W | GaN | PD3.0 30W | 1.5 \/ 2.0 \/ 2.5 \/ 3.0 A | Antal output: 1 | USB-C\u2122 | USB-C\u2122 udtr\u00e6kkeligt kabel | 0.75 m | Automatisk Valgt Sp\u00e6nding | Sort &#8211; WCHARC30WBK, og f\u00e5 den billigste pris!<\/p>\n<p>&nbsp;<\/p>\n<p>&nbsp;<\/p>\n","protected":false},"excerpt":{"rendered":"<p>K\u00f8b billig Nedis &#8211; V\u00e6goplader | Med udtr\u00e6kkeligt kabel | 30 W | GaN | PD3.0 30W | 1.5 \/ 2.0 \/ 2.5 \/ 3.0 A | Antal output: 1 | USB-C\u2122 | USB-C\u2122 udtr\u00e6kkeligt kabel | 0.75 m | Automatisk Valgt Sp\u00e6nding | Sort &#8211; WCHARC30WBK! Kompakt og effektiv USB-C v\u00e6goplader 30W med GaN [&hellip;]<\/p>\n","protected":false},"featured_media":0,"template":"","meta":[],"store":[1272516],"product_brand":[1272517],"product_cat":[1272436],"product_tag":[1275178,1272965],"class_list":{"0":"post-448833","1":"product","2":"type-product","3":"status-publish","5":"store-butik24","6":"product_brand-nedis","7":"product_cat-stroemforsyning","8":"product_tag-nedis","9":"product_tag-stroemforsyning","10":"pa_maerke-nedis","12":"first","13":"instock","14":"product-type-external"},"_links":{"self":[{"href":"https:\/\/www.pricetornado.com\/da\/wp-json\/wp\/v2\/product\/448833","targetHints":{"allow":["GET"]}}],"collection":[{"href":"https:\/\/www.pricetornado.com\/da\/wp-json\/wp\/v2\/product"}],"about":[{"href":"https:\/\/www.pricetornado.com\/da\/wp-json\/wp\/v2\/types\/product"}],"wp:attachment":[{"href":"https:\/\/www.pricetornado.com\/da\/wp-json\/wp\/v2\/media?parent=448833"}],"wp:term":[{"taxonomy":"store","embeddable":true,"href":"https:\/\/www.pricetornado.com\/da\/wp-json\/wp\/v2\/store?post=448833"},{"taxonomy":"product_brand","embeddable":true,"href":"https:\/\/www.pricetornado.com\/da\/wp-json\/wp\/v2\/product_brand?post=448833"},{"taxonomy":"product_cat","embeddable":true,"href":"https:\/\/www.pricetornado.com\/da\/wp-json\/wp\/v2\/product_cat?post=448833"},{"taxonomy":"product_tag","embeddable":true,"href":"https:\/\/www.pricetornado.com\/da\/wp-json\/wp\/v2\/product_tag?post=448833"}],"curies":[{"name":"wp","href":"https:\/\/api.w.org\/{rel}","templated":true}]}}