{"id":448831,"date":"2025-02-23T16:55:41","date_gmt":"2025-02-23T15:55:41","guid":{"rendered":"https:\/\/www.pricetornado.com\/da\/produkt\/scanpan-2-5l-18-cm-gryde-med-glaslaag-sts\/"},"modified":"2026-05-01T10:00:30","modified_gmt":"2026-05-01T08:00:30","slug":"scanpan-2-5l-18-cm-gryde-med-glaslaag-sts","status":"publish","type":"product","link":"https:\/\/www.pricetornado.com\/da\/produkt\/scanpan-2-5l-18-cm-gryde-med-glaslaag-sts\/","title":{"rendered":"Scanpan 2.5L\/18 cm gryde med glasl\u00e5g &#8211; STS"},"content":{"rendered":"<p>K\u00f8b billig Scanpan 2.5L\/18 cm gryde med glasl\u00e5g &#8211; STS!<br \/>\nScanpan gryde fra STS-serien forener kvalitet, funktionalitet og stilrent design i \u00e9t alsidigt k\u00f8kkenredskab. Gryden er fremstillet i blankt 18\/10 rustfrit st\u00e5l, som sikrer maksimal holdbarhed, hygiejne og modstandsdygtighed over for temperaturer op til 250\u00b0C. Med en diameter p\u00e5 18 cm og en kapacitet p\u00e5 2,5 liter er den ideel til b\u00e5de daglig madlavning og mere kr\u00e6vende opgaver.Det transparente glasl\u00e5g g\u00f8r det nemt at overv\u00e5ge madlavningen uden at l\u00f8fte l\u00e5get. L\u00e5get er udstyret med lufthul for dampudslip, hvilket forhindrer overkogning og g\u00f8r det lettere at si v\u00e6sker direkte fra gryden. En integreret h\u00e6ldestuds i l\u00e5get s\u00f8rger for nem og drypfri servering.Grydens bund har en sandwichkonstruktion med aluminiumskerne, som sikrer hurtig og j\u00e6vn varmefordeling. Det afrundede design g\u00f8r gryden velegnet til alle typer komfurer \u2013 induktion, gas, halogen, glaskeramisk, spiralkomfur og masseplade. Gryden t\u00e5ler desuden ovn op til 250\u00b0C, ogs\u00e5 med l\u00e5g, og kan reng\u00f8res i opvaskemaskine for nem vedligeholdelse.St\u00f8bt rustfrit st\u00e5lgreb forbliver koldt l\u00e6ngere under madlavningen og giver et sikkert, ergonomisk greb. P\u00e5 indersiden findes en praktisk m\u00e5leenhed, der g\u00f8r det let at dosere ingredienser pr\u00e6cist direkte i gryden.Velegnet til alle komfurtyper, inkl. induktionScanpan gryden med glasl\u00e5g fra STS-serien er et praktisk og robust valg til ethvert moderne k\u00f8kken. Oplev kombinationen af professionel funktionalitet og elegant design, der g\u00f8r madlavningen b\u00e5de nemmere og mere effektiv.<\/p>\n<p>Sammenlign priser p\u00e5 Scanpan 2.5L\/18 cm gryde med glasl\u00e5g &#8211; STS og k\u00f8b online til den billigste pris, samt p\u00e5 tilbud!\u00a0\u00a0Tjek den bedste pris, produkt beskrivelse, video, test, anmeldelser osv.<\/p>\n<p><strong>Brand: <\/strong>Scanpan<br \/>\n<strong>EAN: <\/strong>083421207555<br \/>\n<strong>Producentens varenr.:<\/strong> 083421207555<\/p>\n<p><strong>P.S.<\/strong><br \/>\nTilmeld dig til &#8220;Opret Gratis Prisfald Alarm&#8221;, og bliv underrettet med det samme om prisfald p\u00e5 Scanpan 2.5L\/18 cm gryde med glasl\u00e5g &#8211; STS, og f\u00e5 den billigste pris!<\/p>\n<p>&nbsp;<\/p>\n<p>&nbsp;<\/p>\n","protected":false},"excerpt":{"rendered":"<p>K\u00f8b billig Scanpan 2.5L\/18 cm gryde med glasl\u00e5g &#8211; STS! Scanpan gryde fra STS-serien forener kvalitet, funktionalitet og stilrent design i \u00e9t alsidigt k\u00f8kkenredskab. Gryden er fremstillet i blankt 18\/10 rustfrit st\u00e5l, som sikrer maksimal holdbarhed, hygiejne og modstandsdygtighed over for temperaturer op til 250\u00b0C. Med en diameter p\u00e5 18 cm og en kapacitet p\u00e5 [&hellip;]<\/p>\n","protected":false},"featured_media":999980000004488310,"template":"","meta":[],"store":[1272516],"product_brand":[1272521],"product_cat":[1272410],"product_tag":[1272681,1275184],"class_list":{"0":"post-448831","1":"product","2":"type-product","3":"status-publish","4":"has-post-thumbnail","6":"store-butik24","7":"product_brand-scanpan","8":"product_cat-koekkengrej","9":"product_tag-koekkengrej","10":"product_tag-scanpan","11":"pa_maerke-scanpan","13":"first","14":"instock","15":"product-type-external"},"_links":{"self":[{"href":"https:\/\/www.pricetornado.com\/da\/wp-json\/wp\/v2\/product\/448831","targetHints":{"allow":["GET"]}}],"collection":[{"href":"https:\/\/www.pricetornado.com\/da\/wp-json\/wp\/v2\/product"}],"about":[{"href":"https:\/\/www.pricetornado.com\/da\/wp-json\/wp\/v2\/types\/product"}],"wp:featuredmedia":[{"embeddable":true,"href":"https:\/\/www.pricetornado.com\/da\/wp-json\/"}],"wp:attachment":[{"href":"https:\/\/www.pricetornado.com\/da\/wp-json\/wp\/v2\/media?parent=448831"}],"wp:term":[{"taxonomy":"store","embeddable":true,"href":"https:\/\/www.pricetornado.com\/da\/wp-json\/wp\/v2\/store?post=448831"},{"taxonomy":"product_brand","embeddable":true,"href":"https:\/\/www.pricetornado.com\/da\/wp-json\/wp\/v2\/product_brand?post=448831"},{"taxonomy":"product_cat","embeddable":true,"href":"https:\/\/www.pricetornado.com\/da\/wp-json\/wp\/v2\/product_cat?post=448831"},{"taxonomy":"product_tag","embeddable":true,"href":"https:\/\/www.pricetornado.com\/da\/wp-json\/wp\/v2\/product_tag?post=448831"}],"curies":[{"name":"wp","href":"https:\/\/api.w.org\/{rel}","templated":true}]}}