{"id":448830,"date":"2025-02-23T21:08:47","date_gmt":"2025-02-23T20:08:47","guid":{"rendered":"https:\/\/www.pricetornado.com\/da\/produkt\/scanpan-1-8l-16-cm-kasserolle-med-glaslaag-sts\/"},"modified":"2026-04-23T08:40:12","modified_gmt":"2026-04-23T06:40:12","slug":"scanpan-1-8l-16-cm-kasserolle-med-glaslaag-sts","status":"publish","type":"product","link":"https:\/\/www.pricetornado.com\/da\/produkt\/scanpan-1-8l-16-cm-kasserolle-med-glaslaag-sts\/","title":{"rendered":"Scanpan 1.8L\/16 cm kasserolle med glasl\u00e5g &#8211; STS"},"content":{"rendered":"<p>K\u00f8b billig Scanpan 1.8L\/16 cm kasserolle med glasl\u00e5g &#8211; STS!<br \/>\nDenne kasserolle i blankt 18\/10 rustfrit st\u00e5l kombinerer tidl\u00f8st, stilrent design med funktionelle detaljer og materialer i h\u00f8j kvalitet, der sikrer lang holdbarhed og optimal madlavning. Kasserollens glasl\u00e5g er udstyret med en dampventil, som giver dig mulighed for at f\u00f8lge madlavningen og samtidig slippe overskydende damp ud kontrolleret. Den s\u00f8ml\u00f8se og afrundede sandwichbund med en aluminiumkerne giver en j\u00e6vn varmefordeling uden varme- eller kogepunkter, hvilket g\u00f8r gryden b\u00e5de effektiv og energibesparende.Kasserollen kan anvendes p\u00e5 alle komfurtyper: gas, elektrisk, induktion, keramisk, halogen og spiralkomfur. Den er ovnfast op til 250\u00b0C \u2013 inklusive l\u00e5g \u2013 s\u00e5 du kan bruge den til mange forskellige tilberedningsmetoder. Materialerne t\u00e5ler opvaskemaskine og g\u00f8r reng\u00f8ringen let i en travl hverdag.Med de afrundede former, den blanke overflade og de elegante overgangsdetailler bringer denne kasserolle styrken fra et teknisk avanceret produkt sammen med et indbydende, skandinavisk design. Kombinationen af praktiske funktioner og teknisk kvalitet g\u00f8r den til et uundv\u00e6rligt redskab i ethvert moderne k\u00f8kken.<\/p>\n<p>Sammenlign priser p\u00e5 Scanpan 1.8L\/16 cm kasserolle med glasl\u00e5g &#8211; STS og k\u00f8b online til den billigste pris, samt p\u00e5 tilbud!\u00a0\u00a0Tjek den bedste pris, produkt beskrivelse, video, test, anmeldelser osv.<\/p>\n<p><strong>Brand: <\/strong>Scanpan<br \/>\n<strong>EAN: <\/strong>083421207494<br \/>\n<strong>Producentens varenr.:<\/strong> 083421207494<\/p>\n<p><strong>P.S.<\/strong><br \/>\nTilmeld dig til &#8220;Opret Gratis Prisfald Alarm&#8221;, og bliv underrettet med det samme om prisfald p\u00e5 Scanpan 1.8L\/16 cm kasserolle med glasl\u00e5g &#8211; STS, og f\u00e5 den billigste pris!<\/p>\n<p>&nbsp;<\/p>\n<p>&nbsp;<\/p>\n","protected":false},"excerpt":{"rendered":"<p>K\u00f8b billig Scanpan 1.8L\/16 cm kasserolle med glasl\u00e5g &#8211; STS! Denne kasserolle i blankt 18\/10 rustfrit st\u00e5l kombinerer tidl\u00f8st, stilrent design med funktionelle detaljer og materialer i h\u00f8j kvalitet, der sikrer lang holdbarhed og optimal madlavning. Kasserollens glasl\u00e5g er udstyret med en dampventil, som giver dig mulighed for at f\u00f8lge madlavningen og samtidig slippe overskydende [&hellip;]<\/p>\n","protected":false},"featured_media":999980000004488300,"template":"","meta":[],"store":[1272516],"product_brand":[1272521],"product_cat":[1272410],"product_tag":[1272681,1275184],"class_list":{"0":"post-448830","1":"product","2":"type-product","3":"status-publish","4":"has-post-thumbnail","6":"store-butik24","7":"product_brand-scanpan","8":"product_cat-koekkengrej","9":"product_tag-koekkengrej","10":"product_tag-scanpan","11":"pa_maerke-scanpan","13":"first","14":"instock","15":"product-type-external"},"_links":{"self":[{"href":"https:\/\/www.pricetornado.com\/da\/wp-json\/wp\/v2\/product\/448830","targetHints":{"allow":["GET"]}}],"collection":[{"href":"https:\/\/www.pricetornado.com\/da\/wp-json\/wp\/v2\/product"}],"about":[{"href":"https:\/\/www.pricetornado.com\/da\/wp-json\/wp\/v2\/types\/product"}],"wp:featuredmedia":[{"embeddable":true,"href":"https:\/\/www.pricetornado.com\/da\/wp-json\/"}],"wp:attachment":[{"href":"https:\/\/www.pricetornado.com\/da\/wp-json\/wp\/v2\/media?parent=448830"}],"wp:term":[{"taxonomy":"store","embeddable":true,"href":"https:\/\/www.pricetornado.com\/da\/wp-json\/wp\/v2\/store?post=448830"},{"taxonomy":"product_brand","embeddable":true,"href":"https:\/\/www.pricetornado.com\/da\/wp-json\/wp\/v2\/product_brand?post=448830"},{"taxonomy":"product_cat","embeddable":true,"href":"https:\/\/www.pricetornado.com\/da\/wp-json\/wp\/v2\/product_cat?post=448830"},{"taxonomy":"product_tag","embeddable":true,"href":"https:\/\/www.pricetornado.com\/da\/wp-json\/wp\/v2\/product_tag?post=448830"}],"curies":[{"name":"wp","href":"https:\/\/api.w.org\/{rel}","templated":true}]}}