{"id":448829,"date":"2025-02-21T20:17:10","date_gmt":"2025-02-21T19:17:10","guid":{"rendered":"https:\/\/www.pricetornado.com\/da\/produkt\/scanpan-1-2l-14-cm-kasserolle-med-glaslaag-sts\/"},"modified":"2026-04-21T02:40:38","modified_gmt":"2026-04-21T00:40:38","slug":"scanpan-1-2l-14-cm-kasserolle-med-glaslaag-sts","status":"publish","type":"product","link":"https:\/\/www.pricetornado.com\/da\/produkt\/scanpan-1-2l-14-cm-kasserolle-med-glaslaag-sts\/","title":{"rendered":"Scanpan 1.2L\/14 cm kasserolle med glasl\u00e5g &#8211; STS"},"content":{"rendered":"<p>K\u00f8b billig Scanpan 1.2L\/14 cm kasserolle med glasl\u00e5g &#8211; STS!<br \/>\nOplev praktisk funktionalitet i et elegant design med Scanpan kasserolle i 18\/10 rustfrit st\u00e5l. Den blankpolerede kasserolle er konstrueret med en afrundet, s\u00f8ml\u00f8s sandwichbund, som har en kerne af aluminium. Det sikrer hurtig og j\u00e6vn varmefordeling uden varmepletter \u2013 ideelt til pr\u00e6cis madlavning og perfekt resultat hver gang. Den rustfri st\u00e5loverflade er ikke-reaktiv, s\u00e5 den hverken afgiver smag til maden eller reagerer med syreholdige ingredienser. Kasserollens ydre er ridsebestandigt og holder sit flotte udseende, selv ved daglig brug.Med det solide glasl\u00e5g f\u00e5r du b\u00e5de en luftventil, der sikrer optimal dampstyring, og et integreret dr\u00e6n, s\u00e5 du nemt kan h\u00e6lde v\u00e6ske fra uden at fjerne l\u00e5get. H\u00e6ldestudsen g\u00f8r det muligt at h\u00e6lde pr\u00e6cist, uden spild. P\u00e5 indersiden finder du en tydelig m\u00e5leenhed, som g\u00f8r det let at dosere ingredienser direkte i gryden.Det st\u00f8bte h\u00e5ndtag i rustfrit st\u00e5l er ergonomisk udformet og forbliver koldt l\u00e6ngere under brug, s\u00e5 du f\u00e5r et sikkert og komfortabelt greb. Kasserollen kan anvendes p\u00e5 alle typer komfurer \u2013 gas, el, induktion, halogen, glaskeramisk, spiralkomfur og masseplade. Den egner sig derfor til ethvert moderne k\u00f8kken.Kasserollen t\u00e5ler opvaskemaskine, hvilket g\u00f8r reng\u00f8ringen nem og bekvem. Den er ovnfast op til 250 \u00b0C inklusive l\u00e5g, s\u00e5 du kan bruge den til et v\u00e6ld af opskrifter og tilberedningsmetoder. Den indbyggede, massive sandwichbund er strukturelt forst\u00e6rket for maksimal induktionseffekt og langvarig holdbarhed. Kompatibel med alle komfurtyper, inkl. induktionScanpan STS kasserollen er det oplagte valg til dig, der \u00f8nsker professionelle resultater i k\u00f8kkenet med udstyr, der er b\u00e5de stilfuldt, holdbart og nemt at bruge hver eneste dag.<\/p>\n<p>Sammenlign priser p\u00e5 Scanpan 1.2L\/14 cm kasserolle med glasl\u00e5g &#8211; STS og k\u00f8b online til den billigste pris, samt p\u00e5 tilbud!\u00a0\u00a0Tjek den bedste pris, produkt beskrivelse, video, test, anmeldelser osv.<\/p>\n<p><strong>Brand: <\/strong>Scanpan<br \/>\n<strong>EAN: <\/strong>083421207630<br \/>\n<strong>Producentens varenr.:<\/strong> 083421207630<\/p>\n<p><strong>P.S.<\/strong><br \/>\nTilmeld dig til &#8220;Opret Gratis Prisfald Alarm&#8221;, og bliv underrettet med det samme om prisfald p\u00e5 Scanpan 1.2L\/14 cm kasserolle med glasl\u00e5g &#8211; STS, og f\u00e5 den billigste pris!<\/p>\n<p>&nbsp;<\/p>\n<p>&nbsp;<\/p>\n","protected":false},"excerpt":{"rendered":"<p>K\u00f8b billig Scanpan 1.2L\/14 cm kasserolle med glasl\u00e5g &#8211; STS! Oplev praktisk funktionalitet i et elegant design med Scanpan kasserolle i 18\/10 rustfrit st\u00e5l. Den blankpolerede kasserolle er konstrueret med en afrundet, s\u00f8ml\u00f8s sandwichbund, som har en kerne af aluminium. Det sikrer hurtig og j\u00e6vn varmefordeling uden varmepletter \u2013 ideelt til pr\u00e6cis madlavning og perfekt [&hellip;]<\/p>\n","protected":false},"featured_media":999980000004488290,"template":"","meta":[],"store":[1272516],"product_brand":[1272521],"product_cat":[1272410],"product_tag":[1272681,1275184],"class_list":{"0":"post-448829","1":"product","2":"type-product","3":"status-publish","4":"has-post-thumbnail","6":"store-butik24","7":"product_brand-scanpan","8":"product_cat-koekkengrej","9":"product_tag-koekkengrej","10":"product_tag-scanpan","11":"pa_maerke-scanpan","13":"first","14":"instock","15":"product-type-external"},"_links":{"self":[{"href":"https:\/\/www.pricetornado.com\/da\/wp-json\/wp\/v2\/product\/448829","targetHints":{"allow":["GET"]}}],"collection":[{"href":"https:\/\/www.pricetornado.com\/da\/wp-json\/wp\/v2\/product"}],"about":[{"href":"https:\/\/www.pricetornado.com\/da\/wp-json\/wp\/v2\/types\/product"}],"wp:featuredmedia":[{"embeddable":true,"href":"https:\/\/www.pricetornado.com\/da\/wp-json\/"}],"wp:attachment":[{"href":"https:\/\/www.pricetornado.com\/da\/wp-json\/wp\/v2\/media?parent=448829"}],"wp:term":[{"taxonomy":"store","embeddable":true,"href":"https:\/\/www.pricetornado.com\/da\/wp-json\/wp\/v2\/store?post=448829"},{"taxonomy":"product_brand","embeddable":true,"href":"https:\/\/www.pricetornado.com\/da\/wp-json\/wp\/v2\/product_brand?post=448829"},{"taxonomy":"product_cat","embeddable":true,"href":"https:\/\/www.pricetornado.com\/da\/wp-json\/wp\/v2\/product_cat?post=448829"},{"taxonomy":"product_tag","embeddable":true,"href":"https:\/\/www.pricetornado.com\/da\/wp-json\/wp\/v2\/product_tag?post=448829"}],"curies":[{"name":"wp","href":"https:\/\/api.w.org\/{rel}","templated":true}]}}