{"id":448789,"date":"2025-02-26T05:37:50","date_gmt":"2025-02-26T04:37:50","guid":{"rendered":"https:\/\/www.pricetornado.com\/da\/produkt\/nedis-smartlife-luftkvalitetsmaaler-wi-fi-fugtighed-kuldioxid-co2-temperatur-android-ios-hvid-wifisa11cwt\/"},"modified":"2026-04-15T01:24:25","modified_gmt":"2026-04-14T23:24:25","slug":"nedis-smartlife-luftkvalitetsmaaler-wi-fi-fugtighed-kuldioxid-co2-temperatur-android-ios-hvid-wifisa11cwt","status":"publish","type":"product","link":"https:\/\/www.pricetornado.com\/da\/produkt\/nedis-smartlife-luftkvalitetsmaaler-wi-fi-fugtighed-kuldioxid-co2-temperatur-android-ios-hvid-wifisa11cwt\/","title":{"rendered":"Nedis &#8211; SmartLife-luftkvalitetsm\u00e5ler | Wi-Fi | Fugtighed \/ Kuldioxid (CO2) \/ Temperatur | Android\u2122 \/ IOS | Hvid &#8211; WIFISA11CWT"},"content":{"rendered":"<p>K\u00f8b billig Nedis &#8211; SmartLife-luftkvalitetsm\u00e5ler | Wi-Fi | Fugtighed \/ Kuldioxid (CO2) \/ Temperatur | Android\u2122 \/ IOS | Hvid &#8211; WIFISA11CWT!<br \/>\nForbedr dit indeklima med selvtillid. Nedis Smart Wi-Fi luftkvalitetsm\u00e5ler overv\u00e5ger effektivt CO\u2082-niveauer, temperatur og luftfugtighed, s\u00e5 du nemt kan skabe et sundere og mere behageligt milj\u00f8 i hjemmet, p\u00e5 kontoret, i klassev\u00e6relset eller fitnesscentret. Enheden hj\u00e6lper dig med at f\u00e5 det fulde overblik over luftkvaliteten og reagerer automatisk, hvis v\u00e6rdierne bliver uhensigtsm\u00e6ssige.Luftkvalitetsm\u00e5leren er udstyret med en stabil NDIR-sensor, der har automatisk baselinekalibrering (ABC), hvilket sikrer pr\u00e6cise CO\u2082-m\u00e5linger uden behov for manuel kalibrering. Sensoren fungerer p\u00e5lideligt i temperaturer fra -10 til 40 \u00b0C, s\u00e5 du f\u00e5r n\u00f8jagtige data d\u00f8gnet rundt \u2013 uanset placering.Det store LED-display viser tydeligt CO\u2082-niveau, temperatur, luftfugtighed, dato og tid. Gennem Nedis SmartLife-appen kan du f\u00f8lge b\u00e5de live-data og historiske tendenser samt modtage alarmer som lyd, visuelle signaler og push-meddelelser direkte p\u00e5 din telefon, n\u00e5r forudindstillede gr\u00e6nser overskrides. P\u00e5 den m\u00e5de ved du altid, hvorn\u00e5r det er tid til at lufte ud.Du kan nemt integrere luftkvalitetsm\u00e5leren med andre intelligente enheder i hjemmet via Nedis SmartLife-appen. Automatiser fx ventilatorer, luftrensere eller intelligente vinduer, s\u00e5 de aktiveres automatisk, n\u00e5r luftkvaliteten kr\u00e6ver det \u2013 helt uden manuel indgriben.Nedis Smart Wi-Fi luftkvalitetsm\u00e5ler er et p\u00e5lideligt og brugervenligt v\u00e6rkt\u00f8j, der hj\u00e6lper dig med at holde styr p\u00e5 luftkvaliteten og sikre et sundere indend\u00f8rsmilj\u00f8. Med dens n\u00f8jagtige sensorer, langtidsholdbare materialer og smarte funktioner f\u00e5r du fuld kontrol og ro i sindet \u2013 oplev forskellen i dag.<\/p>\n<p>Sammenlign priser p\u00e5 Nedis &#8211; SmartLife-luftkvalitetsm\u00e5ler | Wi-Fi | Fugtighed \/ Kuldioxid (CO2) \/ Temperatur | Android\u2122 \/ IOS | Hvid &#8211; WIFISA11CWT og k\u00f8b online til den billigste pris, samt p\u00e5 tilbud!\u00a0\u00a0Tjek den bedste pris, produkt beskrivelse, video, test, anmeldelser osv.<\/p>\n<p><strong>Brand: <\/strong>Nedis<br \/>\n<strong>EAN: <\/strong>5412810469994<br \/>\n<strong>Producentens varenr.:<\/strong> 5412810469994<\/p>\n<p><strong>P.S.<\/strong><br \/>\nTilmeld dig til &#8220;Opret Gratis Prisfald Alarm&#8221;, og bliv underrettet med det samme om prisfald p\u00e5 Nedis &#8211; SmartLife-luftkvalitetsm\u00e5ler | Wi-Fi | Fugtighed \/ Kuldioxid (CO2) \/ Temperatur | Android\u2122 \/ IOS | Hvid &#8211; WIFISA11CWT, og f\u00e5 den billigste pris!<\/p>\n<p>&nbsp;<\/p>\n<p>&nbsp;<\/p>\n","protected":false},"excerpt":{"rendered":"<p>K\u00f8b billig Nedis &#8211; SmartLife-luftkvalitetsm\u00e5ler | Wi-Fi | Fugtighed \/ Kuldioxid (CO2) \/ Temperatur | Android\u2122 \/ IOS | Hvid &#8211; WIFISA11CWT! Forbedr dit indeklima med selvtillid. Nedis Smart Wi-Fi luftkvalitetsm\u00e5ler overv\u00e5ger effektivt CO\u2082-niveauer, temperatur og luftfugtighed, s\u00e5 du nemt kan skabe et sundere og mere behageligt milj\u00f8 i hjemmet, p\u00e5 kontoret, i klassev\u00e6relset eller [&hellip;]<\/p>\n","protected":false},"featured_media":0,"template":"","meta":[],"store":[1272516],"product_brand":[1272517],"product_cat":[1272421],"product_tag":[1272687,1275178],"class_list":{"0":"post-448789","1":"product","2":"type-product","3":"status-publish","5":"store-butik24","6":"product_brand-nedis","7":"product_cat-klima","8":"product_tag-klima","9":"product_tag-nedis","10":"pa_maerke-nedis","12":"first","13":"instock","14":"product-type-external"},"_links":{"self":[{"href":"https:\/\/www.pricetornado.com\/da\/wp-json\/wp\/v2\/product\/448789","targetHints":{"allow":["GET"]}}],"collection":[{"href":"https:\/\/www.pricetornado.com\/da\/wp-json\/wp\/v2\/product"}],"about":[{"href":"https:\/\/www.pricetornado.com\/da\/wp-json\/wp\/v2\/types\/product"}],"wp:attachment":[{"href":"https:\/\/www.pricetornado.com\/da\/wp-json\/wp\/v2\/media?parent=448789"}],"wp:term":[{"taxonomy":"store","embeddable":true,"href":"https:\/\/www.pricetornado.com\/da\/wp-json\/wp\/v2\/store?post=448789"},{"taxonomy":"product_brand","embeddable":true,"href":"https:\/\/www.pricetornado.com\/da\/wp-json\/wp\/v2\/product_brand?post=448789"},{"taxonomy":"product_cat","embeddable":true,"href":"https:\/\/www.pricetornado.com\/da\/wp-json\/wp\/v2\/product_cat?post=448789"},{"taxonomy":"product_tag","embeddable":true,"href":"https:\/\/www.pricetornado.com\/da\/wp-json\/wp\/v2\/product_tag?post=448789"}],"curies":[{"name":"wp","href":"https:\/\/api.w.org\/{rel}","templated":true}]}}