{"id":448784,"date":"2025-02-27T12:13:25","date_gmt":"2025-02-27T11:13:25","guid":{"rendered":"https:\/\/www.pricetornado.com\/da\/produkt\/alecto-elektrisk-brystpumpe-der-kan-baeres-bcb50\/"},"modified":"2026-04-16T10:00:14","modified_gmt":"2026-04-16T08:00:14","slug":"alecto-elektrisk-brystpumpe-der-kan-baeres-bcb50","status":"publish","type":"product","link":"https:\/\/www.pricetornado.com\/da\/produkt\/alecto-elektrisk-brystpumpe-der-kan-baeres-bcb50\/","title":{"rendered":"Alecto &#8211; Elektrisk brystpumpe, der kan b\u00e6res &#8211; BCB50"},"content":{"rendered":"<p>K\u00f8b billig Alecto &#8211; Elektrisk brystpumpe, der kan b\u00e6res &#8211; BCB50!<br \/>\nOplev maksimal komfort og fleksibilitet med Alecto elektrisk b\u00e6rbar brystpumpe. Denne kompakte og diskrete pumpe passer direkte i din bh, s\u00e5 den kan bruges hjemme, p\u00e5 arbejdet eller p\u00e5 farten. Brystpumpen tilbyder blandt andet dobbeltsidet, h\u00e5ndfri pumpning, hvilket giver dig frihed til at forts\u00e6tte dine daglige aktiviteter under malkningen.Pumpen er lavet af sikre, BPA-fri materialer og har en indbygget backflow-beskyttelse, som forhindrer m\u00e6lken i at l\u00f8be tilbage i pumpemotoren. Dette sikrer b\u00e5de maksimal hygiejne og en p\u00e5lidelig brugeroplevelse for dig og dit barn.Med Alecto elektrisk b\u00e6rbar brystpumpe f\u00e5r du en p\u00e5lidelig, sikker og tilpasningsdygtig l\u00f8sning for h\u00e5ndfri og effektiv udmalkning. Nyd friheden ved at kunne pumpe brystm\u00e6lk, uanset hvor du er, med klinisk effektiv ydeevne og gennemt\u00e6nkt komfort i hverdagen.<\/p>\n<p>Sammenlign priser p\u00e5 Alecto &#8211; Elektrisk brystpumpe, der kan b\u00e6res &#8211; BCB50 og k\u00f8b online til den billigste pris, samt p\u00e5 tilbud!\u00a0\u00a0Tjek den bedste pris, produkt beskrivelse, video, test, anmeldelser osv.<\/p>\n<p><strong>Brand: <\/strong>Alecto<br \/>\n<strong>EAN: <\/strong>8711902090519<br \/>\n<strong>Producentens varenr.:<\/strong> 8711902090519<\/p>\n<p><strong>P.S.<\/strong><br \/>\nTilmeld dig til &#8220;Opret Gratis Prisfald Alarm&#8221;, og bliv underrettet med det samme om prisfald p\u00e5 Alecto &#8211; Elektrisk brystpumpe, der kan b\u00e6res &#8211; BCB50, og f\u00e5 den billigste pris!<\/p>\n<p>&nbsp;<\/p>\n<p>&nbsp;<\/p>\n","protected":false},"excerpt":{"rendered":"<p>K\u00f8b billig Alecto &#8211; Elektrisk brystpumpe, der kan b\u00e6res &#8211; BCB50! Oplev maksimal komfort og fleksibilitet med Alecto elektrisk b\u00e6rbar brystpumpe. Denne kompakte og diskrete pumpe passer direkte i din bh, s\u00e5 den kan bruges hjemme, p\u00e5 arbejdet eller p\u00e5 farten. Brystpumpen tilbyder blandt andet dobbeltsidet, h\u00e5ndfri pumpning, hvilket giver dig frihed til at forts\u00e6tte [&hellip;]<\/p>\n","protected":false},"featured_media":999980000004487840,"template":"","meta":[],"store":[1272516],"product_brand":[1272518],"product_cat":[1272510],"product_tag":[1275186,1272728],"class_list":{"0":"post-448784","1":"product","2":"type-product","3":"status-publish","4":"has-post-thumbnail","6":"store-butik24","7":"product_brand-alecto","8":"product_cat-babypleje","9":"product_tag-alecto","10":"product_tag-babypleje","11":"pa_maerke-alecto","13":"first","14":"instock","15":"product-type-external"},"_links":{"self":[{"href":"https:\/\/www.pricetornado.com\/da\/wp-json\/wp\/v2\/product\/448784","targetHints":{"allow":["GET"]}}],"collection":[{"href":"https:\/\/www.pricetornado.com\/da\/wp-json\/wp\/v2\/product"}],"about":[{"href":"https:\/\/www.pricetornado.com\/da\/wp-json\/wp\/v2\/types\/product"}],"wp:featuredmedia":[{"embeddable":true,"href":"https:\/\/www.pricetornado.com\/da\/wp-json\/"}],"wp:attachment":[{"href":"https:\/\/www.pricetornado.com\/da\/wp-json\/wp\/v2\/media?parent=448784"}],"wp:term":[{"taxonomy":"store","embeddable":true,"href":"https:\/\/www.pricetornado.com\/da\/wp-json\/wp\/v2\/store?post=448784"},{"taxonomy":"product_brand","embeddable":true,"href":"https:\/\/www.pricetornado.com\/da\/wp-json\/wp\/v2\/product_brand?post=448784"},{"taxonomy":"product_cat","embeddable":true,"href":"https:\/\/www.pricetornado.com\/da\/wp-json\/wp\/v2\/product_cat?post=448784"},{"taxonomy":"product_tag","embeddable":true,"href":"https:\/\/www.pricetornado.com\/da\/wp-json\/wp\/v2\/product_tag?post=448784"}],"curies":[{"name":"wp","href":"https:\/\/api.w.org\/{rel}","templated":true}]}}