{"id":448778,"date":"2025-02-26T17:37:49","date_gmt":"2025-02-26T16:37:49","guid":{"rendered":"https:\/\/www.pricetornado.com\/da\/produkt\/alecto-roegdetektor-i-kompakt-design-med-10-aars-batteri-og-garanti-2-pak-hvid-sa50-2x\/"},"modified":"2026-04-17T11:20:05","modified_gmt":"2026-04-17T09:20:05","slug":"alecto-roegdetektor-i-kompakt-design-med-10-aars-batteri-og-garanti-2-pak-hvid-sa50-2x","status":"publish","type":"product","link":"https:\/\/www.pricetornado.com\/da\/produkt\/alecto-roegdetektor-i-kompakt-design-med-10-aars-batteri-og-garanti-2-pak-hvid-sa50-2x\/","title":{"rendered":"Alecto &#8211; R\u00f8gdetektor i kompakt design med 10 \u00e5rs batteri og garanti 2-pak Hvid &#8211; SA50 2X"},"content":{"rendered":"<p>K\u00f8b billig Alecto &#8211; R\u00f8gdetektor i kompakt design med 10 \u00e5rs batteri og garanti 2-pak Hvid &#8211; SA50 2X!<br \/>\nAlecto SA50 er en stilfuld og diskret r\u00f8galarm, der giver sikker og p\u00e5lidelig varsling ved r\u00f8gudvikling eller brand i hjemmet. Den optiske sensor af h\u00f8j kvalitet og et indbygget litiumbatteri med 10 \u00e5rs levetid betyder, at du slipper for at skulle udskifte batteriet eller bekymre dig om irriterende biplyd ved lav batteristand. Den kraftige alarm p\u00e5 85 decibel s\u00f8rger for, at du bliver v\u00e6kket selv under dyb s\u00f8vn.Alecto SA50 er udstyret med en avanceret optisk sensor, der har 10 \u00e5rs levetid. R\u00f8galarmen er grundigt testet og godkendt efter den internationale standard EN14604:2005\/AC:2008. Den er fremstillet af brandsikkert ABS-plast, som \u00f8ger b\u00e5de sikkerheden og holdbarheden. Et forseglet CR123A (3V) lithiumbatteri sikrer langvarig og energieffektiv drift uden behov for batteriskifte i hele produktets levetid.Med den kompakte st\u00f8rrelse p\u00e5 76 mm i diameter, 28,5 mm i h\u00f8jde og en v\u00e6gt p\u00e5 kun 90 g er Alecto SA50 let at montere diskret p\u00e5 loft eller v\u00e6g. R\u00f8galarmen leveres komplet med monteringsplade, skruer, rawlplugs og et 3M dobbeltkl\u00e6bende tape til hurtig og nem montering. Der er ogs\u00e5 mulighed for magnetisk montering med et ekstra magnetbeslag (ikke inkluderet). Giver mulighed for midlertidigt at d\u00e6mpe alarmen, fx i forbindelse med madlavning. G\u00f8r det enkelt at kontrollere og sikre, at r\u00f8galarmen altid fungerer korrekt. Fungerer stabilt ved temperaturer fra -10\u00b0C til 50\u00b0C og luftfugtighed mellem 0 og 95 %.Fra 1. juli 2022 er det i Holland lovpligtigt at have en r\u00f8galarm p\u00e5 hver etage og i alle lukkede rum, der f\u00f8rer til flugtveje. Alecto SA50 er velegnet til b\u00e5de ejer- og lejeboliger, og kan bruges i s\u00e5vel eksisterende som nybyggede hjem for \u00f8get tryghed og lovpligtig brandsikring.Med 10 \u00e5rs garanti, ingen behov for batteriskifte og et smart, pladsbesparende design er Alecto SA50 det ideelle valg til dig, der \u00f8nsker p\u00e5lidelig brandsikring og nem installation uden besv\u00e6r. Den avancerede teknologi og brugervenlige funktioner sikrer familien effektiv beskyttelse d\u00f8gnet rundt.Bestil din Alecto SA50 r\u00f8galarm i dag, og beskyt dit hjem med en kvalitetsl\u00f8sning, der forener sikkerhed, lang levetid og let montering.<\/p>\n<p>Sammenlign priser p\u00e5 Alecto &#8211; R\u00f8gdetektor i kompakt design med 10 \u00e5rs batteri og garanti 2-pak Hvid &#8211; SA50 2X og k\u00f8b online til den billigste pris, samt p\u00e5 tilbud!\u00a0\u00a0Tjek den bedste pris, produkt beskrivelse, video, test, anmeldelser osv.<\/p>\n<p><strong>Brand: <\/strong>Alecto<br \/>\n<strong>EAN: <\/strong>8711902090380<br \/>\n<strong>Producentens varenr.:<\/strong> 8711902090380<\/p>\n<p><strong>P.S.<\/strong><br \/>\nTilmeld dig til &#8220;Opret Gratis Prisfald Alarm&#8221;, og bliv underrettet med det samme om prisfald p\u00e5 Alecto &#8211; R\u00f8gdetektor i kompakt design med 10 \u00e5rs batteri og garanti 2-pak Hvid &#8211; SA50 2X, og f\u00e5 den billigste pris!<\/p>\n<p>&nbsp;<\/p>\n<p>&nbsp;<\/p>\n","protected":false},"excerpt":{"rendered":"<p>K\u00f8b billig Alecto &#8211; R\u00f8gdetektor i kompakt design med 10 \u00e5rs batteri og garanti 2-pak Hvid &#8211; SA50 2X! Alecto SA50 er en stilfuld og diskret r\u00f8galarm, der giver sikker og p\u00e5lidelig varsling ved r\u00f8gudvikling eller brand i hjemmet. Den optiske sensor af h\u00f8j kvalitet og et indbygget litiumbatteri med 10 \u00e5rs levetid betyder, at [&hellip;]<\/p>\n","protected":false},"featured_media":999980000004487780,"template":"","meta":[],"store":[1272516],"product_brand":[1272518],"product_cat":[1272469],"product_tag":[1275186,1273060],"class_list":{"0":"post-448778","1":"product","2":"type-product","3":"status-publish","4":"has-post-thumbnail","6":"store-butik24","7":"product_brand-alecto","8":"product_cat-detektorer","9":"product_tag-alecto","10":"product_tag-detektorer","11":"pa_maerke-alecto","13":"first","14":"instock","15":"product-type-external"},"_links":{"self":[{"href":"https:\/\/www.pricetornado.com\/da\/wp-json\/wp\/v2\/product\/448778","targetHints":{"allow":["GET"]}}],"collection":[{"href":"https:\/\/www.pricetornado.com\/da\/wp-json\/wp\/v2\/product"}],"about":[{"href":"https:\/\/www.pricetornado.com\/da\/wp-json\/wp\/v2\/types\/product"}],"wp:featuredmedia":[{"embeddable":true,"href":"https:\/\/www.pricetornado.com\/da\/wp-json\/"}],"wp:attachment":[{"href":"https:\/\/www.pricetornado.com\/da\/wp-json\/wp\/v2\/media?parent=448778"}],"wp:term":[{"taxonomy":"store","embeddable":true,"href":"https:\/\/www.pricetornado.com\/da\/wp-json\/wp\/v2\/store?post=448778"},{"taxonomy":"product_brand","embeddable":true,"href":"https:\/\/www.pricetornado.com\/da\/wp-json\/wp\/v2\/product_brand?post=448778"},{"taxonomy":"product_cat","embeddable":true,"href":"https:\/\/www.pricetornado.com\/da\/wp-json\/wp\/v2\/product_cat?post=448778"},{"taxonomy":"product_tag","embeddable":true,"href":"https:\/\/www.pricetornado.com\/da\/wp-json\/wp\/v2\/product_tag?post=448778"}],"curies":[{"name":"wp","href":"https:\/\/api.w.org\/{rel}","templated":true}]}}