{"id":448748,"date":"2025-02-26T08:59:47","date_gmt":"2025-02-26T07:59:47","guid":{"rendered":"https:\/\/www.pricetornado.com\/da\/produkt\/philips-traadloese-over-ear-hovedtelefoner-6000-series-tah6509bk-00\/"},"modified":"2026-04-17T11:20:17","modified_gmt":"2026-04-17T09:20:17","slug":"philips-traadloese-over-ear-hovedtelefoner-6000-series-tah6509bk-00","status":"publish","type":"product","link":"https:\/\/www.pricetornado.com\/da\/produkt\/philips-traadloese-over-ear-hovedtelefoner-6000-series-tah6509bk-00\/","title":{"rendered":"Philips Tr\u00e5dl\u00f8se over-ear-hovedtelefoner 6000 series &#8211; TAH6509BK\/00"},"content":{"rendered":"<p>K\u00f8b billig Philips Tr\u00e5dl\u00f8se over-ear-hovedtelefoner 6000 series &#8211; TAH6509BK\/00!<br \/>\nOplev total fordybelse i arbejde, gaming eller underholdning med disse Philips tr\u00e5dl\u00f8se over-ear hovedtelefoner. Med adaptiv Noise Canceling Pro reduceres baggrundsst\u00f8j effektivt, mens awareness mode g\u00f8r det muligt at v\u00e6re opm\u00e6rksom p\u00e5 omgivelserne efter behov. De lukkede \u00f8rekopper med 40 mm dynamiske neodym-enheder leverer varm, detaljeret og naturlig lyd med kraftfuld, dynamisk bas \u2013 selv ved lav lydstyrke.Hovedtelefonerne kombinerer bl\u00f8de memory foam \u00f8repuder og syntetisk l\u00e6der for uovertruffen komfort, selv ved lang tids brug. Den sammenklappelige, lette konstruktion (kun 0,265 kg) g\u00f8r det nemt at tage dem med overalt.Stabil Bluetooth 5.3 multipoint-forbindelse \u2013 forbind op til to enheder p\u00e5 \u00e9n gang med 10 meters r\u00e6kkevidde.Praktiske kontrolknapper p\u00e5 h\u00f8jre \u00f8rekop til afspilning, opkald, st\u00f8jreduktion, awareness mode, dynamisk bas samt lav forsinkelse til gaming og film.Philips Headphones app for personlig tilpasning af lyd og kontroller, firmwareopdateringer og auto sluk-timer.Dedikeret mikrofon med st\u00f8jreduktion sikrer klare og tydelige opkald.Hi-Res lyd (20-40.000 Hz) for optimale musikoplevelser.Det indbyggede 600 mAh lithium polymer batteri giver op til 70 timers spilletid uden ANC og 45 timer med aktiv st\u00f8jreduktion. Har du travlt, giver blot 5 minutters opladning op til 3 timers afspilning. Fuld opladning tager cirka 2 timer.1,2 m 3,5 mm audiokabel og USB-C opladerkabel medf\u00f8lger til b\u00e5de tr\u00e5dl\u00f8s og kablet brug.Kan anvendes i temperaturer fra 0\u00b0C til 45\u00b0C og opbevares sikkert ved -20\u00b0C til 50\u00b0C.Sammenklappelig, flad eller indad, s\u00e5 du let kan transportere dem.Disse tr\u00e5dl\u00f8se over-ear hovedtelefoner fra Philips kombinerer lang batterilevetid, effektiv st\u00f8jreduktion og komfort i topklasse \u2013 alt sammen med kraftfuld lyd, der giver dig den fulde lytteoplevelse uanset hvor du er. Ideel til hverdag, gaming og underholdning.<\/p>\n<p>Sammenlign priser p\u00e5 Philips Tr\u00e5dl\u00f8se over-ear-hovedtelefoner 6000 series &#8211; TAH6509BK\/00 og k\u00f8b online til den billigste pris, samt p\u00e5 tilbud!\u00a0\u00a0Tjek den bedste pris, produkt beskrivelse, video, test, anmeldelser osv.<\/p>\n<p><strong>Brand: <\/strong>Philips<br \/>\n<strong>EAN: <\/strong>4895229139688<br \/>\n<strong>Producentens varenr.:<\/strong> 4895229139688<\/p>\n<p><strong>P.S.<\/strong><br \/>\nTilmeld dig til &#8220;Opret Gratis Prisfald Alarm&#8221;, og bliv underrettet med det samme om prisfald p\u00e5 Philips Tr\u00e5dl\u00f8se over-ear-hovedtelefoner 6000 series &#8211; TAH6509BK\/00, og f\u00e5 den billigste pris!<\/p>\n<p>&nbsp;<\/p>\n<p>&nbsp;<\/p>\n","protected":false},"excerpt":{"rendered":"<p>K\u00f8b billig Philips Tr\u00e5dl\u00f8se over-ear-hovedtelefoner 6000 series &#8211; TAH6509BK\/00! Oplev total fordybelse i arbejde, gaming eller underholdning med disse Philips tr\u00e5dl\u00f8se over-ear hovedtelefoner. Med adaptiv Noise Canceling Pro reduceres baggrundsst\u00f8j effektivt, mens awareness mode g\u00f8r det muligt at v\u00e6re opm\u00e6rksom p\u00e5 omgivelserne efter behov. De lukkede \u00f8rekopper med 40 mm dynamiske neodym-enheder leverer varm, detaljeret [&hellip;]<\/p>\n","protected":false},"featured_media":999980000004487480,"template":"","meta":[],"store":[1272516],"product_brand":[1272519],"product_cat":[1272434],"product_tag":[1272843,1275180],"class_list":{"0":"post-448748","1":"product","2":"type-product","3":"status-publish","4":"has-post-thumbnail","6":"store-butik24","7":"product_brand-philips","8":"product_cat-hovedtelefoner","9":"product_tag-hovedtelefoner","10":"product_tag-philips","11":"pa_maerke-philips","13":"first","14":"instock","15":"product-type-external"},"_links":{"self":[{"href":"https:\/\/www.pricetornado.com\/da\/wp-json\/wp\/v2\/product\/448748","targetHints":{"allow":["GET"]}}],"collection":[{"href":"https:\/\/www.pricetornado.com\/da\/wp-json\/wp\/v2\/product"}],"about":[{"href":"https:\/\/www.pricetornado.com\/da\/wp-json\/wp\/v2\/types\/product"}],"wp:featuredmedia":[{"embeddable":true,"href":"https:\/\/www.pricetornado.com\/da\/wp-json\/"}],"wp:attachment":[{"href":"https:\/\/www.pricetornado.com\/da\/wp-json\/wp\/v2\/media?parent=448748"}],"wp:term":[{"taxonomy":"store","embeddable":true,"href":"https:\/\/www.pricetornado.com\/da\/wp-json\/wp\/v2\/store?post=448748"},{"taxonomy":"product_brand","embeddable":true,"href":"https:\/\/www.pricetornado.com\/da\/wp-json\/wp\/v2\/product_brand?post=448748"},{"taxonomy":"product_cat","embeddable":true,"href":"https:\/\/www.pricetornado.com\/da\/wp-json\/wp\/v2\/product_cat?post=448748"},{"taxonomy":"product_tag","embeddable":true,"href":"https:\/\/www.pricetornado.com\/da\/wp-json\/wp\/v2\/product_tag?post=448748"}],"curies":[{"name":"wp","href":"https:\/\/api.w.org\/{rel}","templated":true}]}}