{"id":448739,"date":"2025-02-27T08:59:38","date_gmt":"2025-02-27T07:59:38","guid":{"rendered":"https:\/\/www.pricetornado.com\/da\/produkt\/lenco-karaokemikrofon-med-bluetooth-hoejttaler-usb-og-micro-sd-afspiller-bmc-040si\/"},"modified":"2026-04-18T09:40:26","modified_gmt":"2026-04-18T07:40:26","slug":"lenco-karaokemikrofon-med-bluetooth-hoejttaler-usb-og-micro-sd-afspiller-bmc-040si","status":"publish","type":"product","link":"https:\/\/www.pricetornado.com\/da\/produkt\/lenco-karaokemikrofon-med-bluetooth-hoejttaler-usb-og-micro-sd-afspiller-bmc-040si\/","title":{"rendered":"Lenco &#8211; Karaokemikrofon med Bluetooth-h\u00f8jttaler, USB- og Micro SD-afspiller &#8211; BMC-040SI"},"content":{"rendered":"<p>K\u00f8b billig Lenco &#8211; Karaokemikrofon med Bluetooth-h\u00f8jttaler, USB- og Micro SD-afspiller &#8211; BMC-040SI!<br \/>\nStj\u00e6l showet og bliv en superstjerne med Lenco BMC-040PK karaokemikrofonen. Du beh\u00f8ver ikke en omfattende karaokemaskine for at g\u00f8re b\u00f8rnefesten sjov \u2013 denne kompakte og praktiske mikrofon er let at tage med overalt. Det indbyggede genopladelige batteri oplades nemt med det medf\u00f8lgende USB-kabel, s\u00e5 du altid er klar til at synge.Stream dine yndlingssange tr\u00e5dl\u00f8st via Bluetooth direkte fra din smartphone eller tablet. Mikrofonen tilbyder ogs\u00e5 en indbygget Micro SD-kortl\u00e6ser og USB-afspiller, hvilket g\u00f8r det let at v\u00e6lge pr\u00e6cis den musik, du har lyst til at synge med p\u00e5. Dette g\u00f8r mikrofonen til en alsidig og sjov karaoke-underholdningsl\u00f8sning.Indbygget stemmeskifter med tre forskellige effekter, s\u00e5 du kan variere din stemme og have det sjovt.Separat justering af ekko og lydstyrke giver dig fuld kontrol og mulighed for at opn\u00e5 professionel lyd i realtid.Hovedtelefonstik til personlig lytning, s\u00e5 du kan \u00f8ve eller synge uden at forstyrre andre.Udgang til eksterne h\u00f8jttalere eller stereoanl\u00e6g via lydkabel (medf\u00f8lger ikke), s\u00e5 du kan optr\u00e6de for venner og familie.Bem\u00e6rk: Materialer for denne model er ikke specificeret. Lenco anvender ofte metal og plast i lignende produkter, men denne information er ikke bekr\u00e6ftet for denne variant.Med Lenco BMC-040PK karaokemikrofonen f\u00e5r du den perfekte l\u00f8sning til b\u00e5de b\u00f8rn og voksne, der \u00f8nsker underholdning og musikalsk sjov p\u00e5 farten. G\u00f8r din n\u00e6ste fest eller sammenkomst uforglemmelig og syng med p\u00e5 alle dine hits!<\/p>\n<p>Sammenlign priser p\u00e5 Lenco &#8211; Karaokemikrofon med Bluetooth-h\u00f8jttaler, USB- og Micro SD-afspiller &#8211; BMC-040SI og k\u00f8b online til den billigste pris, samt p\u00e5 tilbud!\u00a0\u00a0Tjek den bedste pris, produkt beskrivelse, video, test, anmeldelser osv.<\/p>\n<p><strong>Brand: <\/strong>Lenco<br \/>\n<strong>EAN: <\/strong>8711902087830<br \/>\n<strong>Producentens varenr.:<\/strong> 8711902087830<\/p>\n<p><strong>P.S.<\/strong><br \/>\nTilmeld dig til &#8220;Opret Gratis Prisfald Alarm&#8221;, og bliv underrettet med det samme om prisfald p\u00e5 Lenco &#8211; Karaokemikrofon med Bluetooth-h\u00f8jttaler, USB- og Micro SD-afspiller &#8211; BMC-040SI, og f\u00e5 den billigste pris!<\/p>\n<p>&nbsp;<\/p>\n<p>&nbsp;<\/p>\n","protected":false},"excerpt":{"rendered":"<p>K\u00f8b billig Lenco &#8211; Karaokemikrofon med Bluetooth-h\u00f8jttaler, USB- og Micro SD-afspiller &#8211; BMC-040SI! Stj\u00e6l showet og bliv en superstjerne med Lenco BMC-040PK karaokemikrofonen. Du beh\u00f8ver ikke en omfattende karaokemaskine for at g\u00f8re b\u00f8rnefesten sjov \u2013 denne kompakte og praktiske mikrofon er let at tage med overalt. Det indbyggede genopladelige batteri oplades nemt med det medf\u00f8lgende [&hellip;]<\/p>\n","protected":false},"featured_media":999980000004487390,"template":"","meta":[],"store":[1272516],"product_brand":[1272526],"product_cat":[1272471],"product_tag":[1275188,1272790],"class_list":{"0":"post-448739","1":"product","2":"type-product","3":"status-publish","4":"has-post-thumbnail","6":"store-butik24","7":"product_brand-lenco","8":"product_cat-underholdning","9":"product_tag-lenco","10":"product_tag-underholdning","11":"pa_maerke-lenco","13":"first","14":"instock","15":"product-type-external"},"_links":{"self":[{"href":"https:\/\/www.pricetornado.com\/da\/wp-json\/wp\/v2\/product\/448739","targetHints":{"allow":["GET"]}}],"collection":[{"href":"https:\/\/www.pricetornado.com\/da\/wp-json\/wp\/v2\/product"}],"about":[{"href":"https:\/\/www.pricetornado.com\/da\/wp-json\/wp\/v2\/types\/product"}],"wp:featuredmedia":[{"embeddable":true,"href":"https:\/\/www.pricetornado.com\/da\/wp-json\/"}],"wp:attachment":[{"href":"https:\/\/www.pricetornado.com\/da\/wp-json\/wp\/v2\/media?parent=448739"}],"wp:term":[{"taxonomy":"store","embeddable":true,"href":"https:\/\/www.pricetornado.com\/da\/wp-json\/wp\/v2\/store?post=448739"},{"taxonomy":"product_brand","embeddable":true,"href":"https:\/\/www.pricetornado.com\/da\/wp-json\/wp\/v2\/product_brand?post=448739"},{"taxonomy":"product_cat","embeddable":true,"href":"https:\/\/www.pricetornado.com\/da\/wp-json\/wp\/v2\/product_cat?post=448739"},{"taxonomy":"product_tag","embeddable":true,"href":"https:\/\/www.pricetornado.com\/da\/wp-json\/wp\/v2\/product_tag?post=448739"}],"curies":[{"name":"wp","href":"https:\/\/api.w.org\/{rel}","templated":true}]}}