{"id":448663,"date":"2025-02-20T12:26:23","date_gmt":"2025-02-20T11:26:23","guid":{"rendered":"https:\/\/www.pricetornado.com\/da\/produkt\/nedis-motoriseret-tv-lift-37-80-maksimal-vaegt-60-kg-indbygget-skabsdesign-loefteomraade-68-158-cm-fjernstyret-abs-staal-sort-tvsm5840bk\/"},"modified":"2026-04-17T01:39:51","modified_gmt":"2026-04-16T23:39:51","slug":"nedis-motoriseret-tv-lift-37-80-maksimal-vaegt-60-kg-indbygget-skabsdesign-loefteomraade-68-158-cm-fjernstyret-abs-staal-sort-tvsm5840bk","status":"publish","type":"product","link":"https:\/\/www.pricetornado.com\/da\/produkt\/nedis-motoriseret-tv-lift-37-80-maksimal-vaegt-60-kg-indbygget-skabsdesign-loefteomraade-68-158-cm-fjernstyret-abs-staal-sort-tvsm5840bk\/","title":{"rendered":"Nedis &#8211; Motoriseret tv-lift | 37 &#8211; 80 &quot; | Maksimal v\u00e6gt: 60 kg | Indbygget skabsdesign | L\u00f8fteomr\u00e5de: 68 &#8211; 158 cm | Fjernstyret | ABS \/ St\u00e5l | Sort &#8211; TVSM5840BK"},"content":{"rendered":"<p>K\u00f8b billig Nedis &#8211; Motoriseret tv-lift | 37 &#8211; 80 &quot; | Maksimal v\u00e6gt: 60 kg | Indbygget skabsdesign | L\u00f8fteomr\u00e5de: 68 &#8211; 158 cm | Fjernstyret | ABS \/ St\u00e5l | Sort &#8211; TVSM5840BK!<br \/>\nDenne Nedis SmartLife Wi-Fi motoriserede tv-lift er designet til diskret at skjule fladsk\u00e6rms-tv fra 37&quot; til 80&quot; i skabe. Skabets topplade kan monteres p\u00e5 stativet, s\u00e5 kassen forsegles, n\u00e5r liften er s\u00e6nket, hvilket sparer plads og giver et minimalistisk look i hjemmet.Tv-liften er fremstillet af ABS-plastik og st\u00e5l, hvilket sikrer et solidt og let design med en maksimal belastningskapacitet p\u00e5 60 kg. Den kraftige motor leverer automatisk l\u00f8ft og s\u00e6nkning af tv\u2019et med et lavt st\u00f8jniveau p\u00e5 under 50 dB samt en vertikal l\u00f8fteh\u00f8jde fra 79 til 184 cm, hvilket giver en j\u00e6vn og st\u00f8jsvag betjening hver gang.Liften opretter direkte forbindelse til dit Wi-Fi-netv\u00e6rk uden behov for separat hub og styres let via Nedis SmartLife-appen. Du kan fjernstyre tv-liften fra din smartphone, uanset hvor du befinder dig, og stemmestyring via Google Assistant og Amazon Alexa giver dig en helt h\u00e5ndfri oplevelse.Justerbare monteringshuller p\u00e5 s\u00f8jlen muligg\u00f8r fleksibel placering og ops\u00e6tning, s\u00e5 din installation matcher dine behov.Kompatibel med VESA-standarder fra 200&#215;200 til 600&#215;400, hvilket passer til de fleste tv-modeller.Indbygget antikollisions-system standser liften automatisk, hvis der registreres en forhindring, for at beskytte tv\u2019et.Programmerbar positionshukommelse gemmer dine foretrukne h\u00f8jdeindstillinger for nem og hurtig betjening.Integreret kabelstyring holder ledningerne ryddelige og organiserede for et p\u00e6nt setup.Takket v\u00e6re et lavt str\u00f8mforbrug \u2013 kun 0,5 W i standby og 50 W under brug \u2013 er tv-liften b\u00e5de energieffektiv og milj\u00f8rigtig. Opgrader din hjemmeunderholdning med en smart, motoriseret tv-lift, der kombinerer funktionalitet, stil og sikkerhed.<\/p>\n<p>Sammenlign priser p\u00e5 Nedis &#8211; Motoriseret tv-lift | 37 &#8211; 80 &quot; | Maksimal v\u00e6gt: 60 kg | Indbygget skabsdesign | L\u00f8fteomr\u00e5de: 68 &#8211; 158 cm | Fjernstyret | ABS \/ St\u00e5l | Sort &#8211; TVSM5840BK og k\u00f8b online til den billigste pris, samt p\u00e5 tilbud!\u00a0\u00a0Tjek den bedste pris, produkt beskrivelse, video, test, anmeldelser osv.<\/p>\n<p><strong>Brand: <\/strong>Nedis<br \/>\n<strong>EAN: <\/strong>5412810450466<br \/>\n<strong>Producentens varenr.:<\/strong> 5412810450466<\/p>\n<p><strong>P.S.<\/strong><br \/>\nTilmeld dig til &#8220;Opret Gratis Prisfald Alarm&#8221;, og bliv underrettet med det samme om prisfald p\u00e5 Nedis &#8211; Motoriseret tv-lift | 37 &#8211; 80 &quot; | Maksimal v\u00e6gt: 60 kg | Indbygget skabsdesign | L\u00f8fteomr\u00e5de: 68 &#8211; 158 cm | Fjernstyret | ABS \/ St\u00e5l | Sort &#8211; TVSM5840BK, og f\u00e5 den billigste pris!<\/p>\n<p>&nbsp;<\/p>\n<p>&nbsp;<\/p>\n","protected":false},"excerpt":{"rendered":"<p>K\u00f8b billig Nedis &#8211; Motoriseret tv-lift | 37 &#8211; 80 &quot; | Maksimal v\u00e6gt: 60 kg | Indbygget skabsdesign | L\u00f8fteomr\u00e5de: 68 &#8211; 158 cm | Fjernstyret | ABS \/ St\u00e5l | Sort &#8211; TVSM5840BK! Denne Nedis SmartLife Wi-Fi motoriserede tv-lift er designet til diskret at skjule fladsk\u00e6rms-tv fra 37&quot; til 80&quot; i skabe. Skabets [&hellip;]<\/p>\n","protected":false},"featured_media":999980000004486630,"template":"","meta":[],"store":[1272516],"product_brand":[1272517],"product_cat":[1272465],"product_tag":[1272991,1275178],"class_list":{"0":"post-448663","1":"product","2":"type-product","3":"status-publish","4":"has-post-thumbnail","6":"store-butik24","7":"product_brand-nedis","8":"product_cat-lyd-og-billede","9":"product_tag-lyd-og-billede","10":"product_tag-nedis","11":"pa_maerke-nedis","13":"first","14":"instock","15":"product-type-external"},"_links":{"self":[{"href":"https:\/\/www.pricetornado.com\/da\/wp-json\/wp\/v2\/product\/448663","targetHints":{"allow":["GET"]}}],"collection":[{"href":"https:\/\/www.pricetornado.com\/da\/wp-json\/wp\/v2\/product"}],"about":[{"href":"https:\/\/www.pricetornado.com\/da\/wp-json\/wp\/v2\/types\/product"}],"wp:featuredmedia":[{"embeddable":true,"href":"https:\/\/www.pricetornado.com\/da\/wp-json\/"}],"wp:attachment":[{"href":"https:\/\/www.pricetornado.com\/da\/wp-json\/wp\/v2\/media?parent=448663"}],"wp:term":[{"taxonomy":"store","embeddable":true,"href":"https:\/\/www.pricetornado.com\/da\/wp-json\/wp\/v2\/store?post=448663"},{"taxonomy":"product_brand","embeddable":true,"href":"https:\/\/www.pricetornado.com\/da\/wp-json\/wp\/v2\/product_brand?post=448663"},{"taxonomy":"product_cat","embeddable":true,"href":"https:\/\/www.pricetornado.com\/da\/wp-json\/wp\/v2\/product_cat?post=448663"},{"taxonomy":"product_tag","embeddable":true,"href":"https:\/\/www.pricetornado.com\/da\/wp-json\/wp\/v2\/product_tag?post=448663"}],"curies":[{"name":"wp","href":"https:\/\/api.w.org\/{rel}","templated":true}]}}