{"id":448653,"date":"2025-02-27T14:11:11","date_gmt":"2025-02-27T13:11:11","guid":{"rendered":"https:\/\/www.pricetornado.com\/da\/produkt\/alecto-genopladeligt-led-natlys-bjoern-bc140bear\/"},"modified":"2026-04-16T09:20:31","modified_gmt":"2026-04-16T07:20:31","slug":"alecto-genopladeligt-led-natlys-bjoern-bc140bear","status":"publish","type":"product","link":"https:\/\/www.pricetornado.com\/da\/produkt\/alecto-genopladeligt-led-natlys-bjoern-bc140bear\/","title":{"rendered":"Alecto &#8211; Genopladeligt LED-natlys, bj\u00f8rn &#8211; BC140BEAR"},"content":{"rendered":"<p>K\u00f8b billig Alecto &#8211; Genopladeligt LED-natlys, bj\u00f8rn &#8211; BC140BEAR!<br \/>\nBring komfort og stil til b\u00f8rnev\u00e6relset med Alecto genopladelig LED natlampe i et s\u00f8dt bj\u00f8rnedesign. Denne natlampe er fremstillet af bl\u00f8d og fleksibel silikone, hvilket g\u00f8r den sikker og behagelig at r\u00f8re ved, perfekt til sm\u00e5 h\u00e6nder. Med energieffektiv LED-teknologi giver lampen holdbarhed, lavt str\u00f8mforbrug og et blidt lys, der skaber en tryg og beroligende atmosf\u00e6re, som hj\u00e6lper b\u00f8rn med at falde i s\u00f8vn med selvtillid.Natlampen er designet med fokus p\u00e5 komfort og sikkerhed med materialer og funktioner velegnet til babyer og b\u00f8rn. LED-teknologien g\u00f8r lampen b\u00e5de energibesparende og slidst\u00e6rk, mens det b\u00f8rnevenlige bj\u00f8rnedesign g\u00f8r den til et charmerende og praktisk indslag i ethvert b\u00f8rnev\u00e6relse. En tryg ledsager til natlige rutiner og et fredeligt sovemilj\u00f8.<\/p>\n<p>Sammenlign priser p\u00e5 Alecto &#8211; Genopladeligt LED-natlys, bj\u00f8rn &#8211; BC140BEAR og k\u00f8b online til den billigste pris, samt p\u00e5 tilbud!\u00a0\u00a0Tjek den bedste pris, produkt beskrivelse, video, test, anmeldelser osv.<\/p>\n<p><strong>Brand: <\/strong>Alecto<br \/>\n<strong>EAN: <\/strong>8711902093626<br \/>\n<strong>Producentens varenr.:<\/strong> 8711902093626<\/p>\n<p><strong>P.S.<\/strong><br \/>\nTilmeld dig til &#8220;Opret Gratis Prisfald Alarm&#8221;, og bliv underrettet med det samme om prisfald p\u00e5 Alecto &#8211; Genopladeligt LED-natlys, bj\u00f8rn &#8211; BC140BEAR, og f\u00e5 den billigste pris!<\/p>\n<p>&nbsp;<\/p>\n<p>&nbsp;<\/p>\n","protected":false},"excerpt":{"rendered":"<p>K\u00f8b billig Alecto &#8211; Genopladeligt LED-natlys, bj\u00f8rn &#8211; BC140BEAR! Bring komfort og stil til b\u00f8rnev\u00e6relset med Alecto genopladelig LED natlampe i et s\u00f8dt bj\u00f8rnedesign. Denne natlampe er fremstillet af bl\u00f8d og fleksibel silikone, hvilket g\u00f8r den sikker og behagelig at r\u00f8re ved, perfekt til sm\u00e5 h\u00e6nder. Med energieffektiv LED-teknologi giver lampen holdbarhed, lavt str\u00f8mforbrug og [&hellip;]<\/p>\n","protected":false},"featured_media":999980000004486530,"template":"","meta":[],"store":[1272516],"product_brand":[1272518],"product_cat":[1272407],"product_tag":[1275186,1272697],"class_list":{"0":"post-448653","1":"product","2":"type-product","3":"status-publish","4":"has-post-thumbnail","6":"store-butik24","7":"product_brand-alecto","8":"product_cat-belysning-2","9":"product_tag-alecto","10":"product_tag-belysning","11":"pa_maerke-alecto","13":"first","14":"instock","15":"product-type-external"},"_links":{"self":[{"href":"https:\/\/www.pricetornado.com\/da\/wp-json\/wp\/v2\/product\/448653","targetHints":{"allow":["GET"]}}],"collection":[{"href":"https:\/\/www.pricetornado.com\/da\/wp-json\/wp\/v2\/product"}],"about":[{"href":"https:\/\/www.pricetornado.com\/da\/wp-json\/wp\/v2\/types\/product"}],"wp:featuredmedia":[{"embeddable":true,"href":"https:\/\/www.pricetornado.com\/da\/wp-json\/"}],"wp:attachment":[{"href":"https:\/\/www.pricetornado.com\/da\/wp-json\/wp\/v2\/media?parent=448653"}],"wp:term":[{"taxonomy":"store","embeddable":true,"href":"https:\/\/www.pricetornado.com\/da\/wp-json\/wp\/v2\/store?post=448653"},{"taxonomy":"product_brand","embeddable":true,"href":"https:\/\/www.pricetornado.com\/da\/wp-json\/wp\/v2\/product_brand?post=448653"},{"taxonomy":"product_cat","embeddable":true,"href":"https:\/\/www.pricetornado.com\/da\/wp-json\/wp\/v2\/product_cat?post=448653"},{"taxonomy":"product_tag","embeddable":true,"href":"https:\/\/www.pricetornado.com\/da\/wp-json\/wp\/v2\/product_tag?post=448653"}],"curies":[{"name":"wp","href":"https:\/\/api.w.org\/{rel}","templated":true}]}}