{"id":448598,"date":"2025-02-26T07:16:51","date_gmt":"2025-02-26T06:16:51","guid":{"rendered":"https:\/\/www.pricetornado.com\/da\/produkt\/nedis-digital-vaekkeur-radio-led-usb-c-female-fm-snooze-funktion-sleep-timer-antal-alarmer-2-brun-clar3004bn\/"},"modified":"2026-04-15T01:26:59","modified_gmt":"2026-04-14T23:26:59","slug":"nedis-digital-vaekkeur-radio-led-usb-c-female-fm-snooze-funktion-sleep-timer-antal-alarmer-2-brun-clar3004bn","status":"publish","type":"product","link":"https:\/\/www.pricetornado.com\/da\/produkt\/nedis-digital-vaekkeur-radio-led-usb-c-female-fm-snooze-funktion-sleep-timer-antal-alarmer-2-brun-clar3004bn\/","title":{"rendered":"Nedis &#8211; Digital v\u00e6kkeur Radio | LED | USB-C\u2122 Female | FM | Snooze funktion | Sleep timer | Antal alarmer: 2 | Brun &#8211; CLAR3004BN"},"content":{"rendered":"<p>K\u00f8b billig Nedis &#8211; Digital v\u00e6kkeur Radio | LED | USB-C\u2122 Female | FM | Snooze funktion | Sleep timer | Antal alarmer: 2 | Brun &#8211; CLAR3004BN!<br \/>\nDette digitale v\u00e6kkeur fra Nedis kombinerer moderne funktionalitet med et stilrent, brunt design, der passer perfekt til natbordet, hylden eller skrivebordet. Det er udviklet til dig, der \u00f8nsker en alsidig l\u00f8sning til tidtagning og underholdning \u2013 ideelt til b\u00e5de hjemmet og kontoret.Uret er udstyret med to uafh\u00e6ngige alarmer for fleksible v\u00e6kningsmuligheder. Snooze-funktionen lader dig tage en ekstra pause om morgenen, mens den indbyggede sleep timer automatisk slukker FM-radioen efter det valgte tidsrum. Dette giver dig en skr\u00e6ddersyet og komfortabel morgenrutine.Det r\u00f8de LED-display er let at afl\u00e6se b\u00e5de dag og nat, og du kan justere lysstyrken for at sikre optimale forhold \u2013 uanset om du vil have fuldt overblik om dagen eller d\u00e6mpet belysning om natten. Uret viser tiden tydeligt, s\u00e5 du aldrig mister overblikket.FM-radioen d\u00e6kker frekvensomr\u00e5det 87,5-108 MHz, og takket v\u00e6re lette tuningskontroller kan du hurtigt finde dine favoritstationer. Uret har desuden en USB-C female port, s\u00e5 du nemt kan oplade dine eksterne enheder og samle flere funktioner \u00e9t sted.Med m\u00e5lene 215 x 75 x 105 mm og en v\u00e6gt p\u00e5 kun 0,37 kg fylder v\u00e6kkeuret minimalt og er nemt at flytte rundt p\u00e5. Det klassiske brune finish tilf\u00f8rer et tidl\u00f8st og naturligt pr\u00e6g, s\u00e5 det matcher b\u00e5de moderne og minimalistiske indretninger.Nedis\u2019 digitale v\u00e6kkeur er det funktionelle valg til dig, der \u00f8nsker pr\u00e6cis tidtagning, p\u00e5lidelige alarmer og din foretrukne morgenv\u00e5genradio \u2013 alt samlet i et enkelt, elegant produkt. G\u00f8r din hverdag nemmere og mere overskuelig med denne multifunktionelle l\u00f8sning.<\/p>\n<p>Sammenlign priser p\u00e5 Nedis &#8211; Digital v\u00e6kkeur Radio | LED | USB-C\u2122 Female | FM | Snooze funktion | Sleep timer | Antal alarmer: 2 | Brun &#8211; CLAR3004BN og k\u00f8b online til den billigste pris, samt p\u00e5 tilbud!\u00a0\u00a0Tjek den bedste pris, produkt beskrivelse, video, test, anmeldelser osv.<\/p>\n<p><strong>Brand: <\/strong>Nedis<br \/>\n<strong>EAN: <\/strong>5412810474998<br \/>\n<strong>Producentens varenr.:<\/strong> 5412810474998<\/p>\n<p><strong>P.S.<\/strong><br \/>\nTilmeld dig til &#8220;Opret Gratis Prisfald Alarm&#8221;, og bliv underrettet med det samme om prisfald p\u00e5 Nedis &#8211; Digital v\u00e6kkeur Radio | LED | USB-C\u2122 Female | FM | Snooze funktion | Sleep timer | Antal alarmer: 2 | Brun &#8211; CLAR3004BN, og f\u00e5 den billigste pris!<\/p>\n<p>&nbsp;<\/p>\n<p>&nbsp;<\/p>\n","protected":false},"excerpt":{"rendered":"<p>K\u00f8b billig Nedis &#8211; Digital v\u00e6kkeur Radio | LED | USB-C\u2122 Female | FM | Snooze funktion | Sleep timer | Antal alarmer: 2 | Brun &#8211; CLAR3004BN! Dette digitale v\u00e6kkeur fra Nedis kombinerer moderne funktionalitet med et stilrent, brunt design, der passer perfekt til natbordet, hylden eller skrivebordet. Det er udviklet til dig, der [&hellip;]<\/p>\n","protected":false},"featured_media":0,"template":"","meta":[],"store":[1272516],"product_brand":[1272517],"product_cat":[1272454],"product_tag":[1275178,1272874],"class_list":{"0":"post-448598","1":"product","2":"type-product","3":"status-publish","5":"store-butik24","6":"product_brand-nedis","7":"product_cat-ure","8":"product_tag-nedis","9":"product_tag-ure","10":"pa_maerke-nedis","12":"first","13":"instock","14":"product-type-external"},"_links":{"self":[{"href":"https:\/\/www.pricetornado.com\/da\/wp-json\/wp\/v2\/product\/448598","targetHints":{"allow":["GET"]}}],"collection":[{"href":"https:\/\/www.pricetornado.com\/da\/wp-json\/wp\/v2\/product"}],"about":[{"href":"https:\/\/www.pricetornado.com\/da\/wp-json\/wp\/v2\/types\/product"}],"wp:attachment":[{"href":"https:\/\/www.pricetornado.com\/da\/wp-json\/wp\/v2\/media?parent=448598"}],"wp:term":[{"taxonomy":"store","embeddable":true,"href":"https:\/\/www.pricetornado.com\/da\/wp-json\/wp\/v2\/store?post=448598"},{"taxonomy":"product_brand","embeddable":true,"href":"https:\/\/www.pricetornado.com\/da\/wp-json\/wp\/v2\/product_brand?post=448598"},{"taxonomy":"product_cat","embeddable":true,"href":"https:\/\/www.pricetornado.com\/da\/wp-json\/wp\/v2\/product_cat?post=448598"},{"taxonomy":"product_tag","embeddable":true,"href":"https:\/\/www.pricetornado.com\/da\/wp-json\/wp\/v2\/product_tag?post=448598"}],"curies":[{"name":"wp","href":"https:\/\/api.w.org\/{rel}","templated":true}]}}