{"id":448483,"date":"2025-02-27T23:39:48","date_gmt":"2025-02-27T22:39:48","guid":{"rendered":"https:\/\/www.pricetornado.com\/da\/produkt\/lenco-pladespiller-med-2-x-110w-og-ortofon-2m-red-black-ls-700bk\/"},"modified":"2026-04-18T01:49:56","modified_gmt":"2026-04-17T23:49:56","slug":"lenco-pladespiller-med-2-x-110w-og-ortofon-2m-red-black-ls-700bk","status":"publish","type":"product","link":"https:\/\/www.pricetornado.com\/da\/produkt\/lenco-pladespiller-med-2-x-110w-og-ortofon-2m-red-black-ls-700bk\/","title":{"rendered":"Lenco &#8211; Pladespiller med 2 x 110W og Ortofon 2M Red Black &#8211; LS-700BK"},"content":{"rendered":"<p>K\u00f8b billig Lenco &#8211; Pladespiller med 2 x 110W og Ortofon 2M Red Black &#8211; LS-700BK!<br \/>\nOplev overlegen vinyllyd med Lenco High Power HiFi pladespiller med h\u00f8jttalere \u2013 udviklet til audiofile og musikentusiaster, der \u00f8nsker det ypperste inden for pr\u00e6cision og kraftfuld lyd. Denne avancerede pladespiller kombinerer pr\u00e6cisionsteknik, kraftfuld lydydelse og elegant design for at levere en enest\u00e5ende og fordybende lytteoplevelse.Pladespilleren er udstyret med Ortofon 2M Red-patron, som leverer spr\u00f8d, detaljeret og balanceret lyd med pr\u00e6cis gengivelse af alle frekvenser. Uanset om du foretr\u00e6kker klassisk eller moderne vinyl, bliver hver tone gengivet med klarhed og dybde.Den indbyggede stereoforst\u00e6rker p\u00e5 2 x 100 W RMS (i alt 200 W) sikrer en fyldig, rumfyldende lyd gennem de medf\u00f8lgende h\u00e5ndlavede h\u00f8jttalere i tr\u00e6. Den solide, akustisk optimerede tr\u00e6konstruktion forbedrer lydoplevelsen og giver ekstra holdbarhed.Med underst\u00f8ttelse af b\u00e5de 33 og 45 RPM, digitalt display for hastighed og automatisk hastighedsjustering, f\u00e5r du fuld kontrol over din vinylafspilning. En justerbar modv\u00e6gt og anti-skating-system sikrer j\u00e6vn rotation og pr\u00e6cis sporing, hvilket beskytter b\u00e5de dine plader og pickuppens n\u00e5l.Lenco pladespilleren er fremstillet med et kabinet i b\u00f8rstet aluminium for et holdbart, eksklusivt udtryk. Remtr\u00e6kket med b\u00f8rstel\u00f8s motor sikrer st\u00f8jsvag og j\u00e6vn drift, mens den mekaniske arml\u00f8ft giver sikker og pr\u00e6cis placering af n\u00e5len ved start og stop.Bluetooth 5.2 for tr\u00e5dl\u00f8s streaming til h\u00f8jttalernePakken indeholder alt, hvad du beh\u00f8ver for at komme i gang med din vinylsamling: str\u00f8mkabel, RCA-kabel, filtm\u00e5tte og korkm\u00e5tte. De guldbelagte stik sikrer optimal signaloverf\u00f8rsel, og den indbyggede RIAA-equalizer leverer n\u00f8jagtig, kildetro lyd.Lenco High Power HiFi pladespiller med tr\u00e6h\u00f8jttalere er det ideelle valg for musikelskere, der vil have b\u00e5de lydkvalitet, stil og brugervenlighed. Genopliv din vinylsamling og oplev et system, hvor kompromisl\u00f8s teknik, kraftfuld lyd og moderne muligheder g\u00e5r op i en h\u00f8jere enhed.<\/p>\n<p>Sammenlign priser p\u00e5 Lenco &#8211; Pladespiller med 2 x 110W og Ortofon 2M Red Black &#8211; LS-700BK og k\u00f8b online til den billigste pris, samt p\u00e5 tilbud!\u00a0\u00a0Tjek den bedste pris, produkt beskrivelse, video, test, anmeldelser osv.<\/p>\n<p><strong>Brand: <\/strong>Lenco<br \/>\n<strong>EAN: <\/strong>8711902091264<br \/>\n<strong>Producentens varenr.:<\/strong> 8711902091264<\/p>\n<p><strong>P.S.<\/strong><br \/>\nTilmeld dig til &#8220;Opret Gratis Prisfald Alarm&#8221;, og bliv underrettet med det samme om prisfald p\u00e5 Lenco &#8211; Pladespiller med 2 x 110W og Ortofon 2M Red Black &#8211; LS-700BK, og f\u00e5 den billigste pris!<\/p>\n<p>&nbsp;<\/p>\n<p>&nbsp;<\/p>\n","protected":false},"excerpt":{"rendered":"<p>K\u00f8b billig Lenco &#8211; Pladespiller med 2 x 110W og Ortofon 2M Red Black &#8211; LS-700BK! Oplev overlegen vinyllyd med Lenco High Power HiFi pladespiller med h\u00f8jttalere \u2013 udviklet til audiofile og musikentusiaster, der \u00f8nsker det ypperste inden for pr\u00e6cision og kraftfuld lyd. Denne avancerede pladespiller kombinerer pr\u00e6cisionsteknik, kraftfuld lydydelse og elegant design for at [&hellip;]<\/p>\n","protected":false},"featured_media":999980000004484830,"template":"","meta":[],"store":[1272516],"product_brand":[1272526],"product_cat":[1272677],"product_tag":[1275188,1275200],"class_list":{"0":"post-448483","1":"product","2":"type-product","3":"status-publish","4":"has-post-thumbnail","6":"store-butik24","7":"product_brand-lenco","8":"product_cat-pladespillere","9":"product_tag-lenco","10":"product_tag-pladespillere","11":"pa_maerke-lenco","13":"first","14":"instock","15":"product-type-external"},"_links":{"self":[{"href":"https:\/\/www.pricetornado.com\/da\/wp-json\/wp\/v2\/product\/448483","targetHints":{"allow":["GET"]}}],"collection":[{"href":"https:\/\/www.pricetornado.com\/da\/wp-json\/wp\/v2\/product"}],"about":[{"href":"https:\/\/www.pricetornado.com\/da\/wp-json\/wp\/v2\/types\/product"}],"wp:featuredmedia":[{"embeddable":true,"href":"https:\/\/www.pricetornado.com\/da\/wp-json\/"}],"wp:attachment":[{"href":"https:\/\/www.pricetornado.com\/da\/wp-json\/wp\/v2\/media?parent=448483"}],"wp:term":[{"taxonomy":"store","embeddable":true,"href":"https:\/\/www.pricetornado.com\/da\/wp-json\/wp\/v2\/store?post=448483"},{"taxonomy":"product_brand","embeddable":true,"href":"https:\/\/www.pricetornado.com\/da\/wp-json\/wp\/v2\/product_brand?post=448483"},{"taxonomy":"product_cat","embeddable":true,"href":"https:\/\/www.pricetornado.com\/da\/wp-json\/wp\/v2\/product_cat?post=448483"},{"taxonomy":"product_tag","embeddable":true,"href":"https:\/\/www.pricetornado.com\/da\/wp-json\/wp\/v2\/product_tag?post=448483"}],"curies":[{"name":"wp","href":"https:\/\/api.w.org\/{rel}","templated":true}]}}