{"id":448473,"date":"2025-02-24T13:28:31","date_gmt":"2025-02-24T12:28:31","guid":{"rendered":"https:\/\/www.pricetornado.com\/da\/produkt\/nedis-west402wt-vejrstation-indendoers-udendoers-inkluderet-traadloes-vejrsensor-vejrudsigt-tidsvisning-farve-lcd-display-alarmurfunktion\/"},"modified":"2026-04-17T10:10:16","modified_gmt":"2026-04-17T08:10:16","slug":"nedis-west402wt-vejrstation-indendoers-udendoers-inkluderet-traadloes-vejrsensor-vejrudsigt-tidsvisning-farve-lcd-display-alarmurfunktion","status":"publish","type":"product","link":"https:\/\/www.pricetornado.com\/da\/produkt\/nedis-west402wt-vejrstation-indendoers-udendoers-inkluderet-traadloes-vejrsensor-vejrudsigt-tidsvisning-farve-lcd-display-alarmurfunktion\/","title":{"rendered":"Nedis WEST402WT vejrstation Indend\u00f8rs &amp; Udend\u00f8rs | Inkluderet tr\u00e5dl\u00f8s vejrsensor | Vejrudsigt | Tidsvisning | Farve LCD Display | Alarmurfunktion"},"content":{"rendered":"<p>K\u00f8b billig Nedis WEST402WT vejrstation Indend\u00f8rs &amp; Udend\u00f8rs | Inkluderet tr\u00e5dl\u00f8s vejrsensor | Vejrudsigt | Tidsvisning | Farve LCD Display | Alarmurfunktion!<br \/>\nDenne alsidige, tr\u00e5dl\u00f8se Nedis-vejrstation indeholder oplysninger om indend\u00f8rs og udend\u00f8rs temperaturen samt rapportering om forventede vejrforhold. Desuden fungerer den som v\u00e6kkeur, s\u00e5 du uanset vejret altid kan komme ud af fjerene til tiden!Udend\u00f8rs sensoren kan anbringes overalt i haven. Den bruger 2 stk. AA-batteri (medf\u00f8lger ikke) til overf\u00f8rsel af fire niveauer af vejrdata til v\u00e6kkeuret\/vejrstationen indenfor via et 433 MHz frekvenssignal.Den slanke og elegante displayenhed kan anbringes overalt i hjemmet: Den f\u00e5r str\u00f8m fra den medf\u00f8lgende 230 V adapter eller fra 3 stk. AAA-batteri (medf\u00f8lger ikke). Indeholder information om tid og dato, et v\u00e6kkeur med snooze-funktion og information om den aktuelle temperatur, fugtighed og komfortniveau.\u2022 Tr\u00e5dl\u00f8s vejrstation &#8211; giver \u00f8jeblikkelige oplysninger om dagens temperatur og luftfugtighed (b\u00e5de indend\u00f8rs og udend\u00f8rs).<\/p>\n<p>Sammenlign priser p\u00e5 Nedis WEST402WT vejrstation Indend\u00f8rs &amp; Udend\u00f8rs | Inkluderet tr\u00e5dl\u00f8s vejrsensor | Vejrudsigt | Tidsvisning | Farve LCD Display | Alarmurfunktion og k\u00f8b online til den billigste pris, samt p\u00e5 tilbud!\u00a0\u00a0Tjek den bedste pris, produkt beskrivelse, video, test, anmeldelser osv.<\/p>\n<p><strong>Brand: <\/strong>Nedis<br \/>\n<strong>EAN: <\/strong>5412810271887<br \/>\n<strong>Producentens varenr.:<\/strong> 5412810271887<\/p>\n<p><strong>P.S.<\/strong><br \/>\nTilmeld dig til &#8220;Opret Gratis Prisfald Alarm&#8221;, og bliv underrettet med det samme om prisfald p\u00e5 Nedis WEST402WT vejrstation Indend\u00f8rs &amp; Udend\u00f8rs | Inkluderet tr\u00e5dl\u00f8s vejrsensor | Vejrudsigt | Tidsvisning | Farve LCD Display | Alarmurfunktion, og f\u00e5 den billigste pris!<\/p>\n<p>&nbsp;<\/p>\n<p>&nbsp;<\/p>\n","protected":false},"excerpt":{"rendered":"<p>K\u00f8b billig Nedis WEST402WT vejrstation Indend\u00f8rs &amp; Udend\u00f8rs | Inkluderet tr\u00e5dl\u00f8s vejrsensor | Vejrudsigt | Tidsvisning | Farve LCD Display | Alarmurfunktion! Denne alsidige, tr\u00e5dl\u00f8se Nedis-vejrstation indeholder oplysninger om indend\u00f8rs og udend\u00f8rs temperaturen samt rapportering om forventede vejrforhold. Desuden fungerer den som v\u00e6kkeur, s\u00e5 du uanset vejret altid kan komme ud af fjerene til tiden!Udend\u00f8rs [&hellip;]<\/p>\n","protected":false},"featured_media":999980000004484730,"template":"","meta":[],"store":[1272516],"product_brand":[1272517],"product_cat":[1272461],"product_tag":[1272817,1275178],"class_list":{"0":"post-448473","1":"product","2":"type-product","3":"status-publish","4":"has-post-thumbnail","6":"store-butik24","7":"product_brand-nedis","8":"product_cat-hjemmet","9":"product_tag-hjemmet","10":"product_tag-nedis","11":"pa_maerke-nedis","13":"first","14":"instock","15":"product-type-external"},"_links":{"self":[{"href":"https:\/\/www.pricetornado.com\/da\/wp-json\/wp\/v2\/product\/448473","targetHints":{"allow":["GET"]}}],"collection":[{"href":"https:\/\/www.pricetornado.com\/da\/wp-json\/wp\/v2\/product"}],"about":[{"href":"https:\/\/www.pricetornado.com\/da\/wp-json\/wp\/v2\/types\/product"}],"wp:featuredmedia":[{"embeddable":true,"href":"https:\/\/www.pricetornado.com\/da\/wp-json\/"}],"wp:attachment":[{"href":"https:\/\/www.pricetornado.com\/da\/wp-json\/wp\/v2\/media?parent=448473"}],"wp:term":[{"taxonomy":"store","embeddable":true,"href":"https:\/\/www.pricetornado.com\/da\/wp-json\/wp\/v2\/store?post=448473"},{"taxonomy":"product_brand","embeddable":true,"href":"https:\/\/www.pricetornado.com\/da\/wp-json\/wp\/v2\/product_brand?post=448473"},{"taxonomy":"product_cat","embeddable":true,"href":"https:\/\/www.pricetornado.com\/da\/wp-json\/wp\/v2\/product_cat?post=448473"},{"taxonomy":"product_tag","embeddable":true,"href":"https:\/\/www.pricetornado.com\/da\/wp-json\/wp\/v2\/product_tag?post=448473"}],"curies":[{"name":"wp","href":"https:\/\/api.w.org\/{rel}","templated":true}]}}