{"id":448386,"date":"2025-02-22T01:49:05","date_gmt":"2025-02-22T00:49:05","guid":{"rendered":"https:\/\/www.pricetornado.com\/da\/produkt\/imperial-dabman-120bk-dab-fm-radio-with-btrc-dabman-120bk\/"},"modified":"2026-04-17T08:00:19","modified_gmt":"2026-04-17T06:00:19","slug":"imperial-dabman-120bk-dab-fm-radio-with-btrc-dabman-120bk","status":"publish","type":"product","link":"https:\/\/www.pricetornado.com\/da\/produkt\/imperial-dabman-120bk-dab-fm-radio-with-btrc-dabman-120bk\/","title":{"rendered":"Imperial &#8211; DABMAN-120BK DAB+, FM radio with BT,RC &#8211; DABMAN-120BK"},"content":{"rendered":"<p>K\u00f8b billig Imperial &#8211; DABMAN-120BK DAB+, FM radio with BT,RC &#8211; DABMAN-120BK!<br \/>\nOplev klar lyd og alsidig funktionalitet med Imperial DAB+\/FM-radioen, designet til moderne lytning i et klassisk tr\u00e6hus. Radioen kombinerer avancerede funktioner med brugervenlige betjeningsmuligheder og passer perfekt til hjemmet, kontoret eller sovev\u00e6relset.Den indbyggede h\u00f8jttaler leverer klar og afbalanceret lyd, ideel til afslappet lytning. Radioen har h\u00f8jtydende stereo h\u00f8jttalere (2 x 10W), en 3-tommers subwoofer og equalizer for optimal lydkvalitet. Et stort TFT-farvedisplay p\u00e5 2,8&quot; (7,2 cm) med en opl\u00f8sning p\u00e5 240 x 320 pixels sikrer tydelig navigation og stationsinformation, underst\u00f8ttet af flersproget menunavigation.Bluetooth V5.3 for tr\u00e5dl\u00f8s streaming fra smartphone eller tabletMed mulighed for at gemme op til 30 favoritstationer p\u00e5 b\u00e5de DAB+ og FM og tre frit tildelbare forudindstillede knapper f\u00e5r du hurtig adgang til dine mest elskede kanaler. Radioen betjenes nemt via betjeningsknapper, medf\u00f8lgende fjernbetjening (inkl. batterier) eller den gratis AirMusic app til iOS og Android.Radioen har et klassisk udseende og vejer kun 1,8 kg med m\u00e5l p\u00e5 32 x 13,5 x 10,3 cm (B x H x D). Det kompakte design med b\u00e6reh\u00e5ndtag og aftagelig antenne g\u00f8r den nem at flytte fra rum til rum. Str\u00f8mforsyningen sker med netadapter.Imperial DAB+\/FM-radioen forener traditionelt design med moderne teknologi og praktiske funktioner, s\u00e5 du f\u00e5r kvalitetslyd, p\u00e5lidelighed og daglig bekvemmelighed.<\/p>\n<p>Sammenlign priser p\u00e5 Imperial &#8211; DABMAN-120BK DAB+, FM radio with BT,RC &#8211; DABMAN-120BK og k\u00f8b online til den billigste pris, samt p\u00e5 tilbud!\u00a0\u00a0Tjek den bedste pris, produkt beskrivelse, video, test, anmeldelser osv.<\/p>\n<p><strong>Brand: <\/strong>Imperial<br \/>\n<strong>EAN: <\/strong>8711902093732<br \/>\n<strong>Producentens varenr.:<\/strong> 8711902093732<\/p>\n<p><strong>P.S.<\/strong><br \/>\nTilmeld dig til &#8220;Opret Gratis Prisfald Alarm&#8221;, og bliv underrettet med det samme om prisfald p\u00e5 Imperial &#8211; DABMAN-120BK DAB+, FM radio with BT,RC &#8211; DABMAN-120BK, og f\u00e5 den billigste pris!<\/p>\n<p>&nbsp;<\/p>\n<p>&nbsp;<\/p>\n","protected":false},"excerpt":{"rendered":"<p>K\u00f8b billig Imperial &#8211; DABMAN-120BK DAB+, FM radio with BT,RC &#8211; DABMAN-120BK! Oplev klar lyd og alsidig funktionalitet med Imperial DAB+\/FM-radioen, designet til moderne lytning i et klassisk tr\u00e6hus. Radioen kombinerer avancerede funktioner med brugervenlige betjeningsmuligheder og passer perfekt til hjemmet, kontoret eller sovev\u00e6relset.Den indbyggede h\u00f8jttaler leverer klar og afbalanceret lyd, ideel til afslappet lytning. [&hellip;]<\/p>\n","protected":false},"featured_media":999980000004483860,"template":"","meta":[],"store":[1272516],"product_brand":[1272525],"product_cat":[1272439],"product_tag":[1275182,1272694],"class_list":{"0":"post-448386","1":"product","2":"type-product","3":"status-publish","4":"has-post-thumbnail","6":"store-butik24","7":"product_brand-imperial","8":"product_cat-radio-2","9":"product_tag-imperial","10":"product_tag-radio","11":"pa_maerke-imperial","13":"first","14":"instock","15":"product-type-external"},"_links":{"self":[{"href":"https:\/\/www.pricetornado.com\/da\/wp-json\/wp\/v2\/product\/448386","targetHints":{"allow":["GET"]}}],"collection":[{"href":"https:\/\/www.pricetornado.com\/da\/wp-json\/wp\/v2\/product"}],"about":[{"href":"https:\/\/www.pricetornado.com\/da\/wp-json\/wp\/v2\/types\/product"}],"wp:featuredmedia":[{"embeddable":true,"href":"https:\/\/www.pricetornado.com\/da\/wp-json\/"}],"wp:attachment":[{"href":"https:\/\/www.pricetornado.com\/da\/wp-json\/wp\/v2\/media?parent=448386"}],"wp:term":[{"taxonomy":"store","embeddable":true,"href":"https:\/\/www.pricetornado.com\/da\/wp-json\/wp\/v2\/store?post=448386"},{"taxonomy":"product_brand","embeddable":true,"href":"https:\/\/www.pricetornado.com\/da\/wp-json\/wp\/v2\/product_brand?post=448386"},{"taxonomy":"product_cat","embeddable":true,"href":"https:\/\/www.pricetornado.com\/da\/wp-json\/wp\/v2\/product_cat?post=448386"},{"taxonomy":"product_tag","embeddable":true,"href":"https:\/\/www.pricetornado.com\/da\/wp-json\/wp\/v2\/product_tag?post=448386"}],"curies":[{"name":"wp","href":"https:\/\/api.w.org\/{rel}","templated":true}]}}