{"id":448324,"date":"2025-02-27T09:44:41","date_gmt":"2025-02-27T08:44:41","guid":{"rendered":"https:\/\/www.pricetornado.com\/da\/produkt\/alecto-dvm2060\/"},"modified":"2026-04-17T11:20:22","modified_gmt":"2026-04-17T09:20:22","slug":"alecto-dvm2060","status":"publish","type":"product","link":"https:\/\/www.pricetornado.com\/da\/produkt\/alecto-dvm2060\/","title":{"rendered":"Alecto &#8211; DVM2060"},"content":{"rendered":"<p>K\u00f8b billig Alecto &#8211; DVM2060!<br \/>\nAlecto DVM2060 er en avanceret babyalarm, designet til at give p\u00e5lidelig overv\u00e5gning b\u00e5de i hjemmet og p\u00e5 farten. Den har et Full HD-kamera og en stor farvesk\u00e6rm p\u00e5 12,7 cm (5 tommer), som sikrer et klart overblik over dit barn hele tiden. Med Alecto Baby Connect-appen kan du f\u00f8lge liveoptagelser, modtage push-notifikationer ved lyd eller bev\u00e6gelse og justere indstillinger direkte via din smartphone eller tablet, uanset hvor du befinder dig.Systemet leverer en 100 % interferensfri og sikker forbindelse, s\u00e5 du har fuld tryghed i overv\u00e5gningen mellem kameraet, for\u00e6ldreenheden og appen. Push-notifikationer g\u00f8r dig \u00f8jeblikkeligt opm\u00e6rksom p\u00e5 lyd eller bev\u00e6gelse, uden at du beh\u00f8ver holde \u00f8je med sk\u00e6rmen hele tiden.Alecto DVM2060 kombinerer smart teknologi med praktisk funktionalitet, s\u00e5 du f\u00e5r en tryg og fleksibel l\u00f8sning til overv\u00e5gning af dit barn \u2013 b\u00e5de hjemme og n\u00e5r du er p\u00e5 farten. Med skarp video, app-underst\u00f8ttelse og sikre forbindelser f\u00e5r du ro i sindet og optimal kontrol i hverdagen.<\/p>\n<p>Sammenlign priser p\u00e5 Alecto &#8211; DVM2060 og k\u00f8b online til den billigste pris, samt p\u00e5 tilbud!\u00a0\u00a0Tjek den bedste pris, produkt beskrivelse, video, test, anmeldelser osv.<\/p>\n<p><strong>Brand: <\/strong>Alecto<br \/>\n<strong>EAN: <\/strong>8711902082262<br \/>\n<strong>Producentens varenr.:<\/strong> 8711902082262<\/p>\n<p><strong>P.S.<\/strong><br \/>\nTilmeld dig til &#8220;Opret Gratis Prisfald Alarm&#8221;, og bliv underrettet med det samme om prisfald p\u00e5 Alecto &#8211; DVM2060, og f\u00e5 den billigste pris!<\/p>\n<p>&nbsp;<\/p>\n<p>&nbsp;<\/p>\n","protected":false},"excerpt":{"rendered":"<p>K\u00f8b billig Alecto &#8211; DVM2060! Alecto DVM2060 er en avanceret babyalarm, designet til at give p\u00e5lidelig overv\u00e5gning b\u00e5de i hjemmet og p\u00e5 farten. Den har et Full HD-kamera og en stor farvesk\u00e6rm p\u00e5 12,7 cm (5 tommer), som sikrer et klart overblik over dit barn hele tiden. Med Alecto Baby Connect-appen kan du f\u00f8lge liveoptagelser, [&hellip;]<\/p>\n","protected":false},"featured_media":999980000004483240,"template":"","meta":[],"store":[1272516],"product_brand":[1272518],"product_cat":[1272510],"product_tag":[1275186,1272728],"class_list":{"0":"post-448324","1":"product","2":"type-product","3":"status-publish","4":"has-post-thumbnail","6":"store-butik24","7":"product_brand-alecto","8":"product_cat-babypleje","9":"product_tag-alecto","10":"product_tag-babypleje","11":"pa_maerke-alecto","13":"first","14":"instock","15":"product-type-external"},"_links":{"self":[{"href":"https:\/\/www.pricetornado.com\/da\/wp-json\/wp\/v2\/product\/448324","targetHints":{"allow":["GET"]}}],"collection":[{"href":"https:\/\/www.pricetornado.com\/da\/wp-json\/wp\/v2\/product"}],"about":[{"href":"https:\/\/www.pricetornado.com\/da\/wp-json\/wp\/v2\/types\/product"}],"wp:featuredmedia":[{"embeddable":true,"href":"https:\/\/www.pricetornado.com\/da\/wp-json\/"}],"wp:attachment":[{"href":"https:\/\/www.pricetornado.com\/da\/wp-json\/wp\/v2\/media?parent=448324"}],"wp:term":[{"taxonomy":"store","embeddable":true,"href":"https:\/\/www.pricetornado.com\/da\/wp-json\/wp\/v2\/store?post=448324"},{"taxonomy":"product_brand","embeddable":true,"href":"https:\/\/www.pricetornado.com\/da\/wp-json\/wp\/v2\/product_brand?post=448324"},{"taxonomy":"product_cat","embeddable":true,"href":"https:\/\/www.pricetornado.com\/da\/wp-json\/wp\/v2\/product_cat?post=448324"},{"taxonomy":"product_tag","embeddable":true,"href":"https:\/\/www.pricetornado.com\/da\/wp-json\/wp\/v2\/product_tag?post=448324"}],"curies":[{"name":"wp","href":"https:\/\/api.w.org\/{rel}","templated":true}]}}