{"id":448323,"date":"2025-02-23T02:42:24","date_gmt":"2025-02-23T01:42:24","guid":{"rendered":"https:\/\/www.pricetornado.com\/da\/produkt\/nedis-vaegur-diameter-300-mm-plastik-radiostyret-tid-stille-bevaegelse-hvid-sort-clwa6226bk\/"},"modified":"2026-04-20T06:50:31","modified_gmt":"2026-04-20T04:50:31","slug":"nedis-vaegur-diameter-300-mm-plastik-radiostyret-tid-stille-bevaegelse-hvid-sort-clwa6226bk","status":"publish","type":"product","link":"https:\/\/www.pricetornado.com\/da\/produkt\/nedis-vaegur-diameter-300-mm-plastik-radiostyret-tid-stille-bevaegelse-hvid-sort-clwa6226bk\/","title":{"rendered":"Nedis &#8211; V\u00e6gur | Diameter: 300 mm | Plastik | Radiostyret tid | Stille bev\u00e6gelse | Hvid \/ Sort &#8211; CLWA6226BK"},"content":{"rendered":"<p>K\u00f8b billig Nedis &#8211; V\u00e6gur | Diameter: 300 mm | Plastik | Radiostyret tid | Stille bev\u00e6gelse | Hvid \/ Sort &#8211; CLWA6226BK!<br \/>\nF\u00e5 n\u00f8jagtig og vedligeholdelsesfri tidstagning i alle professionelle og private milj\u00f8er med dette radiostyrede v\u00e6gur fra Nedis. Med en diameter p\u00e5 30 cm passer uret perfekt til hjem, kontorer, skoler, offentlige bygninger og kommercielle rum. Det kombinerer moderne \u00e6stetik med maksimal funktionalitet og sikrer, at du altid har styr p\u00e5 den korrekte tid.Uret modtager DCF-radiosignaler direkte fra Frankfurt, hvilket betyder, at det automatisk synkroniserer sig til den pr\u00e6cise centraleurop\u00e6iske tid (CET, GMT+1). Justeringen sker helt automatisk ved skift mellem standardtid og sommertid, s\u00e5 du slipper for manuel omstilling og altid opn\u00e5r maksimal n\u00f8jagtighed.V\u00e6guret er fremstillet med en let plastikramme og en hvid urskive med sorte indeks, hvilket giver et moderne, minimalistisk udtryk og fremragende l\u00e6sbarhed \u2013 selv p\u00e5 afstand. Det enkle og rene design g\u00f8r det ideelt til omr\u00e5der med meget trafik, hvor tiden skal kunne afl\u00e6ses hurtigt og tydeligt.Det indbyggede, lydsvage urv\u00e6rk sikrer stille drift og g\u00f8r uret s\u00e6rligt velegnet til st\u00f8jf\u00f8lsomme omgivelser som sovev\u00e6relser og \u00e5bne kontormilj\u00f8er. Derudover har uret en mulighed for manuel tidsindstilling, hvis radiomodtagelsen ikke er mulig eller hvis man \u00f8nsker at indstille tiden manuelt.Driften kr\u00e6ver kun et enkelt AA-batteri (medf\u00f8lger ikke), hvilket g\u00f8r uret energieffektivt og praktisk i brug. Den radiostyrede mekanisme minimerer behovet for batteriskift og eliminerer behovet for regelm\u00e6ssig manuel justering af tiden, hvilket sikrer p\u00e5lidelighed og lav vedligeholdelse.V\u00e6lg dette stilrene, pr\u00e6cise og vedligeholdelsesfrie radiostyrede v\u00e6gur fra Nedis for p\u00e5lidelig tidsstyring i ethvert rum.<\/p>\n<p>Sammenlign priser p\u00e5 Nedis &#8211; V\u00e6gur | Diameter: 300 mm | Plastik | Radiostyret tid | Stille bev\u00e6gelse | Hvid \/ Sort &#8211; CLWA6226BK og k\u00f8b online til den billigste pris, samt p\u00e5 tilbud!\u00a0\u00a0Tjek den bedste pris, produkt beskrivelse, video, test, anmeldelser osv.<\/p>\n<p><strong>Brand: <\/strong>Nedis<br \/>\n<strong>EAN: <\/strong>5412810473649<br \/>\n<strong>Producentens varenr.:<\/strong> 5412810473649<\/p>\n<p><strong>P.S.<\/strong><br \/>\nTilmeld dig til &#8220;Opret Gratis Prisfald Alarm&#8221;, og bliv underrettet med det samme om prisfald p\u00e5 Nedis &#8211; V\u00e6gur | Diameter: 300 mm | Plastik | Radiostyret tid | Stille bev\u00e6gelse | Hvid \/ Sort &#8211; CLWA6226BK, og f\u00e5 den billigste pris!<\/p>\n<p>&nbsp;<\/p>\n<p>&nbsp;<\/p>\n","protected":false},"excerpt":{"rendered":"<p>K\u00f8b billig Nedis &#8211; V\u00e6gur | Diameter: 300 mm | Plastik | Radiostyret tid | Stille bev\u00e6gelse | Hvid \/ Sort &#8211; CLWA6226BK! F\u00e5 n\u00f8jagtig og vedligeholdelsesfri tidstagning i alle professionelle og private milj\u00f8er med dette radiostyrede v\u00e6gur fra Nedis. Med en diameter p\u00e5 30 cm passer uret perfekt til hjem, kontorer, skoler, offentlige bygninger [&hellip;]<\/p>\n","protected":false},"featured_media":999980000004483230,"template":"","meta":[],"store":[1272516],"product_brand":[1272517],"product_cat":[1272454],"product_tag":[1275178,1272874],"class_list":{"0":"post-448323","1":"product","2":"type-product","3":"status-publish","4":"has-post-thumbnail","6":"store-butik24","7":"product_brand-nedis","8":"product_cat-ure","9":"product_tag-nedis","10":"product_tag-ure","11":"pa_maerke-nedis","13":"first","14":"instock","15":"product-type-external"},"_links":{"self":[{"href":"https:\/\/www.pricetornado.com\/da\/wp-json\/wp\/v2\/product\/448323","targetHints":{"allow":["GET"]}}],"collection":[{"href":"https:\/\/www.pricetornado.com\/da\/wp-json\/wp\/v2\/product"}],"about":[{"href":"https:\/\/www.pricetornado.com\/da\/wp-json\/wp\/v2\/types\/product"}],"wp:featuredmedia":[{"embeddable":true,"href":"https:\/\/www.pricetornado.com\/da\/wp-json\/"}],"wp:attachment":[{"href":"https:\/\/www.pricetornado.com\/da\/wp-json\/wp\/v2\/media?parent=448323"}],"wp:term":[{"taxonomy":"store","embeddable":true,"href":"https:\/\/www.pricetornado.com\/da\/wp-json\/wp\/v2\/store?post=448323"},{"taxonomy":"product_brand","embeddable":true,"href":"https:\/\/www.pricetornado.com\/da\/wp-json\/wp\/v2\/product_brand?post=448323"},{"taxonomy":"product_cat","embeddable":true,"href":"https:\/\/www.pricetornado.com\/da\/wp-json\/wp\/v2\/product_cat?post=448323"},{"taxonomy":"product_tag","embeddable":true,"href":"https:\/\/www.pricetornado.com\/da\/wp-json\/wp\/v2\/product_tag?post=448323"}],"curies":[{"name":"wp","href":"https:\/\/api.w.org\/{rel}","templated":true}]}}