{"id":448315,"date":"2025-02-24T09:30:23","date_gmt":"2025-02-24T08:30:23","guid":{"rendered":"https:\/\/www.pricetornado.com\/da\/produkt\/alecto-extra-camera-dvm2060-dvm2060c\/"},"modified":"2026-04-17T11:20:20","modified_gmt":"2026-04-17T09:20:20","slug":"alecto-extra-camera-dvm2060-dvm2060c","status":"publish","type":"product","link":"https:\/\/www.pricetornado.com\/da\/produkt\/alecto-extra-camera-dvm2060-dvm2060c\/","title":{"rendered":"Alecto &#8211; Extra camera DVM2060 &#8211; DVM2060C"},"content":{"rendered":"<p>K\u00f8b billig Alecto &#8211; Extra camera DVM2060 &#8211; DVM2060C!<br \/>\nUdvid dit Alecto DVM2060 video babyalarmsystem med dette ekstra kamera, DVM2060C. Det giver dig mulighed for at overv\u00e5ge flere rum eller vinkler samtidig og \u00f8ger trygheden i hjemmet.DVM2060C er udviklet som et supplerende kamera til DVM2060-systemet, der kan udvides med op til fire kameraer. Du f\u00e5r derved overblik over flere omr\u00e5der gennem split-screen funktionen p\u00e5 for\u00e6ldreenheden.Kameraet leveres med v\u00e6gbeslag, s\u00e5 du kan montere det fast p\u00e5 v\u00e6ggen og sikre optimal placering og stabilitet. Dette giver dig fleksibel overv\u00e5gning uden behov for ekstra udstyr.DVM2060C underst\u00f8tter systemets Full Eco energisparefunktion, hvilket giver lavt str\u00f8mforbrug. Kameraet leverer fremragende lyd og klare billeder b\u00e5de dag og nat.Kameraet har natfunktion, der sikrer tydelige billeder under d\u00e5rlige lysforhold. Hele DVM2060-systemet har en r\u00e6kkevidde p\u00e5 op til 50 meter indend\u00f8rs og 300 meter udend\u00f8rs, hvilket giver fleksible placeringsmuligheder.Tilf\u00f8j dette ekstra kamera til din Alecto DVM2060 babyalarm og f\u00e5 st\u00f8rre d\u00e6kning med nem integration. Kameraet arbejder problemfrit sammen med hovedenheden og giver dig tryghed i hele hjemmet.<\/p>\n<p>Sammenlign priser p\u00e5 Alecto &#8211; Extra camera DVM2060 &#8211; DVM2060C og k\u00f8b online til den billigste pris, samt p\u00e5 tilbud!\u00a0\u00a0Tjek den bedste pris, produkt beskrivelse, video, test, anmeldelser osv.<\/p>\n<p><strong>Brand: <\/strong>Alecto<br \/>\n<strong>EAN: <\/strong>8711902087540<br \/>\n<strong>Producentens varenr.:<\/strong> 8711902087540<\/p>\n<p><strong>P.S.<\/strong><br \/>\nTilmeld dig til &#8220;Opret Gratis Prisfald Alarm&#8221;, og bliv underrettet med det samme om prisfald p\u00e5 Alecto &#8211; Extra camera DVM2060 &#8211; DVM2060C, og f\u00e5 den billigste pris!<\/p>\n<p>&nbsp;<\/p>\n<p>&nbsp;<\/p>\n","protected":false},"excerpt":{"rendered":"<p>K\u00f8b billig Alecto &#8211; Extra camera DVM2060 &#8211; DVM2060C! Udvid dit Alecto DVM2060 video babyalarmsystem med dette ekstra kamera, DVM2060C. Det giver dig mulighed for at overv\u00e5ge flere rum eller vinkler samtidig og \u00f8ger trygheden i hjemmet.DVM2060C er udviklet som et supplerende kamera til DVM2060-systemet, der kan udvides med op til fire kameraer. Du f\u00e5r [&hellip;]<\/p>\n","protected":false},"featured_media":999980000004483150,"template":"","meta":[],"store":[1272516],"product_brand":[1272518],"product_cat":[1272510],"product_tag":[1275186,1272728],"class_list":{"0":"post-448315","1":"product","2":"type-product","3":"status-publish","4":"has-post-thumbnail","6":"store-butik24","7":"product_brand-alecto","8":"product_cat-babypleje","9":"product_tag-alecto","10":"product_tag-babypleje","11":"pa_maerke-alecto","13":"first","14":"instock","15":"product-type-external"},"_links":{"self":[{"href":"https:\/\/www.pricetornado.com\/da\/wp-json\/wp\/v2\/product\/448315","targetHints":{"allow":["GET"]}}],"collection":[{"href":"https:\/\/www.pricetornado.com\/da\/wp-json\/wp\/v2\/product"}],"about":[{"href":"https:\/\/www.pricetornado.com\/da\/wp-json\/wp\/v2\/types\/product"}],"wp:featuredmedia":[{"embeddable":true,"href":"https:\/\/www.pricetornado.com\/da\/wp-json\/"}],"wp:attachment":[{"href":"https:\/\/www.pricetornado.com\/da\/wp-json\/wp\/v2\/media?parent=448315"}],"wp:term":[{"taxonomy":"store","embeddable":true,"href":"https:\/\/www.pricetornado.com\/da\/wp-json\/wp\/v2\/store?post=448315"},{"taxonomy":"product_brand","embeddable":true,"href":"https:\/\/www.pricetornado.com\/da\/wp-json\/wp\/v2\/product_brand?post=448315"},{"taxonomy":"product_cat","embeddable":true,"href":"https:\/\/www.pricetornado.com\/da\/wp-json\/wp\/v2\/product_cat?post=448315"},{"taxonomy":"product_tag","embeddable":true,"href":"https:\/\/www.pricetornado.com\/da\/wp-json\/wp\/v2\/product_tag?post=448315"}],"curies":[{"name":"wp","href":"https:\/\/api.w.org\/{rel}","templated":true}]}}