{"id":448221,"date":"2025-02-26T22:49:06","date_gmt":"2025-02-26T21:49:06","guid":{"rendered":"https:\/\/www.pricetornado.com\/da\/produkt\/philips-hue-signe-gradient-gulvlampe-sort\/"},"modified":"2026-04-18T09:10:13","modified_gmt":"2026-04-18T07:10:13","slug":"philips-hue-signe-gradient-gulvlampe-sort","status":"publish","type":"product","link":"https:\/\/www.pricetornado.com\/da\/produkt\/philips-hue-signe-gradient-gulvlampe-sort\/","title":{"rendered":"Philips HUE Signe gradient gulvlampe Sort"},"content":{"rendered":"<p>K\u00f8b billig Philips HUE Signe gradient gulvlampe Sort!<br \/>\nOpgrader din boligindretning med Philips Hue Signe gradient gulvlampe, der kombinerer et slankt og stilfuldt design i holdbart aluminium med avanceret smart belysning. Lampen tilf\u00f8rer b\u00e5de \u00e6stetik og funktionalitet ved at kaste unikke farveforl\u00f8b p\u00e5 dine v\u00e6gge, hvilket skaber en indbydende atmosf\u00e6re, uanset om du holder fest eller slapper af alene.Hue Signe gradient gulvlampen byder p\u00e5 fleksibel belysning, hvor du kan blande flere farver samtidigt og skabe et unikt look, der komplementerer enhver boligindretningsstil. Lampen d\u00e6kker et bredt farvespektrum med farvetemperaturer fra 2000K (varm) til 6500K (kold), og du har adgang til millioner af farvenuancer for at matche enhver stemning og lejlighed.Styr lyset p\u00e5 din m\u00e5de \u2013 brug Philips Hue appen p\u00e5 din smartphone eller tablet til at tilpasse lysstyrke og farver, eller tilf\u00f8j letanvendeligt tilbeh\u00f8r s\u00e5som Hue Dimmer switch eller Hue Motion sensor for ekstra komfort. Lampen underst\u00f8tter desuden stemmestyring via Amazon Alexa, Apple HomeKit og Google Assistant, s\u00e5 du nemt kan betjene din Signe gulvlampe h\u00e5ndfrit.Energibesparende LED-teknologi med op til 25.000 timers levetidPhilips Hue Signe gradient gulvlampe er ideel til dig, der \u00f8nsker fleksibel og stemningsskabende belysning til hjemmet. Lampen er ikke b\u00e6rbar, men dens holdbare materialer sikrer, at den st\u00e5r stabilt og holder i mange \u00e5r. G\u00f8r hver aften til noget s\u00e6rligt med farverigt lys, der b\u00e5de kan afslappe eller g\u00f8re hverdagen til en fest.<\/p>\n<p>Sammenlign priser p\u00e5 Philips HUE Signe gradient gulvlampe Sort og k\u00f8b online til den billigste pris, samt p\u00e5 tilbud!\u00a0\u00a0Tjek den bedste pris, produkt beskrivelse, video, test, anmeldelser osv.<\/p>\n<p><strong>Brand: <\/strong>Philips Hue<br \/>\n<strong>EAN: <\/strong>8719514476219<br \/>\n<strong>Producentens varenr.:<\/strong> 8719514476219<\/p>\n<p><strong>P.S.<\/strong><br \/>\nTilmeld dig til &#8220;Opret Gratis Prisfald Alarm&#8221;, og bliv underrettet med det samme om prisfald p\u00e5 Philips HUE Signe gradient gulvlampe Sort, og f\u00e5 den billigste pris!<\/p>\n<p>&nbsp;<\/p>\n<p>&nbsp;<\/p>\n","protected":false},"excerpt":{"rendered":"<p>K\u00f8b billig Philips HUE Signe gradient gulvlampe Sort! Opgrader din boligindretning med Philips Hue Signe gradient gulvlampe, der kombinerer et slankt og stilfuldt design i holdbart aluminium med avanceret smart belysning. Lampen tilf\u00f8rer b\u00e5de \u00e6stetik og funktionalitet ved at kaste unikke farveforl\u00f8b p\u00e5 dine v\u00e6gge, hvilket skaber en indbydende atmosf\u00e6re, uanset om du holder fest [&hellip;]<\/p>\n","protected":false},"featured_media":999980000004482210,"template":"","meta":[],"store":[1272516],"product_brand":[1272523],"product_cat":[1272407],"product_tag":[1272697,1272767],"class_list":{"0":"post-448221","1":"product","2":"type-product","3":"status-publish","4":"has-post-thumbnail","6":"store-butik24","7":"product_brand-philips-hue","8":"product_cat-belysning-2","9":"product_tag-belysning","10":"product_tag-philips-hue","11":"pa_maerke-philips-hue","13":"first","14":"instock","15":"product-type-external"},"_links":{"self":[{"href":"https:\/\/www.pricetornado.com\/da\/wp-json\/wp\/v2\/product\/448221","targetHints":{"allow":["GET"]}}],"collection":[{"href":"https:\/\/www.pricetornado.com\/da\/wp-json\/wp\/v2\/product"}],"about":[{"href":"https:\/\/www.pricetornado.com\/da\/wp-json\/wp\/v2\/types\/product"}],"wp:featuredmedia":[{"embeddable":true,"href":"https:\/\/www.pricetornado.com\/da\/wp-json\/"}],"wp:attachment":[{"href":"https:\/\/www.pricetornado.com\/da\/wp-json\/wp\/v2\/media?parent=448221"}],"wp:term":[{"taxonomy":"store","embeddable":true,"href":"https:\/\/www.pricetornado.com\/da\/wp-json\/wp\/v2\/store?post=448221"},{"taxonomy":"product_brand","embeddable":true,"href":"https:\/\/www.pricetornado.com\/da\/wp-json\/wp\/v2\/product_brand?post=448221"},{"taxonomy":"product_cat","embeddable":true,"href":"https:\/\/www.pricetornado.com\/da\/wp-json\/wp\/v2\/product_cat?post=448221"},{"taxonomy":"product_tag","embeddable":true,"href":"https:\/\/www.pricetornado.com\/da\/wp-json\/wp\/v2\/product_tag?post=448221"}],"curies":[{"name":"wp","href":"https:\/\/api.w.org\/{rel}","templated":true}]}}