{"id":448218,"date":"2025-02-22T03:03:50","date_gmt":"2025-02-22T02:03:50","guid":{"rendered":"https:\/\/www.pricetornado.com\/da\/produkt\/nedis-kaaf250ebk-digital-hot-air-fryer-6-5-l-sort\/"},"modified":"2026-04-18T02:00:02","modified_gmt":"2026-04-18T00:00:02","slug":"nedis-kaaf250ebk-digital-hot-air-fryer-6-5-l-sort","status":"publish","type":"product","link":"https:\/\/www.pricetornado.com\/da\/produkt\/nedis-kaaf250ebk-digital-hot-air-fryer-6-5-l-sort\/","title":{"rendered":"Nedis KAAF250EBK Digital Hot Air fryer, 6.5 L , Sort"},"content":{"rendered":"<p>K\u00f8b billig Nedis KAAF250EBK Digital Hot Air fryer, 6.5 L , Sort!<br \/>\nNedis digital airfryer med 6,5 liters kapacitet g\u00f8r det muligt at tilberede op til 1,4 kg pommes frites eller en hel kylling p\u00e5 \u00e9n gang \u2013 perfekt til store familier og sociale sammenkomster. Den rummelige kurv giver dig samtidig frihed til at tilberede mange forskellige retter p\u00e5 \u00e9n gang.Med en kraftfuld 1800 W varmeelement og hurtig varmluftcirkulation sikrer airfryeren spr\u00f8de resultater med minimal brug af olie. Det g\u00f8r dine retter mere fedtfattige og sunde, samtidig med at tilberedningstiden reduceres markant. Airfryeren egner sig b\u00e5de til stegning, bagning og grillning.Det digitale kontrolpanel med ber\u00f8ringstaster og LCD-sk\u00e6rm giver dig fuld kontrol over madlavningen. Temperaturen kan justeres mellem 80 \u00b0C og 200 \u00b0C, og tidsindstillingen kan s\u00e6ttes op til 60 minutter. En indbygget advarselstone markerer, n\u00e5r tilberedningen er afsluttet, s\u00e5 du altid har fuldt overblik.Med 12 forprogrammerede tilberedningsindstillinger til eksempelvis pommes frites, kyllingel\u00e5r, majs, ribben, b\u00f8f, kartoffelb\u00e5de, rejer, fisk, kylling, kage, br\u00f8d og n\u00f8dder f\u00e5r du altid perfekte resultater uden besv\u00e6r.B\u00e5de gryden og friturekurven er bekl\u00e6dt med non-stick bel\u00e6gning og t\u00e5ler maskinopvask, s\u00e5 reng\u00f8ringen er b\u00e5de hurtig og enkel. Airfryeren er fremstillet med plastichus for lav v\u00e6gt og har skridsikre gummif\u00f8dder, som forhindrer bev\u00e6gelse under brug og \u00f8ger sikkerheden for hele familien.\u00d8nsker du en rummelig, brugervenlig og effektiv airfryer til sund madlavning for hele familien, er Nedis digital airfryer det oplagte valg. Se flere modeller i vores udvalg af og find den perfekte l\u00f8sning til dit k\u00f8kken.<\/p>\n<p>Sammenlign priser p\u00e5 Nedis KAAF250EBK Digital Hot Air fryer, 6.5 L , Sort og k\u00f8b online til den billigste pris, samt p\u00e5 tilbud!\u00a0\u00a0Tjek den bedste pris, produkt beskrivelse, video, test, anmeldelser osv.<\/p>\n<p><strong>Brand: <\/strong>Nedis<br \/>\n<strong>EAN: <\/strong>5412810334360<br \/>\n<strong>Producentens varenr.:<\/strong> 5412810334360<\/p>\n<p><strong>P.S.<\/strong><br \/>\nTilmeld dig til &#8220;Opret Gratis Prisfald Alarm&#8221;, og bliv underrettet med det samme om prisfald p\u00e5 Nedis KAAF250EBK Digital Hot Air fryer, 6.5 L , Sort, og f\u00e5 den billigste pris!<\/p>\n<p>&nbsp;<\/p>\n<p>&nbsp;<\/p>\n","protected":false},"excerpt":{"rendered":"<p>K\u00f8b billig Nedis KAAF250EBK Digital Hot Air fryer, 6.5 L , Sort! Nedis digital airfryer med 6,5 liters kapacitet g\u00f8r det muligt at tilberede op til 1,4 kg pommes frites eller en hel kylling p\u00e5 \u00e9n gang \u2013 perfekt til store familier og sociale sammenkomster. Den rummelige kurv giver dig samtidig frihed til at tilberede [&hellip;]<\/p>\n","protected":false},"featured_media":999980000004482180,"template":"","meta":[],"store":[1272516],"product_brand":[1272517],"product_cat":[831418],"product_tag":[1272683,1275178],"class_list":{"0":"post-448218","1":"product","2":"type-product","3":"status-publish","4":"has-post-thumbnail","6":"store-butik24","7":"product_brand-nedis","8":"product_cat-koekkenudstyr","9":"product_tag-koekkenudstyr","10":"product_tag-nedis","11":"pa_maerke-nedis","13":"first","14":"instock","15":"product-type-external"},"_links":{"self":[{"href":"https:\/\/www.pricetornado.com\/da\/wp-json\/wp\/v2\/product\/448218","targetHints":{"allow":["GET"]}}],"collection":[{"href":"https:\/\/www.pricetornado.com\/da\/wp-json\/wp\/v2\/product"}],"about":[{"href":"https:\/\/www.pricetornado.com\/da\/wp-json\/wp\/v2\/types\/product"}],"wp:featuredmedia":[{"embeddable":true,"href":"https:\/\/www.pricetornado.com\/da\/wp-json\/"}],"wp:attachment":[{"href":"https:\/\/www.pricetornado.com\/da\/wp-json\/wp\/v2\/media?parent=448218"}],"wp:term":[{"taxonomy":"store","embeddable":true,"href":"https:\/\/www.pricetornado.com\/da\/wp-json\/wp\/v2\/store?post=448218"},{"taxonomy":"product_brand","embeddable":true,"href":"https:\/\/www.pricetornado.com\/da\/wp-json\/wp\/v2\/product_brand?post=448218"},{"taxonomy":"product_cat","embeddable":true,"href":"https:\/\/www.pricetornado.com\/da\/wp-json\/wp\/v2\/product_cat?post=448218"},{"taxonomy":"product_tag","embeddable":true,"href":"https:\/\/www.pricetornado.com\/da\/wp-json\/wp\/v2\/product_tag?post=448218"}],"curies":[{"name":"wp","href":"https:\/\/api.w.org\/{rel}","templated":true}]}}