{"id":448200,"date":"2025-02-26T18:21:10","date_gmt":"2025-02-26T17:21:10","guid":{"rendered":"https:\/\/www.pricetornado.com\/da\/produkt\/alecto-babyalarm-med-24-tommer-kamera-dvm71black\/"},"modified":"2026-04-18T08:10:25","modified_gmt":"2026-04-18T06:10:25","slug":"alecto-babyalarm-med-24-tommer-kamera-dvm71black","status":"publish","type":"product","link":"https:\/\/www.pricetornado.com\/da\/produkt\/alecto-babyalarm-med-24-tommer-kamera-dvm71black\/","title":{"rendered":"Alecto &#8211; Babyalarm med 2,4 tommer kamera &#8211; DVM71BLACK"},"content":{"rendered":"<p>K\u00f8b billig Alecto &#8211; Babyalarm med 2,4 tommer kamera &#8211; DVM71BLACK!<br \/>\nOplev ro i sindet med Alecto babyalarm med kamera, der g\u00f8r det nemt at holde \u00f8je med din baby \u2013 dag og nat. Den brugervenlige for\u00e6ldreenhed er udstyret med en 2,4 tommer TFT-farvesk\u00e6rm med ridsefast overflade, s\u00e5 du altid f\u00e5r et krystalklart billede. Med natfunktion og infrar\u00f8dt natlys kan du tydeligt se dit barn, selv n\u00e5r det er m\u00f8rkt, og sk\u00e6rmen kan vippes for optimal betragtningsvinkel uanset placering i hjemmet.B\u00e5de for\u00e6ldre- og babyenhed er fremstillet i slidst\u00e6rk og b\u00f8rnesikker plast, der er designet til hverdagens brug og sikker placering i hjemmet. Den stabile 2,4 GHz FHSS digitale signalteknologi sikrer en forstyrrelsesfri forbindelse med klar lyd og billede over en lang r\u00e6kkevidde \u2013 op til 50 meter indend\u00f8rs og 300 meter udend\u00f8rs.Med tovejs-lydfunktionen kan du kommunikere med dit barn direkte gennem babyalarmen, s\u00e5 du kan berolige det med din stemme. Den indbyggede temperatursensor m\u00e5ler og overv\u00e5ger konstant rummets temperatur, s\u00e5 du undg\u00e5r at det bliver for varmt eller koldt for din baby. Batteriet er genopladeligt og giver op til 10 timers driftstid p\u00e5 en opladning. Du kan aktivere ECO-tilstand og den justerbare VOX-funktion, som kun aktiverer sk\u00e6rmen og lyden, n\u00e5r der registreres lyd, hvilket forl\u00e6nger batteriets levetid og sparer energi.Basispakken inkluderer \u00e9t kamera, men systemet kan udvides til op til fire kameraer \u2013 ideelt hvis du har flere b\u00f8rn eller \u00f8nsker overv\u00e5gning flere steder i hjemmet. Babyalarmen tilbyder desuden bev\u00e6gelsesdetektion, alarmfunktion samt indikator for, hvis enhederne er uden for r\u00e6kkevidde. Det hele er konstrueret i ikke-giftigt materiale og med sikre monteringsmuligheder.Med Alecto babyalarm DVM-71 f\u00e5r du en p\u00e5lidelig, brugervenlig og sikker babyalarm med kamera og farvesk\u00e6rm. Hold opsyn med din baby hele d\u00f8gnet og f\u00e5 optimal tryghed i hverdagen \u2013 uanset hvor du er i hjemmet.<\/p>\n<p>Sammenlign priser p\u00e5 Alecto &#8211; Babyalarm med 2,4 tommer kamera &#8211; DVM71BLACK og k\u00f8b online til den billigste pris, samt p\u00e5 tilbud!\u00a0\u00a0Tjek den bedste pris, produkt beskrivelse, video, test, anmeldelser osv.<\/p>\n<p><strong>Brand: <\/strong>Alecto<br \/>\n<strong>EAN: <\/strong>8711902092001<br \/>\n<strong>Producentens varenr.:<\/strong> 8711902092001<\/p>\n<p><strong>P.S.<\/strong><br \/>\nTilmeld dig til &#8220;Opret Gratis Prisfald Alarm&#8221;, og bliv underrettet med det samme om prisfald p\u00e5 Alecto &#8211; Babyalarm med 2,4 tommer kamera &#8211; DVM71BLACK, og f\u00e5 den billigste pris!<\/p>\n<p>&nbsp;<\/p>\n<p>&nbsp;<\/p>\n","protected":false},"excerpt":{"rendered":"<p>K\u00f8b billig Alecto &#8211; Babyalarm med 2,4 tommer kamera &#8211; DVM71BLACK! Oplev ro i sindet med Alecto babyalarm med kamera, der g\u00f8r det nemt at holde \u00f8je med din baby \u2013 dag og nat. Den brugervenlige for\u00e6ldreenhed er udstyret med en 2,4 tommer TFT-farvesk\u00e6rm med ridsefast overflade, s\u00e5 du altid f\u00e5r et krystalklart billede. Med [&hellip;]<\/p>\n","protected":false},"featured_media":999980000004482000,"template":"","meta":[],"store":[1272516],"product_brand":[1272518],"product_cat":[1272510],"product_tag":[1275186,1272728],"class_list":{"0":"post-448200","1":"product","2":"type-product","3":"status-publish","4":"has-post-thumbnail","6":"store-butik24","7":"product_brand-alecto","8":"product_cat-babypleje","9":"product_tag-alecto","10":"product_tag-babypleje","11":"pa_maerke-alecto","13":"first","14":"instock","15":"product-type-external"},"_links":{"self":[{"href":"https:\/\/www.pricetornado.com\/da\/wp-json\/wp\/v2\/product\/448200","targetHints":{"allow":["GET"]}}],"collection":[{"href":"https:\/\/www.pricetornado.com\/da\/wp-json\/wp\/v2\/product"}],"about":[{"href":"https:\/\/www.pricetornado.com\/da\/wp-json\/wp\/v2\/types\/product"}],"wp:featuredmedia":[{"embeddable":true,"href":"https:\/\/www.pricetornado.com\/da\/wp-json\/"}],"wp:attachment":[{"href":"https:\/\/www.pricetornado.com\/da\/wp-json\/wp\/v2\/media?parent=448200"}],"wp:term":[{"taxonomy":"store","embeddable":true,"href":"https:\/\/www.pricetornado.com\/da\/wp-json\/wp\/v2\/store?post=448200"},{"taxonomy":"product_brand","embeddable":true,"href":"https:\/\/www.pricetornado.com\/da\/wp-json\/wp\/v2\/product_brand?post=448200"},{"taxonomy":"product_cat","embeddable":true,"href":"https:\/\/www.pricetornado.com\/da\/wp-json\/wp\/v2\/product_cat?post=448200"},{"taxonomy":"product_tag","embeddable":true,"href":"https:\/\/www.pricetornado.com\/da\/wp-json\/wp\/v2\/product_tag?post=448200"}],"curies":[{"name":"wp","href":"https:\/\/api.w.org\/{rel}","templated":true}]}}