{"id":448199,"date":"2025-02-23T21:53:08","date_gmt":"2025-02-23T20:53:08","guid":{"rendered":"https:\/\/www.pricetornado.com\/da\/produkt\/alecto-saet-med-fem-farverige-badedyr-med-termometer-badedyr-til-babyer-og-boern-bt-5\/"},"modified":"2026-04-17T11:20:10","modified_gmt":"2026-04-17T09:20:10","slug":"alecto-saet-med-fem-farverige-badedyr-med-termometer-badedyr-til-babyer-og-boern-bt-5","status":"publish","type":"product","link":"https:\/\/www.pricetornado.com\/da\/produkt\/alecto-saet-med-fem-farverige-badedyr-med-termometer-badedyr-til-babyer-og-boern-bt-5\/","title":{"rendered":"Alecto &#8211; S\u00e6t med fem farverige badedyr med termometer Badedyr til babyer og b\u00f8rn &#8211; BT-5"},"content":{"rendered":"<p>K\u00f8b billig Alecto &#8211; S\u00e6t med fem farverige badedyr med termometer Badedyr til babyer og b\u00f8rn &#8211; BT-5!<br \/>\nG\u00f8r badetiden til en sjov oplevelse for dit barn med Alecto BT5, et s\u00e6t med fem s\u00f8de og farverige badedyr i bl\u00f8de pastelfarver. S\u00e6ttet indeholder fem dyrevenner \u2013 en pingvin, en and, en bj\u00f8rn, en hund og en koala \u2013 som med deres glade farver og venlige ansigter hurtigt vil blive favoritter blandt de sm\u00e5.Den gr\u00f8nne and fungerer ogs\u00e5 som badetermometer, s\u00e5 du altid kan v\u00e6re sikker p\u00e5, at vandet har den rette temperatur. Anden giver desuden en advarsel, hvis temperaturen overstiger 39 \u00b0C, hvilket sikrer en tryg badeoplevelse for b\u00e5de barn og for\u00e6ldre.Dyrevennerne kan fyldes med vand gennem bunden, s\u00e5 de kan spr\u00f8jte eller dryppe vand p\u00e5 en legende m\u00e5de. Det sjove mix-and-match-design giver b\u00f8rn mulighed for at bytte leget\u00f8jets over- og underdele, s\u00e5 de kan skabe deres egne unikke kombinationer. Badeleget\u00f8jet indbyder til timevis af sjov \u2013 b\u00e5de i og uden for badet.Badeleget\u00f8jet er fremstillet af 100 % silikone, hvilket g\u00f8r det bl\u00f8dt og fleksibelt uden skarpe kanter. Det er helt BPA-frit og indeholder ingen skadelige stoffer, s\u00e5 du trygt kan lade dit barn lege og tygge p\u00e5 dyrene.I mods\u00e6tning til meget andet badeleget\u00f8j er Alecto BT5 nemt at reng\u00f8re og t\u00e5ler opvaskemaskine (undtagen termometerdelen). Det betyder, at leget\u00f8jet forbliver hygiejnisk og fri for skimmelsvamp, selv efter mange badesessioner.Alecto BT5 er et oplagt valg for for\u00e6ldre, der \u00f8nsker sikkert, sjovt og interaktivt badeleget\u00f8j til deres barn. Bestil i dag og giv dit barn endel\u00f8s sjov med fem glade badevenner og en tryg badestund.<\/p>\n<p>Sammenlign priser p\u00e5 Alecto &#8211; S\u00e6t med fem farverige badedyr med termometer Badedyr til babyer og b\u00f8rn &#8211; BT-5 og k\u00f8b online til den billigste pris, samt p\u00e5 tilbud!\u00a0\u00a0Tjek den bedste pris, produkt beskrivelse, video, test, anmeldelser osv.<\/p>\n<p><strong>Brand: <\/strong>Alecto<br \/>\n<strong>EAN: <\/strong>8711902085645<br \/>\n<strong>Producentens varenr.:<\/strong> 8711902085645<\/p>\n<p><strong>P.S.<\/strong><br \/>\nTilmeld dig til &#8220;Opret Gratis Prisfald Alarm&#8221;, og bliv underrettet med det samme om prisfald p\u00e5 Alecto &#8211; S\u00e6t med fem farverige badedyr med termometer Badedyr til babyer og b\u00f8rn &#8211; BT-5, og f\u00e5 den billigste pris!<\/p>\n<p>&nbsp;<\/p>\n<p>&nbsp;<\/p>\n","protected":false},"excerpt":{"rendered":"<p>K\u00f8b billig Alecto &#8211; S\u00e6t med fem farverige badedyr med termometer Badedyr til babyer og b\u00f8rn &#8211; BT-5! G\u00f8r badetiden til en sjov oplevelse for dit barn med Alecto BT5, et s\u00e6t med fem s\u00f8de og farverige badedyr i bl\u00f8de pastelfarver. S\u00e6ttet indeholder fem dyrevenner \u2013 en pingvin, en and, en bj\u00f8rn, en hund og [&hellip;]<\/p>\n","protected":false},"featured_media":999980000004481990,"template":"","meta":[],"store":[1272516],"product_brand":[1272518],"product_cat":[1272421],"product_tag":[1275186,1272687],"class_list":{"0":"post-448199","1":"product","2":"type-product","3":"status-publish","4":"has-post-thumbnail","6":"store-butik24","7":"product_brand-alecto","8":"product_cat-klima","9":"product_tag-alecto","10":"product_tag-klima","11":"pa_maerke-alecto","13":"first","14":"instock","15":"product-type-external"},"_links":{"self":[{"href":"https:\/\/www.pricetornado.com\/da\/wp-json\/wp\/v2\/product\/448199","targetHints":{"allow":["GET"]}}],"collection":[{"href":"https:\/\/www.pricetornado.com\/da\/wp-json\/wp\/v2\/product"}],"about":[{"href":"https:\/\/www.pricetornado.com\/da\/wp-json\/wp\/v2\/types\/product"}],"wp:featuredmedia":[{"embeddable":true,"href":"https:\/\/www.pricetornado.com\/da\/wp-json\/"}],"wp:attachment":[{"href":"https:\/\/www.pricetornado.com\/da\/wp-json\/wp\/v2\/media?parent=448199"}],"wp:term":[{"taxonomy":"store","embeddable":true,"href":"https:\/\/www.pricetornado.com\/da\/wp-json\/wp\/v2\/store?post=448199"},{"taxonomy":"product_brand","embeddable":true,"href":"https:\/\/www.pricetornado.com\/da\/wp-json\/wp\/v2\/product_brand?post=448199"},{"taxonomy":"product_cat","embeddable":true,"href":"https:\/\/www.pricetornado.com\/da\/wp-json\/wp\/v2\/product_cat?post=448199"},{"taxonomy":"product_tag","embeddable":true,"href":"https:\/\/www.pricetornado.com\/da\/wp-json\/wp\/v2\/product_tag?post=448199"}],"curies":[{"name":"wp","href":"https:\/\/api.w.org\/{rel}","templated":true}]}}