{"id":448195,"date":"2025-02-23T20:45:42","date_gmt":"2025-02-23T19:45:42","guid":{"rendered":"https:\/\/www.pricetornado.com\/da\/produkt\/lenco-baerbar-dab-fm-radio-med-bluetooth-24-tft-skaerm-hvid-pdr-036wh\/"},"modified":"2026-04-15T01:45:11","modified_gmt":"2026-04-14T23:45:11","slug":"lenco-baerbar-dab-fm-radio-med-bluetooth-24-tft-skaerm-hvid-pdr-036wh","status":"publish","type":"product","link":"https:\/\/www.pricetornado.com\/da\/produkt\/lenco-baerbar-dab-fm-radio-med-bluetooth-24-tft-skaerm-hvid-pdr-036wh\/","title":{"rendered":"Lenco &#8211; B\u00e6rbar DAB+ FM-radio med Bluetooth\u00ae 2,4&quot; TFT-sk\u00e6rm Hvid &#8211; PDR-036WH"},"content":{"rendered":"<p>K\u00f8b billig Lenco &#8211; B\u00e6rbar DAB+ FM-radio med Bluetooth\u00ae 2,4&quot; TFT-sk\u00e6rm Hvid &#8211; PDR-036WH!<br \/>\nLenco PDR-036 er en kompakt og alsidig radio, der lader dig nyde b\u00e5de digitale DAB+-stationer og traditionelle FM-kanaler med krystalklar digital lydkvalitet \u2013 helt uden forstyrrende st\u00f8j. Den stilrene radio er udstyret med en tydelig 2,2&quot; farvesk\u00e6rm, hvor du let kan afl\u00e6se stationer og justere dine indstillinger. Det neutrale hvid-gr\u00e5 design g\u00f8r, at radioen passer ind i alle omgivelser.Med sine m\u00e5l p\u00e5 kun 16,5 cm i bredden, 9,35 cm i h\u00f8jden og 4,5 cm i dybden er Lenco PDR-036 nem at tage med overalt. Det kompakte format suppleres af et genopladeligt batteri, s\u00e5 du kan bruge radioen helt tr\u00e5dl\u00f8st \u2013 ideelt til b\u00e5de hjemmebrug og p\u00e5 farten.V\u00e6lg din yndlingskanal og nyd klar lyd gennem h\u00f8jttaleren eller med hovedtelefoner. Med et enkelt tryk kan du hurtigt skifte station og lagre dine favoritter, og via Bluetooth\u00ae har du frihed til at h\u00f8re din egen musik. Indstillingerne betjenes let via den klare farvesk\u00e6rm.Lenco PDR-036 er det oplagte valg, hvis du vil have en brugervenlig og fleksibel radio med moderne digitale funktioner. Nyd din yndlingsradio, musikstreaming via Bluetooth\u00ae og et elegant kompakt design, der passer ind overalt. Perfekt til b\u00e5de daglig stuehygge og mobile \u00f8jeblikke.<\/p>\n<p>Sammenlign priser p\u00e5 Lenco &#8211; B\u00e6rbar DAB+ FM-radio med Bluetooth\u00ae 2,4&quot; TFT-sk\u00e6rm Hvid &#8211; PDR-036WH og k\u00f8b online til den billigste pris, samt p\u00e5 tilbud!\u00a0\u00a0Tjek den bedste pris, produkt beskrivelse, video, test, anmeldelser osv.<\/p>\n<p><strong>Brand: <\/strong>Lenco<br \/>\n<strong>EAN: <\/strong>8711902077534<br \/>\n<strong>Producentens varenr.:<\/strong> 8711902077534<\/p>\n<p><strong>P.S.<\/strong><br \/>\nTilmeld dig til &#8220;Opret Gratis Prisfald Alarm&#8221;, og bliv underrettet med det samme om prisfald p\u00e5 Lenco &#8211; B\u00e6rbar DAB+ FM-radio med Bluetooth\u00ae 2,4&quot; TFT-sk\u00e6rm Hvid &#8211; PDR-036WH, og f\u00e5 den billigste pris!<\/p>\n<p>&nbsp;<\/p>\n<p>&nbsp;<\/p>\n","protected":false},"excerpt":{"rendered":"<p>K\u00f8b billig Lenco &#8211; B\u00e6rbar DAB+ FM-radio med Bluetooth\u00ae 2,4&quot; TFT-sk\u00e6rm Hvid &#8211; PDR-036WH! Lenco PDR-036 er en kompakt og alsidig radio, der lader dig nyde b\u00e5de digitale DAB+-stationer og traditionelle FM-kanaler med krystalklar digital lydkvalitet \u2013 helt uden forstyrrende st\u00f8j. Den stilrene radio er udstyret med en tydelig 2,2&quot; farvesk\u00e6rm, hvor du let kan [&hellip;]<\/p>\n","protected":false},"featured_media":0,"template":"","meta":[],"store":[1272516],"product_brand":[1272526],"product_cat":[1272439],"product_tag":[1275188,1272694],"class_list":{"0":"post-448195","1":"product","2":"type-product","3":"status-publish","5":"store-butik24","6":"product_brand-lenco","7":"product_cat-radio-2","8":"product_tag-lenco","9":"product_tag-radio","10":"pa_maerke-lenco","12":"first","13":"instock","14":"product-type-external"},"_links":{"self":[{"href":"https:\/\/www.pricetornado.com\/da\/wp-json\/wp\/v2\/product\/448195","targetHints":{"allow":["GET"]}}],"collection":[{"href":"https:\/\/www.pricetornado.com\/da\/wp-json\/wp\/v2\/product"}],"about":[{"href":"https:\/\/www.pricetornado.com\/da\/wp-json\/wp\/v2\/types\/product"}],"wp:attachment":[{"href":"https:\/\/www.pricetornado.com\/da\/wp-json\/wp\/v2\/media?parent=448195"}],"wp:term":[{"taxonomy":"store","embeddable":true,"href":"https:\/\/www.pricetornado.com\/da\/wp-json\/wp\/v2\/store?post=448195"},{"taxonomy":"product_brand","embeddable":true,"href":"https:\/\/www.pricetornado.com\/da\/wp-json\/wp\/v2\/product_brand?post=448195"},{"taxonomy":"product_cat","embeddable":true,"href":"https:\/\/www.pricetornado.com\/da\/wp-json\/wp\/v2\/product_cat?post=448195"},{"taxonomy":"product_tag","embeddable":true,"href":"https:\/\/www.pricetornado.com\/da\/wp-json\/wp\/v2\/product_tag?post=448195"}],"curies":[{"name":"wp","href":"https:\/\/api.w.org\/{rel}","templated":true}]}}