{"id":448185,"date":"2025-02-25T07:39:01","date_gmt":"2025-02-25T06:39:01","guid":{"rendered":"https:\/\/www.pricetornado.com\/da\/produkt\/alecto-video-babyalarm-med-43-tommer-farvedisplay-dvm200m\/"},"modified":"2026-04-16T10:10:10","modified_gmt":"2026-04-16T08:10:10","slug":"alecto-video-babyalarm-med-43-tommer-farvedisplay-dvm200m","status":"publish","type":"product","link":"https:\/\/www.pricetornado.com\/da\/produkt\/alecto-video-babyalarm-med-43-tommer-farvedisplay-dvm200m\/","title":{"rendered":"Alecto &#8211; Video-babyalarm med 4,3 tommer farvedisplay &#8211; DVM200M"},"content":{"rendered":"<p>K\u00f8b billig Alecto &#8211; Video-babyalarm med 4,3 tommer farvedisplay &#8211; DVM200M!<br \/>\nAlecto Baby DVM200M er en video-babyalarm fremstillet i let og holdbar plast, som sikrer nem h\u00e5ndtering og montering i hjemmet. Denne babyalarm kombinerer h\u00f8j kvalitet og omfattende funktioner for optimal tryghed og nemme rutiner i b\u00f8rnefamilier. Med DVM200M kan du altid se og h\u00f8re dit barn via den tr\u00e5dl\u00f8se og genopladelige for\u00e6ldreenhed, som har en stor 4,3 tommer (10,9 cm) farvesk\u00e6rm.Talk-back-funktion: Tal til og berolig dit barn p\u00e5 afstand via for\u00e6ldreenheden uden at skulle ind p\u00e5 v\u00e6relset.Genopladelig for\u00e6ldreenhed med op til 16 timers batterilevetid p\u00e5 \u00e9n opladning, s\u00e5 du kan bev\u00e6ge dig frit rundt i hjemmet.Kodet, interferensfri tr\u00e5dl\u00f8s 2,4 GHz FHSS-forbindelse uden krav om Wi-Fi, internet eller apps \u2013 for 100 % sikker og stabil overv\u00e5gning.Visning af rumtemperatur med justerbar alarm, der sikrer optimal komfort og sikkerhed. For\u00e6ldreenheden advarer ved for h\u00f8j eller lav temperatur.Infrar\u00f8dt nattesyn med r\u00e6kkevidde op til 4 meter, s\u00e5 du kan se tydelige billeder \u2013 ogs\u00e5 om natten uden at v\u00e6kke barnet.Fem vuggeviser og fire beroligende naturlyde (styres p\u00e5 afstand og med justerbar lydstyrke) hj\u00e6lper barnet ind i en god sengetidsrutine.VOX\/lydaktiveret funktion: Sk\u00e6rmen t\u00e6nder automatisk ved lyd, hvilket sparer batteri og reducerer un\u00f8dvendige alarmer.Eco-tilstand reducerer str\u00f8mforbruget og transmission for l\u00e6ngere batterilevetid og lavere elforbrug.Fjernbetjening: Kameraet kan panoreres, vippes og zoomes direkte fra for\u00e6ldreenheden, s\u00e5 du kan f\u00f8lge barnet fra flere vinkler eller overv\u00e5ge st\u00f8rre rum.Udvidelsesmulighed: Tilslut op til fire kameraer (DVM200C) og f\u00f8lg alle rum separat eller samtidigt via split screen-funktion \u2013 ideelt til flere b\u00f8rn eller forskellige rum.Alarmer ved lavt batteriniveau og automatisk &quot;Ingen forbindelse&quot;-alarm for ekstra tryghed.B\u00e5de baby- og for\u00e6ldreenheden har et funktionelt design i slidst\u00e6rk plast, som g\u00f8r dem lette og sikre i daglig brug. Der medf\u00f8lger v\u00e6gbeslag og monteringsmaterialer, s\u00e5 du kan placere kameraet nemt efter behov. Den genopladelige batteripakke giver mulighed for at flytte rundt p\u00e5 enheden, uden at du beh\u00f8ver t\u00e6nke p\u00e5 ledninger.Overv\u00e5g flere rum eller b\u00f8rn med mulighed for tilslutning af op til fire kameraer (ekstra DVM200C-kameraer s\u00e6lges separat). Alle kameraer kan overv\u00e5ges b\u00e5de separat samt samtidigt med split screen-funktionen p\u00e5 den store farvesk\u00e6rm. Bem\u00e6rk, at Alecto DVM200M ikke er kompatibel med \u00e6ldre DVM-200-seriekameraer (DVM-201), men kun med DVM200C-kameraer.Alecto DVM200M er videreudviklingen af den popul\u00e6re DVM-200-serie og tilbyder opdateret teknologi, mens det velkendte brugervenlige design er bevaret. Produktet er testet og forbedret efter brugernes \u00f8nsker, og Alecto er markedsleder inden for babyalarmer i Benelux. Du f\u00e5r en driftssikker og letbetjent video-babyalarm med alle n\u00f8dvendige funktioner til tryg overv\u00e5gning, komfort og ro, b\u00e5de dag og nat.<\/p>\n<p>Sammenlign priser p\u00e5 Alecto &#8211; Video-babyalarm med 4,3 tommer farvedisplay &#8211; DVM200M og k\u00f8b online til den billigste pris, samt p\u00e5 tilbud!\u00a0\u00a0Tjek den bedste pris, produkt beskrivelse, video, test, anmeldelser osv.<\/p>\n<p><strong>Brand: <\/strong>Alecto<br \/>\n<strong>EAN: <\/strong>8711902077916<br \/>\n<strong>Producentens varenr.:<\/strong> 8711902077916<\/p>\n<p><strong>P.S.<\/strong><br \/>\nTilmeld dig til &#8220;Opret Gratis Prisfald Alarm&#8221;, og bliv underrettet med det samme om prisfald p\u00e5 Alecto &#8211; Video-babyalarm med 4,3 tommer farvedisplay &#8211; DVM200M, og f\u00e5 den billigste pris!<\/p>\n<p>&nbsp;<\/p>\n<p>&nbsp;<\/p>\n","protected":false},"excerpt":{"rendered":"<p>K\u00f8b billig Alecto &#8211; Video-babyalarm med 4,3 tommer farvedisplay &#8211; DVM200M! Alecto Baby DVM200M er en video-babyalarm fremstillet i let og holdbar plast, som sikrer nem h\u00e5ndtering og montering i hjemmet. Denne babyalarm kombinerer h\u00f8j kvalitet og omfattende funktioner for optimal tryghed og nemme rutiner i b\u00f8rnefamilier. Med DVM200M kan du altid se og h\u00f8re [&hellip;]<\/p>\n","protected":false},"featured_media":999980000004481850,"template":"","meta":[],"store":[1272516],"product_brand":[1272518],"product_cat":[1272510],"product_tag":[1275186,1272728],"class_list":{"0":"post-448185","1":"product","2":"type-product","3":"status-publish","4":"has-post-thumbnail","6":"store-butik24","7":"product_brand-alecto","8":"product_cat-babypleje","9":"product_tag-alecto","10":"product_tag-babypleje","11":"pa_maerke-alecto","13":"first","14":"instock","15":"product-type-external"},"_links":{"self":[{"href":"https:\/\/www.pricetornado.com\/da\/wp-json\/wp\/v2\/product\/448185","targetHints":{"allow":["GET"]}}],"collection":[{"href":"https:\/\/www.pricetornado.com\/da\/wp-json\/wp\/v2\/product"}],"about":[{"href":"https:\/\/www.pricetornado.com\/da\/wp-json\/wp\/v2\/types\/product"}],"wp:featuredmedia":[{"embeddable":true,"href":"https:\/\/www.pricetornado.com\/da\/wp-json\/"}],"wp:attachment":[{"href":"https:\/\/www.pricetornado.com\/da\/wp-json\/wp\/v2\/media?parent=448185"}],"wp:term":[{"taxonomy":"store","embeddable":true,"href":"https:\/\/www.pricetornado.com\/da\/wp-json\/wp\/v2\/store?post=448185"},{"taxonomy":"product_brand","embeddable":true,"href":"https:\/\/www.pricetornado.com\/da\/wp-json\/wp\/v2\/product_brand?post=448185"},{"taxonomy":"product_cat","embeddable":true,"href":"https:\/\/www.pricetornado.com\/da\/wp-json\/wp\/v2\/product_cat?post=448185"},{"taxonomy":"product_tag","embeddable":true,"href":"https:\/\/www.pricetornado.com\/da\/wp-json\/wp\/v2\/product_tag?post=448185"}],"curies":[{"name":"wp","href":"https:\/\/api.w.org\/{rel}","templated":true}]}}