{"id":448176,"date":"2025-02-22T10:29:22","date_gmt":"2025-02-22T09:29:22","guid":{"rendered":"https:\/\/www.pricetornado.com\/da\/produkt\/lenco-dab-fm-radio-med-bluetooth-pdr-034gy\/"},"modified":"2026-03-11T02:11:30","modified_gmt":"2026-03-11T01:11:30","slug":"lenco-dab-fm-radio-med-bluetooth-pdr-034gy","status":"publish","type":"product","link":"https:\/\/www.pricetornado.com\/da\/produkt\/lenco-dab-fm-radio-med-bluetooth-pdr-034gy\/","title":{"rendered":"Lenco &#8211; DAB+ FM-radio med Bluetooth\u00ae. &#8211; PDR-034GY"},"content":{"rendered":"<p>K\u00f8b billig Lenco &#8211; DAB+ FM-radio med Bluetooth\u00ae. &#8211; PDR-034GY!<br \/>\nLenco PDR-034GY er en kompakt og alsidig b\u00e6rbar digital radio, der giver dig adgang til b\u00e5de DAB+ og PLL FM-radio med RDS. Det betyder, at du kan lytte til klassiske FM-stationer og alle digitale kanaler i krystalklar, uforstyrret lydkvalitet. Radioen underst\u00f8tter Bluetooth\u00ae 5.3, s\u00e5 du nemt og tr\u00e5dl\u00f8st kan streame musik direkte fra din smartphone eller tablet og nyde din favoritmusik hvor som helst.Radioen er konstrueret i slidst\u00e6rkt ABS-plast, der giver god holdbarhed og modstandsdygtighed overfor slag. Det lette og kompakte design g\u00f8r den nem at tage med p\u00e5 farten. Den 1,77&quot; (4,5 cm) TFT-LCD farvedisplay giver dig tydeligt overblik over stationsnavne, sangtitler og klokkesl\u00e6t, hvilket g\u00f8r betjeningen enkel og overskuelig.Indbygget ur og dobbelt alarmfunktion, ideel til brug i sovev\u00e6relset eller p\u00e5 kontoret.Sleep timer-funktion hj\u00e6lper dig med at falde i s\u00f8vn til din yndlingsmusik.Teleskopisk antenne sikrer optimal radio- og signalmodtagelse, uanset placering.Lenco PDR-034GY har et integreret genopladeligt lithium-ion batteri, som giver op til 10 timers tr\u00e5dl\u00f8s musikafspilning. Oplad radioen hurtigt og nemt med det medf\u00f8lgende USB-C kabel, s\u00e5 du altid er klar til n\u00e6ste oplevelse \u2013 uanset om du er hjemme eller p\u00e5 farten.Effektiv effekt p\u00e5 2 watt (RMS) giver klart og nuanceret lyd i en kompakt enhed.AUX-indgang og 3,5 mm hovedtelefonudgang for fleksibel tilslutning og privat lytning.Brugermanual p\u00e5 flere sprog, inkl. danskV\u00e6lg Lenco PDR-034GY for en p\u00e5lidelig, moderne og b\u00e6rbar radiooplevelse med smarte funktioner, effektiv batterilevetid og et robust, elegant design. Perfekt til dig, der \u00f8nsker fleksibilitet og kvalitet \u2013 b\u00e5de hjemme og p\u00e5 farten.<\/p>\n<p>Sammenlign priser p\u00e5 Lenco &#8211; DAB+ FM-radio med Bluetooth\u00ae. &#8211; PDR-034GY og k\u00f8b online til den billigste pris, samt p\u00e5 tilbud!\u00a0\u00a0Tjek den bedste pris, produkt beskrivelse, video, test, anmeldelser osv.<\/p>\n<p><strong>Brand: <\/strong>Lenco<br \/>\n<strong>EAN: <\/strong>8711902091554<br \/>\n<strong>Producentens varenr.:<\/strong> 8711902091554<\/p>\n<p><strong>P.S.<\/strong><br \/>\nTilmeld dig til &#8220;Opret Gratis Prisfald Alarm&#8221;, og bliv underrettet med det samme om prisfald p\u00e5 Lenco &#8211; DAB+ FM-radio med Bluetooth\u00ae. &#8211; PDR-034GY, og f\u00e5 den billigste pris!<\/p>\n<p>&nbsp;<\/p>\n<p>&nbsp;<\/p>\n","protected":false},"excerpt":{"rendered":"<p>K\u00f8b billig Lenco &#8211; DAB+ FM-radio med Bluetooth\u00ae. &#8211; PDR-034GY! Lenco PDR-034GY er en kompakt og alsidig b\u00e6rbar digital radio, der giver dig adgang til b\u00e5de DAB+ og PLL FM-radio med RDS. Det betyder, at du kan lytte til klassiske FM-stationer og alle digitale kanaler i krystalklar, uforstyrret lydkvalitet. Radioen underst\u00f8tter Bluetooth\u00ae 5.3, s\u00e5 du [&hellip;]<\/p>\n","protected":false},"featured_media":0,"template":"","meta":[],"store":[1272516],"product_brand":[1272526],"product_cat":[1272439],"product_tag":[1275188,1272694],"class_list":{"0":"post-448176","1":"product","2":"type-product","3":"status-publish","5":"store-butik24","6":"product_brand-lenco","7":"product_cat-radio-2","8":"product_tag-lenco","9":"product_tag-radio","10":"pa_maerke-lenco","12":"first","13":"instock","14":"product-type-external"},"_links":{"self":[{"href":"https:\/\/www.pricetornado.com\/da\/wp-json\/wp\/v2\/product\/448176","targetHints":{"allow":["GET"]}}],"collection":[{"href":"https:\/\/www.pricetornado.com\/da\/wp-json\/wp\/v2\/product"}],"about":[{"href":"https:\/\/www.pricetornado.com\/da\/wp-json\/wp\/v2\/types\/product"}],"wp:attachment":[{"href":"https:\/\/www.pricetornado.com\/da\/wp-json\/wp\/v2\/media?parent=448176"}],"wp:term":[{"taxonomy":"store","embeddable":true,"href":"https:\/\/www.pricetornado.com\/da\/wp-json\/wp\/v2\/store?post=448176"},{"taxonomy":"product_brand","embeddable":true,"href":"https:\/\/www.pricetornado.com\/da\/wp-json\/wp\/v2\/product_brand?post=448176"},{"taxonomy":"product_cat","embeddable":true,"href":"https:\/\/www.pricetornado.com\/da\/wp-json\/wp\/v2\/product_cat?post=448176"},{"taxonomy":"product_tag","embeddable":true,"href":"https:\/\/www.pricetornado.com\/da\/wp-json\/wp\/v2\/product_tag?post=448176"}],"curies":[{"name":"wp","href":"https:\/\/api.w.org\/{rel}","templated":true}]}}