{"id":448175,"date":"2025-02-25T02:12:20","date_gmt":"2025-02-25T01:12:20","guid":{"rendered":"https:\/\/www.pricetornado.com\/da\/produkt\/alecto-hoerevaern-til-babyer-bv74\/"},"modified":"2026-04-20T02:50:09","modified_gmt":"2026-04-20T00:50:09","slug":"alecto-hoerevaern-til-babyer-bv74","status":"publish","type":"product","link":"https:\/\/www.pricetornado.com\/da\/produkt\/alecto-hoerevaern-til-babyer-bv74\/","title":{"rendered":"Alecto &#8211; H\u00f8rev\u00e6rn til babyer &#8211; BV74"},"content":{"rendered":"<p>K\u00f8b billig Alecto &#8211; H\u00f8rev\u00e6rn til babyer &#8211; BV74!<br \/>\nAlecto h\u00f8rev\u00e6rn til babyer er specialudviklet til sm\u00e5 b\u00f8rn fra 12 m\u00e5neder og beskytter effektivt mod skadelig og h\u00f8j st\u00f8j i omgivelser som festivaler, rejser eller andre st\u00f8jfyldte begivenheder. Med en maksimal lydreduktion p\u00e5 23 dB SNR sikrer dette h\u00f8rev\u00e6rn, at barnet sk\u00e5nes for overstimulering, samtidig med at det stadig kan h\u00f8re omgivende lyde og undg\u00e5r fuldst\u00e6ndig isolation.H\u00f8rev\u00e6rnet er lavet af letv\u00e6gtsplast, hvilket g\u00f8r det robust og nemt at anvende i dagligdagen. Der er ingen metaldele i produktet, hvilket betyder, at det er fuldst\u00e6ndig sikkert at benytte selv i MR-scanningsmilj\u00f8er. Det bl\u00f8de hovedb\u00e5nd er elastisk og justerbart, s\u00e5 det kan tilpasses barnets hoved og sidde behageligt uden at presse.De bl\u00f8de \u00f8repuder er fremstillet af komfortable materialer, som fordeler trykket og g\u00f8r det behageligt for barnet at b\u00e6re h\u00f8rev\u00e6rnet over l\u00e6ngere tid. Hovedb\u00e5ndet er desuden vaskbart og bidrager til ekstra hygiejne og lang levetid.Alecto h\u00f8rev\u00e6rn har et kompakt og b\u00e6rbart design, der g\u00f8r det let at tage med overalt. Der medf\u00f8lger et praktisk rejseetui, som beskytter h\u00f8rev\u00e6rnet og holder det rent, n\u00e5r det ikke er i brug.Let, kompakt og nem at have med \u2013 inkl. rejseetui til opbevaring og transportMed Alecto h\u00f8rev\u00e6rn til babyer giver du dit barn tryg og komfortabel beskyttelse mod st\u00f8j, uanset hvor I befinder jer. Det ergonomiske og metalfri design g\u00f8r h\u00f8rev\u00e6rnet til et sikkert valg for b\u00e5de hverdag og s\u00e6rlige begivenheder.<\/p>\n<p>Sammenlign priser p\u00e5 Alecto &#8211; H\u00f8rev\u00e6rn til babyer &#8211; BV74 og k\u00f8b online til den billigste pris, samt p\u00e5 tilbud!\u00a0\u00a0Tjek den bedste pris, produkt beskrivelse, video, test, anmeldelser osv.<\/p>\n<p><strong>Brand: <\/strong>Alecto<br \/>\n<strong>EAN: <\/strong>8711902087687<br \/>\n<strong>Producentens varenr.:<\/strong> 8711902087687<\/p>\n<p><strong>P.S.<\/strong><br \/>\nTilmeld dig til &#8220;Opret Gratis Prisfald Alarm&#8221;, og bliv underrettet med det samme om prisfald p\u00e5 Alecto &#8211; H\u00f8rev\u00e6rn til babyer &#8211; BV74, og f\u00e5 den billigste pris!<\/p>\n<p>&nbsp;<\/p>\n<p>&nbsp;<\/p>\n","protected":false},"excerpt":{"rendered":"<p>K\u00f8b billig Alecto &#8211; H\u00f8rev\u00e6rn til babyer &#8211; BV74! Alecto h\u00f8rev\u00e6rn til babyer er specialudviklet til sm\u00e5 b\u00f8rn fra 12 m\u00e5neder og beskytter effektivt mod skadelig og h\u00f8j st\u00f8j i omgivelser som festivaler, rejser eller andre st\u00f8jfyldte begivenheder. Med en maksimal lydreduktion p\u00e5 23 dB SNR sikrer dette h\u00f8rev\u00e6rn, at barnet sk\u00e5nes for overstimulering, samtidig [&hellip;]<\/p>\n","protected":false},"featured_media":999980000004481750,"template":"","meta":[],"store":[1272516],"product_brand":[1272518],"product_cat":[1272434],"product_tag":[1275186,1272843],"class_list":{"0":"post-448175","1":"product","2":"type-product","3":"status-publish","4":"has-post-thumbnail","6":"store-butik24","7":"product_brand-alecto","8":"product_cat-hovedtelefoner","9":"product_tag-alecto","10":"product_tag-hovedtelefoner","11":"pa_maerke-alecto","13":"first","14":"instock","15":"product-type-external"},"_links":{"self":[{"href":"https:\/\/www.pricetornado.com\/da\/wp-json\/wp\/v2\/product\/448175","targetHints":{"allow":["GET"]}}],"collection":[{"href":"https:\/\/www.pricetornado.com\/da\/wp-json\/wp\/v2\/product"}],"about":[{"href":"https:\/\/www.pricetornado.com\/da\/wp-json\/wp\/v2\/types\/product"}],"wp:featuredmedia":[{"embeddable":true,"href":"https:\/\/www.pricetornado.com\/da\/wp-json\/"}],"wp:attachment":[{"href":"https:\/\/www.pricetornado.com\/da\/wp-json\/wp\/v2\/media?parent=448175"}],"wp:term":[{"taxonomy":"store","embeddable":true,"href":"https:\/\/www.pricetornado.com\/da\/wp-json\/wp\/v2\/store?post=448175"},{"taxonomy":"product_brand","embeddable":true,"href":"https:\/\/www.pricetornado.com\/da\/wp-json\/wp\/v2\/product_brand?post=448175"},{"taxonomy":"product_cat","embeddable":true,"href":"https:\/\/www.pricetornado.com\/da\/wp-json\/wp\/v2\/product_cat?post=448175"},{"taxonomy":"product_tag","embeddable":true,"href":"https:\/\/www.pricetornado.com\/da\/wp-json\/wp\/v2\/product_tag?post=448175"}],"curies":[{"name":"wp","href":"https:\/\/api.w.org\/{rel}","templated":true}]}}