{"id":448166,"date":"2025-02-26T22:21:54","date_gmt":"2025-02-26T21:21:54","guid":{"rendered":"https:\/\/www.pricetornado.com\/da\/produkt\/alecto-kuliltealarm-med-display-og-10-aars-driftstid-for-batteri-og-sensor-coa4010\/"},"modified":"2026-04-18T02:50:11","modified_gmt":"2026-04-18T00:50:11","slug":"alecto-kuliltealarm-med-display-og-10-aars-driftstid-for-batteri-og-sensor-coa4010","status":"publish","type":"product","link":"https:\/\/www.pricetornado.com\/da\/produkt\/alecto-kuliltealarm-med-display-og-10-aars-driftstid-for-batteri-og-sensor-coa4010\/","title":{"rendered":"Alecto &#8211; Kuliltealarm med display og 10 \u00e5rs driftstid for batteri og sensor &#8211; COA4010"},"content":{"rendered":"<p>K\u00f8b billig Alecto &#8211; Kuliltealarm med display og 10 \u00e5rs driftstid for batteri og sensor &#8211; COA4010!<br \/>\nAlecto COA4010 kuliltealarm giver din bolig langvarig, vedligeholdelsesfri beskyttelse mod farlig kulilte (CO). Alarmen er fremstillet i hvidt, robust kunststof for let v\u00e6gt og holdbarhed, og den indeholder en integreret sensor samt et kraftigt litiumbatteri \u2013 begge med en levetid p\u00e5 op til 10 \u00e5r. Det betyder, at du f\u00e5r kontinuerlig overv\u00e5gning og maksimal sikkerhed uden batteriskift i et helt \u00e5rti.CO-alarmen har et digitalt display, hvor du hurtigt kan afl\u00e6se aktuelle CO-koncentrationer (ppm), batteristatus, testtilstand og fejlmeddelelser. N\u00e5r der m\u00e5les farlige koncentrationer, advarer alarmen straks med et lydsignal p\u00e5 85 dB og en tydelig visuel besked, s\u00e5 du altid kan handle i tide \u2013 ogs\u00e5 mens du sover.Alarmen giver tidlig advarsel allerede ved lave CO-niveauer (fra 20 ppm over 60 minutter) og aktiverer straks alarmen ved h\u00f8jere koncentrationer (over 50 ppm). Dette sikrer, at du kan reagere, inden det n\u00e5r et sundhedsfarligt niveau. Desuden modtager du besked, n\u00e5r sensorens 10-\u00e5rige levetid n\u00e6rmer sig sin afslutning, s\u00e5 du altid er d\u00e6kket ind.Alecto COA4010 kuliltealarm er certificeret efter den europ\u00e6iske norm EN50291-1:2018, hvilket sikrer p\u00e5lidelighed og korrekt alarmering ved farlige kulilteniveauer. Den er designet til at levere tryghed og sikkerhed for familier overalt.F\u00e5 effektiv og brugervenlig kuliltebeskyttelse med Alecto COA4010 \u2013 let at installere, nem at afl\u00e6se og p\u00e5lidelig i op til 10 \u00e5r. Bestil din CO-alarm i dag for ekstra tryghed i hjemmet.<\/p>\n<p>Sammenlign priser p\u00e5 Alecto &#8211; Kuliltealarm med display og 10 \u00e5rs driftstid for batteri og sensor &#8211; COA4010 og k\u00f8b online til den billigste pris, samt p\u00e5 tilbud!\u00a0\u00a0Tjek den bedste pris, produkt beskrivelse, video, test, anmeldelser osv.<\/p>\n<p><strong>Brand: <\/strong>Alecto<br \/>\n<strong>EAN: <\/strong>8712412596300<br \/>\n<strong>Producentens varenr.:<\/strong> 8712412596300<\/p>\n<p><strong>P.S.<\/strong><br \/>\nTilmeld dig til &#8220;Opret Gratis Prisfald Alarm&#8221;, og bliv underrettet med det samme om prisfald p\u00e5 Alecto &#8211; Kuliltealarm med display og 10 \u00e5rs driftstid for batteri og sensor &#8211; COA4010, og f\u00e5 den billigste pris!<\/p>\n<p>&nbsp;<\/p>\n<p>&nbsp;<\/p>\n","protected":false},"excerpt":{"rendered":"<p>K\u00f8b billig Alecto &#8211; Kuliltealarm med display og 10 \u00e5rs driftstid for batteri og sensor &#8211; COA4010! Alecto COA4010 kuliltealarm giver din bolig langvarig, vedligeholdelsesfri beskyttelse mod farlig kulilte (CO). Alarmen er fremstillet i hvidt, robust kunststof for let v\u00e6gt og holdbarhed, og den indeholder en integreret sensor samt et kraftigt litiumbatteri \u2013 begge med [&hellip;]<\/p>\n","protected":false},"featured_media":999980000004481660,"template":"","meta":[],"store":[1272516],"product_brand":[1272518],"product_cat":[1272469],"product_tag":[1275186,1273060],"class_list":{"0":"post-448166","1":"product","2":"type-product","3":"status-publish","4":"has-post-thumbnail","6":"store-butik24","7":"product_brand-alecto","8":"product_cat-detektorer","9":"product_tag-alecto","10":"product_tag-detektorer","11":"pa_maerke-alecto","13":"first","14":"instock","15":"product-type-external"},"_links":{"self":[{"href":"https:\/\/www.pricetornado.com\/da\/wp-json\/wp\/v2\/product\/448166","targetHints":{"allow":["GET"]}}],"collection":[{"href":"https:\/\/www.pricetornado.com\/da\/wp-json\/wp\/v2\/product"}],"about":[{"href":"https:\/\/www.pricetornado.com\/da\/wp-json\/wp\/v2\/types\/product"}],"wp:featuredmedia":[{"embeddable":true,"href":"https:\/\/www.pricetornado.com\/da\/wp-json\/"}],"wp:attachment":[{"href":"https:\/\/www.pricetornado.com\/da\/wp-json\/wp\/v2\/media?parent=448166"}],"wp:term":[{"taxonomy":"store","embeddable":true,"href":"https:\/\/www.pricetornado.com\/da\/wp-json\/wp\/v2\/store?post=448166"},{"taxonomy":"product_brand","embeddable":true,"href":"https:\/\/www.pricetornado.com\/da\/wp-json\/wp\/v2\/product_brand?post=448166"},{"taxonomy":"product_cat","embeddable":true,"href":"https:\/\/www.pricetornado.com\/da\/wp-json\/wp\/v2\/product_cat?post=448166"},{"taxonomy":"product_tag","embeddable":true,"href":"https:\/\/www.pricetornado.com\/da\/wp-json\/wp\/v2\/product_tag?post=448166"}],"curies":[{"name":"wp","href":"https:\/\/api.w.org\/{rel}","templated":true}]}}