{"id":448164,"date":"2025-02-21T18:05:39","date_gmt":"2025-02-21T17:05:39","guid":{"rendered":"https:\/\/www.pricetornado.com\/da\/produkt\/nedis-vaegoplader-100-w-gan-pd3-0-hurtigopladningsfunktion-2-5-3-0-5-0-a-antal-output-3-usb-a-2x-usb-c-automatisk-valgt-spaending-sort-wgcha100wbk\/"},"modified":"2026-03-18T01:36:09","modified_gmt":"2026-03-18T00:36:09","slug":"nedis-vaegoplader-100-w-gan-pd3-0-hurtigopladningsfunktion-2-5-3-0-5-0-a-antal-output-3-usb-a-2x-usb-c-automatisk-valgt-spaending-sort-wgcha100wbk","status":"publish","type":"product","link":"https:\/\/www.pricetornado.com\/da\/produkt\/nedis-vaegoplader-100-w-gan-pd3-0-hurtigopladningsfunktion-2-5-3-0-5-0-a-antal-output-3-usb-a-2x-usb-c-automatisk-valgt-spaending-sort-wgcha100wbk\/","title":{"rendered":"Nedis &#8211; V\u00e6goplader | 100 W | GaN | PD3.0 | Hurtigopladningsfunktion | 2.5 \/ 3.0 \/ 5.0 A | Antal output: 3 | USB-A \/ 2x USB-C\u2122 | Automatisk Valgt Sp\u00e6nding | Sort &#8211; WGCHA100WBK"},"content":{"rendered":"<p>K\u00f8b billig Nedis &#8211; V\u00e6goplader | 100 W | GaN | PD3.0 | Hurtigopladningsfunktion | 2.5 \/ 3.0 \/ 5.0 A | Antal output: 3 | USB-A \/ 2x USB-C\u2122 | Automatisk Valgt Sp\u00e6nding | Sort &#8211; WGCHA100WBK!<br \/>\nHold dine enheder opladede, uanset hvor du befinder dig, med Nedis Compact Dual GaN Wall Charger \u2013 den ultimative opladningsl\u00f8sning til moderne teknologi. Denne oplader er designet til alsidighed, hastighed og effektivitet samt udformet i robust polycarbonat, som g\u00f8r den ekstra modstandsdygtig over for b\u00e5de slag og hverdagens brug.Opladeren har to USB-C Power Delivery (PD) 3.0-porte og \u00e9n USB-A Quick Charge 3.0-port, s\u00e5 du kan oplade smartphone, tablet og laptop p\u00e5 samme tid. Hver USB-C-port kan levere op til imponerende 100 W str\u00f8m, n\u00e5r de bruges individuelt \u2013 perfekt til effektiv opladning af b\u00e6rbare computere, inklusive MacBook Air og MacBook Pro samt de nyeste smartphones og tablets.Takket v\u00e6re avanceret Gallium Nitride (GaN) teknologi f\u00e5r du hurtigere og mere effektiv opladning med minimal varmeudvikling. Den indbyggede intelligente opladningsteknologi genkender automatisk tilsluttede enheder og justerer str\u00f8mforsyningen for at sikre hurtig, sikker og energieffektiv opladning. Opladeren tilbyder automatisk sp\u00e6ndingsvalg og omfattende beskyttelse mod overopladning, overophedning og elektriske st\u00f8d, s\u00e5 du trygt kan oplade dine enheder.Nedis Compact Dual GaN Wall Charger udm\u00e6rker sig ved et let og transportvenligt design, hvilket g\u00f8r den ideel til b\u00e5de hjemmebrug, arbejde og rejser. Polycarbonatkonstruktionen giver langtidsholdbar slidstyrke og sikrer, at opladeren kan modst\u00e5 daglig brug og transport uden problemer.To USB-C Power Delivery 3.0-porte (op til 100 W ved individuel brug)\u00c9n USB-A Quick Charge 3.0-port til alsidige opladningsmulighederOpgrader din opladningsoplevelse med Nedis Compact Dual GaN Wall Charger og f\u00e5 hurtig, sikker og p\u00e5lidelig str\u00f8m, uanset hvor du er.<\/p>\n<p>Sammenlign priser p\u00e5 Nedis &#8211; V\u00e6goplader | 100 W | GaN | PD3.0 | Hurtigopladningsfunktion | 2.5 \/ 3.0 \/ 5.0 A | Antal output: 3 | USB-A \/ 2x USB-C\u2122 | Automatisk Valgt Sp\u00e6nding | Sort &#8211; WGCHA100WBK og k\u00f8b online til den billigste pris, samt p\u00e5 tilbud!\u00a0\u00a0Tjek den bedste pris, produkt beskrivelse, video, test, anmeldelser osv.<\/p>\n<p><strong>Brand: <\/strong>Nedis<br \/>\n<strong>EAN: <\/strong>5412810470150<br \/>\n<strong>Producentens varenr.:<\/strong> 5412810470150<\/p>\n<p><strong>P.S.<\/strong><br \/>\nTilmeld dig til &#8220;Opret Gratis Prisfald Alarm&#8221;, og bliv underrettet med det samme om prisfald p\u00e5 Nedis &#8211; V\u00e6goplader | 100 W | GaN | PD3.0 | Hurtigopladningsfunktion | 2.5 \/ 3.0 \/ 5.0 A | Antal output: 3 | USB-A \/ 2x USB-C\u2122 | Automatisk Valgt Sp\u00e6nding | Sort &#8211; WGCHA100WBK, og f\u00e5 den billigste pris!<\/p>\n<p>&nbsp;<\/p>\n<p>&nbsp;<\/p>\n","protected":false},"excerpt":{"rendered":"<p>K\u00f8b billig Nedis &#8211; V\u00e6goplader | 100 W | GaN | PD3.0 | Hurtigopladningsfunktion | 2.5 \/ 3.0 \/ 5.0 A | Antal output: 3 | USB-A \/ 2x USB-C\u2122 | Automatisk Valgt Sp\u00e6nding | Sort &#8211; WGCHA100WBK! Hold dine enheder opladede, uanset hvor du befinder dig, med Nedis Compact Dual GaN Wall Charger \u2013 [&hellip;]<\/p>\n","protected":false},"featured_media":0,"template":"","meta":[],"store":[1272516],"product_brand":[1272517],"product_cat":[1272436],"product_tag":[1275178,1272965],"class_list":{"0":"post-448164","1":"product","2":"type-product","3":"status-publish","5":"store-butik24","6":"product_brand-nedis","7":"product_cat-stroemforsyning","8":"product_tag-nedis","9":"product_tag-stroemforsyning","10":"pa_maerke-nedis","12":"first","13":"instock","14":"product-type-external"},"_links":{"self":[{"href":"https:\/\/www.pricetornado.com\/da\/wp-json\/wp\/v2\/product\/448164","targetHints":{"allow":["GET"]}}],"collection":[{"href":"https:\/\/www.pricetornado.com\/da\/wp-json\/wp\/v2\/product"}],"about":[{"href":"https:\/\/www.pricetornado.com\/da\/wp-json\/wp\/v2\/types\/product"}],"wp:attachment":[{"href":"https:\/\/www.pricetornado.com\/da\/wp-json\/wp\/v2\/media?parent=448164"}],"wp:term":[{"taxonomy":"store","embeddable":true,"href":"https:\/\/www.pricetornado.com\/da\/wp-json\/wp\/v2\/store?post=448164"},{"taxonomy":"product_brand","embeddable":true,"href":"https:\/\/www.pricetornado.com\/da\/wp-json\/wp\/v2\/product_brand?post=448164"},{"taxonomy":"product_cat","embeddable":true,"href":"https:\/\/www.pricetornado.com\/da\/wp-json\/wp\/v2\/product_cat?post=448164"},{"taxonomy":"product_tag","embeddable":true,"href":"https:\/\/www.pricetornado.com\/da\/wp-json\/wp\/v2\/product_tag?post=448164"}],"curies":[{"name":"wp","href":"https:\/\/api.w.org\/{rel}","templated":true}]}}