{"id":448158,"date":"2025-02-26T06:49:00","date_gmt":"2025-02-26T05:49:00","guid":{"rendered":"https:\/\/www.pricetornado.com\/da\/produkt\/nedis-smartlife-video-doertelefon-batteri-2x-full-hd-1080p-cloud-storage-mulighed-microsd-ikke-inkluderet-ip54-med-bevaegelsessensor-nattesyn-sort-wificdp31bk\/"},"modified":"2026-04-18T05:30:31","modified_gmt":"2026-04-18T03:30:31","slug":"nedis-smartlife-video-doertelefon-batteri-2x-full-hd-1080p-cloud-storage-mulighed-microsd-ikke-inkluderet-ip54-med-bevaegelsessensor-nattesyn-sort-wificdp31bk","status":"publish","type":"product","link":"https:\/\/www.pricetornado.com\/da\/produkt\/nedis-smartlife-video-doertelefon-batteri-2x-full-hd-1080p-cloud-storage-mulighed-microsd-ikke-inkluderet-ip54-med-bevaegelsessensor-nattesyn-sort-wificdp31bk\/","title":{"rendered":"Nedis &#8211; SmartLife Video D\u00f8rtelefon | Batteri | 2x Full HD 1080p | Cloud Storage (mulighed) \/ microSD (ikke inkluderet) | IP54 | Med bev\u00e6gelsessensor | Nattesyn | Sort &#8211; WIFICDP31BK"},"content":{"rendered":"<p>K\u00f8b billig Nedis &#8211; SmartLife Video D\u00f8rtelefon | Batteri | 2x Full HD 1080p | Cloud Storage (mulighed) \/ microSD (ikke inkluderet) | IP54 | Med bev\u00e6gelsessensor | Nattesyn | Sort &#8211; WIFICDP31BK!<br \/>\nHold \u00f8je med din hovedd\u00f8r og g\u00e5 aldrig glip af en bes\u00f8gende eller en pakke med Nedis SmartLife Wi-Fi videod\u00f8rklokke. Denne smarte d\u00f8rklokke er fremstillet i holdbart plast og kombinerer avanceret teknologi som dobbelt linse, lang batterilevetid, justerbar bev\u00e6gelsesregistrering og realtidskommunikation for optimal sikkerhed og bekvemmelighed hjemme hos dig.Med et kraftigt 4400 mAh genopladeligt batteri kan videod\u00f8rklokken holde op til fire m\u00e5neder p\u00e5 \u00e9n opladning ved et gennemsnit p\u00e5 ca. 10 opkald om dagen. Du f\u00e5r frihed fra kabler og let installation, samtidig med at enheden er energieffektiv og nem at h\u00e5ndtere.To Full HD 1080p linser giver dig mulighed for b\u00e5de at se bes\u00f8gende og overv\u00e5ge hele personen, k\u00e6ledyr, sm\u00e5 b\u00f8rn eller pakker, der efterlades ved d\u00f8ren. Kameraerne leverer et samlet 4MP-billede med en vertikal synsvinkel p\u00e5 115\u00b0, s\u00e5 du f\u00e5r omfattende d\u00e6kning af din indgang.Videod\u00f8rklokken er IP54-certificeret, hvilket betyder, at den er beskyttet mod st\u00f8v og vandspr\u00f8jt. Det g\u00f8r den ideel til det danske vejr og sikrer lang holdbarhed udend\u00f8rs.S\u00e6t den medf\u00f8lgende USB-drevne ringeklokke op i et hvilket som helst rum, og v\u00e6lg mellem 20+ melodier med justerbar lydstyrke \u2013 ogs\u00e5 hvis du ikke har din telefon i n\u00e6rheden, eller hvis netv\u00e6rket svigter.Tal med bes\u00f8gende direkte via din smartphone med realtids tovejs-kommunikation takket v\u00e6re den indbyggede mikrofon og h\u00f8jttaler \u2013 uanset hvor du befinder dig.V\u00e6lg standard infrar\u00f8dt nattesyn eller farvenattesyn med hvide LED\u2019er for klare og detaljerede billeder d\u00f8gnet rundt.Undg\u00e5 un\u00f8dvendige beskeder ved at tilpasse bev\u00e6gelsessensorens detektionsomr\u00e5de, s\u00e5 du kun modtager advarsler ved relevant aktivitet. Optagelse kan igangs\u00e6ttes, samt LED eller sirene aktiveres, n\u00e5r der registreres bev\u00e6gelse i valgte zoner. Justerbare zoner hj\u00e6lper med at spare batteri og give pr\u00e6cise notifikationer.Gem videooptagelser sikkert lokalt p\u00e5 microSD-kort (op til 128 GB, ikke inkluderet) eller benyt valgfri cloud-abonnement for online adgang \u2013 selv hvis enheden er offline eller beskadiget.Mere end \u00e9n bruger kan f\u00e5 adgang p\u00e5 samme tid, s\u00e5 hele familien eller bof\u00e6ller kan modtage vigtige notifikationer og svare p\u00e5 bes\u00f8gende.Kompatibel med Google Assistant og Amazon Alexa, s\u00e5 smartenheder kan bruges som ekstra klokkespil for \u00f8get fleksibilitet.Integreres i Nedis SmartLife-\u00f8kosystemet, s\u00e5 du kan automatisere scenarier \u2013 eksempelvis automatisk t\u00e6nding af lys i entr\u00e9en, n\u00e5r nogen ringer p\u00e5 d\u00f8ren eller n\u00e6rmer sig huset.D\u00f8rklokken forbindes direkte til dit Wi-Fi og kan alternativt str\u00f8mforsynes via eksisterende transformer fra en kablet d\u00f8rklokke. For endnu st\u00f8rre fleksibilitet kan du tilf\u00f8je flere tr\u00e5dl\u00f8se klokkespil (ekstraudstyr, ikke inkluderet), som k\u00f8rer uafh\u00e6ngigt af Wi-Fi.Forbrugeren skal overholde g\u00e6ldende love og regler ved ops\u00e6tning og brug af videooptagelser fra d\u00f8rklokken, da visse begr\u00e6nsninger kan g\u00e6lde vedr\u00f8rende optagelse af billeder og lyd.<\/p>\n<p>Sammenlign priser p\u00e5 Nedis &#8211; SmartLife Video D\u00f8rtelefon | Batteri | 2x Full HD 1080p | Cloud Storage (mulighed) \/ microSD (ikke inkluderet) | IP54 | Med bev\u00e6gelsessensor | Nattesyn | Sort &#8211; WIFICDP31BK og k\u00f8b online til den billigste pris, samt p\u00e5 tilbud!\u00a0\u00a0Tjek den bedste pris, produkt beskrivelse, video, test, anmeldelser osv.<\/p>\n<p><strong>Brand: <\/strong>Nedis<br \/>\n<strong>EAN: <\/strong>5412810469987<br \/>\n<strong>Producentens varenr.:<\/strong> 5412810469987<\/p>\n<p><strong>P.S.<\/strong><br \/>\nTilmeld dig til &#8220;Opret Gratis Prisfald Alarm&#8221;, og bliv underrettet med det samme om prisfald p\u00e5 Nedis &#8211; SmartLife Video D\u00f8rtelefon | Batteri | 2x Full HD 1080p | Cloud Storage (mulighed) \/ microSD (ikke inkluderet) | IP54 | Med bev\u00e6gelsessensor | Nattesyn | Sort &#8211; WIFICDP31BK, og f\u00e5 den billigste pris!<\/p>\n<p>&nbsp;<\/p>\n<p>&nbsp;<\/p>\n","protected":false},"excerpt":{"rendered":"<p>K\u00f8b billig Nedis &#8211; SmartLife Video D\u00f8rtelefon | Batteri | 2x Full HD 1080p | Cloud Storage (mulighed) \/ microSD (ikke inkluderet) | IP54 | Med bev\u00e6gelsessensor | Nattesyn | Sort &#8211; WIFICDP31BK! Hold \u00f8je med din hovedd\u00f8r og g\u00e5 aldrig glip af en bes\u00f8gende eller en pakke med Nedis SmartLife Wi-Fi videod\u00f8rklokke. Denne smarte [&hellip;]<\/p>\n","protected":false},"featured_media":999980000004481580,"template":"","meta":[],"store":[1272516],"product_brand":[1272517],"product_cat":[1272474],"product_tag":[1272689,1275178],"class_list":{"0":"post-448158","1":"product","2":"type-product","3":"status-publish","4":"has-post-thumbnail","6":"store-butik24","7":"product_brand-nedis","8":"product_cat-doerklokke","9":"product_tag-doerklokke","10":"product_tag-nedis","11":"pa_maerke-nedis","13":"first","14":"instock","15":"product-type-external"},"_links":{"self":[{"href":"https:\/\/www.pricetornado.com\/da\/wp-json\/wp\/v2\/product\/448158","targetHints":{"allow":["GET"]}}],"collection":[{"href":"https:\/\/www.pricetornado.com\/da\/wp-json\/wp\/v2\/product"}],"about":[{"href":"https:\/\/www.pricetornado.com\/da\/wp-json\/wp\/v2\/types\/product"}],"wp:featuredmedia":[{"embeddable":true,"href":"https:\/\/www.pricetornado.com\/da\/wp-json\/"}],"wp:attachment":[{"href":"https:\/\/www.pricetornado.com\/da\/wp-json\/wp\/v2\/media?parent=448158"}],"wp:term":[{"taxonomy":"store","embeddable":true,"href":"https:\/\/www.pricetornado.com\/da\/wp-json\/wp\/v2\/store?post=448158"},{"taxonomy":"product_brand","embeddable":true,"href":"https:\/\/www.pricetornado.com\/da\/wp-json\/wp\/v2\/product_brand?post=448158"},{"taxonomy":"product_cat","embeddable":true,"href":"https:\/\/www.pricetornado.com\/da\/wp-json\/wp\/v2\/product_cat?post=448158"},{"taxonomy":"product_tag","embeddable":true,"href":"https:\/\/www.pricetornado.com\/da\/wp-json\/wp\/v2\/product_tag?post=448158"}],"curies":[{"name":"wp","href":"https:\/\/api.w.org\/{rel}","templated":true}]}}