{"id":448150,"date":"2025-02-25T09:32:43","date_gmt":"2025-02-25T08:32:43","guid":{"rendered":"https:\/\/www.pricetornado.com\/da\/produkt\/nedis-vaegoplader-70-w-gan-pd3-0-hurtigopladningsfunktion-1-5-2-25-a-2-5-3-0-3-5-a-antal-output-3-usb-a-2x-usb-c-automatisk-valgt-spaending-sort-wgcha70wbk\/"},"modified":"2026-03-25T01:32:10","modified_gmt":"2026-03-25T00:32:10","slug":"nedis-vaegoplader-70-w-gan-pd3-0-hurtigopladningsfunktion-1-5-2-25-a-2-5-3-0-3-5-a-antal-output-3-usb-a-2x-usb-c-automatisk-valgt-spaending-sort-wgcha70wbk","status":"publish","type":"product","link":"https:\/\/www.pricetornado.com\/da\/produkt\/nedis-vaegoplader-70-w-gan-pd3-0-hurtigopladningsfunktion-1-5-2-25-a-2-5-3-0-3-5-a-antal-output-3-usb-a-2x-usb-c-automatisk-valgt-spaending-sort-wgcha70wbk\/","title":{"rendered":"Nedis &#8211; V\u00e6goplader | 70 W | GaN | PD3.0 | Hurtigopladningsfunktion | 1.5 \/ 2.25 A \/ 2.5 \/ 3.0 \/ 3.5 A | Antal output: 3 | USB-A \/ 2x USB-C\u2122 | Automatisk Valgt Sp\u00e6nding | Sort &#8211; WGCHA70WBK"},"content":{"rendered":"<p>K\u00f8b billig Nedis &#8211; V\u00e6goplader | 70 W | GaN | PD3.0 | Hurtigopladningsfunktion | 1.5 \/ 2.25 A \/ 2.5 \/ 3.0 \/ 3.5 A | Antal output: 3 | USB-A \/ 2x USB-C\u2122 | Automatisk Valgt Sp\u00e6nding | Sort &#8211; WGCHA70WBK!<br \/>\nOplev effektiv og p\u00e5lidelig opladning med Nedis kompakte GaN-v\u00e6goplader \u2013 den ideelle l\u00f8sning til dig, der vil holde dine enheder opladet hjemme, p\u00e5 kontoret eller p\u00e5 farten. Den avancerede GaN-teknologi (Gallium Nitride) muligg\u00f8r maksimal energieffektivitet og reduceret varmeudvikling i et let og kompakt design, som nemt passer i tasken eller rygs\u00e6kken.V\u00e6gopladeren er udstyret med to USB-C\u2122 Power Delivery (PD) porte samt \u00e9n USB-A Quick Charge port, s\u00e5 du kan oplade op til tre enheder samtidig \u2013 uden at g\u00e5 p\u00e5 kompromis med hastigheden. Ved brug af \u00e9n USB-C PD-port kan opladeren levere op til 70 W, hvilket g\u00f8r den velegnet til hurtig opladning af smartphones, tablets, b\u00e6rbare computere og ultrabooks, herunder MacBook Air og MacBook Pro.Takket v\u00e6re automatisk enhedsgenkendelse og intelligent sp\u00e6ndingsvalg tilpasses str\u00f8mforsyningen efter behovene hos hver tilsluttet enhed. Du f\u00e5r dermed optimal og sikker opladning \u2013 helt uden risiko for overopladning eller str\u00f8mst\u00f8d. Indbyggede beskyttelsesfunktioner sikrer mod overbelastning og elektriske fejl, s\u00e5 dine enheder altid er i trygge h\u00e6nder.Fremstillet i slidst\u00e6rkt polycarbonat, som giver \u00f8get holdbarhed og varmebestandighed.Lavt standby-str\u00f8mforbrug (<0,3 W) \u00f8ger energieffektiviteten, selv n\u00e5r opladeren ikke aktivt bruges.Bredt inputsp\u00e6ndingsomr\u00e5de (100-240 V AC, 50\/60 Hz) betyder, at opladeren kan bruges sikkert internationalt.Lille og let konstruktion \u2013 perfekt til dig, der har brug for hurtig og mobil str\u00f8m p\u00e5 rejser eller i hverdagen.Med Nedis GaN-v\u00e6goplader f\u00e5r du en moderne, effektiv og sikker opladningsl\u00f8sning til alle dine enheder. Opgrader din hverdag og nyd gl\u00e6den ved hurtig, stabil og p\u00e5lidelig opladning \u2013 uanset hvor du befinder dig.\n\nSammenlign priser p\u00e5 Nedis - V\u00e6goplader | 70 W | GaN | PD3.0 | Hurtigopladningsfunktion | 1.5 \/ 2.25 A \/ 2.5 \/ 3.0 \/ 3.5 A | Antal output: 3 | USB-A \/ 2x USB-C\u2122 | Automatisk Valgt Sp\u00e6nding | Sort - WGCHA70WBK og k\u00f8b online til den billigste pris, samt p\u00e5 tilbud!\u00a0\u00a0Tjek den bedste pris, produkt beskrivelse, video, test, anmeldelser osv.\n\n<strong>Brand: <\/strong>Nedis<br \/>\n<strong>EAN: <\/strong>5412810470228<br \/>\n<strong>Producentens varenr.:<\/strong> 5412810470228<\/p>\n<p><strong>P.S.<\/strong><br \/>\nTilmeld dig til &#8220;Opret Gratis Prisfald Alarm&#8221;, og bliv underrettet med det samme om prisfald p\u00e5 Nedis &#8211; V\u00e6goplader | 70 W | GaN | PD3.0 | Hurtigopladningsfunktion | 1.5 \/ 2.25 A \/ 2.5 \/ 3.0 \/ 3.5 A | Antal output: 3 | USB-A \/ 2x USB-C\u2122 | Automatisk Valgt Sp\u00e6nding | Sort &#8211; WGCHA70WBK, og f\u00e5 den billigste pris!<\/p>\n<p>&nbsp;<\/p>\n<p>&nbsp;<\/p>\n","protected":false},"excerpt":{"rendered":"<p>K\u00f8b billig Nedis &#8211; V\u00e6goplader | 70 W | GaN | PD3.0 | Hurtigopladningsfunktion | 1.5 \/ 2.25 A \/ 2.5 \/ 3.0 \/ 3.5 A | Antal output: 3 | USB-A \/ 2x USB-C\u2122 | Automatisk Valgt Sp\u00e6nding | Sort &#8211; WGCHA70WBK! Oplev effektiv og p\u00e5lidelig opladning med Nedis kompakte GaN-v\u00e6goplader \u2013 den ideelle [&hellip;]<\/p>\n","protected":false},"featured_media":0,"template":"","meta":[],"store":[1272516],"product_brand":[1272517],"product_cat":[1272436],"product_tag":[1275178,1272965],"class_list":{"0":"post-448150","1":"product","2":"type-product","3":"status-publish","5":"store-butik24","6":"product_brand-nedis","7":"product_cat-stroemforsyning","8":"product_tag-nedis","9":"product_tag-stroemforsyning","10":"pa_maerke-nedis","12":"first","13":"instock","14":"product-type-external"},"_links":{"self":[{"href":"https:\/\/www.pricetornado.com\/da\/wp-json\/wp\/v2\/product\/448150","targetHints":{"allow":["GET"]}}],"collection":[{"href":"https:\/\/www.pricetornado.com\/da\/wp-json\/wp\/v2\/product"}],"about":[{"href":"https:\/\/www.pricetornado.com\/da\/wp-json\/wp\/v2\/types\/product"}],"wp:attachment":[{"href":"https:\/\/www.pricetornado.com\/da\/wp-json\/wp\/v2\/media?parent=448150"}],"wp:term":[{"taxonomy":"store","embeddable":true,"href":"https:\/\/www.pricetornado.com\/da\/wp-json\/wp\/v2\/store?post=448150"},{"taxonomy":"product_brand","embeddable":true,"href":"https:\/\/www.pricetornado.com\/da\/wp-json\/wp\/v2\/product_brand?post=448150"},{"taxonomy":"product_cat","embeddable":true,"href":"https:\/\/www.pricetornado.com\/da\/wp-json\/wp\/v2\/product_cat?post=448150"},{"taxonomy":"product_tag","embeddable":true,"href":"https:\/\/www.pricetornado.com\/da\/wp-json\/wp\/v2\/product_tag?post=448150"}],"curies":[{"name":"wp","href":"https:\/\/api.w.org\/{rel}","templated":true}]}}