{"id":448149,"date":"2025-02-25T14:04:38","date_gmt":"2025-02-25T13:04:38","guid":{"rendered":"https:\/\/www.pricetornado.com\/da\/produkt\/nedis-vaegoplader-45-w-gan-pd3-0-hurtigopladningsfunktion-2-25-a-3-0-a-antal-output-2-2x-usb-c-automatisk-valgt-spaending-sort-wgcha45wbk\/"},"modified":"2026-03-25T01:32:07","modified_gmt":"2026-03-25T00:32:07","slug":"nedis-vaegoplader-45-w-gan-pd3-0-hurtigopladningsfunktion-2-25-a-3-0-a-antal-output-2-2x-usb-c-automatisk-valgt-spaending-sort-wgcha45wbk","status":"publish","type":"product","link":"https:\/\/www.pricetornado.com\/da\/produkt\/nedis-vaegoplader-45-w-gan-pd3-0-hurtigopladningsfunktion-2-25-a-3-0-a-antal-output-2-2x-usb-c-automatisk-valgt-spaending-sort-wgcha45wbk\/","title":{"rendered":"Nedis &#8211; V\u00e6goplader | 45 W | GaN | PD3.0 | Hurtigopladningsfunktion | 2.25 A \/ 3.0 A | Antal output: 2 | 2x USB-C\u2122 | Automatisk Valgt Sp\u00e6nding | Sort &#8211; WGCHA45WBK"},"content":{"rendered":"<p>K\u00f8b billig Nedis &#8211; V\u00e6goplader | 45 W | GaN | PD3.0 | Hurtigopladningsfunktion | 2.25 A \/ 3.0 A | Antal output: 2 | 2x USB-C\u2122 | Automatisk Valgt Sp\u00e6nding | Sort &#8211; WGCHA45WBK!<br \/>\nOplev praktisk opladning uanset hvor du er med Nedis Compact Dual GaN Wall Charger. Denne avancerede v\u00e6goplader har to USB-C\u2122-porte, der g\u00f8r det muligt at oplade to enheder samtidig \u2013 perfekt til b\u00e5de smartphone, tablet, smartwatch eller Bluetooth-h\u00f8jttaler. Opladeren er kompatibel med de nyeste MacBook Air-modeller, mindre ultrabooks, lette laptops med USB-C-opladning samt enheder som Nintendo Switch.Nyd fordelene ved n\u00e6ste generations Gallium Nitride (GaN) teknologi, der g\u00f8r opladeren mindre, lettere og mere effektiv end traditionelle opladere. GaN-komponenterne genererer mindre varme og kan h\u00e5ndtere h\u00f8jere effektniveauer, hvilket sikrer hurtig og p\u00e5lidelig opladning p\u00e5 farten eller derhjemme. Den kompakte st\u00f8rrelse og robuste konstruktion g\u00f8r opladeren nem at tage med i tasken p\u00e5 rejser eller til daglig brug.V\u00e6gopladeren leverer op til 45 W via hver USB-C-port ved individuel brug og benytter automatisk sp\u00e6ndingsvalg, s\u00e5 str\u00f8mstyrken altid optimeres til dine enheder. Den avancerede smart-opladningsteknologi registrerer automatisk de tilsluttede enheder og tilpasser output for maksimal opladningshastighed og sikkerhed. Underst\u00f8ttelse af Power Delivery 3.0 og Quick Charge garanterer hurtigopladning til kompatible enheder.Nedis Compact Dual GaN Wall Charger er udviklet med universel kompatibilitet for \u00f8je. Den fungerer med smartphones, tablets, smartwatches, MacBook Air, mindre ultrabooks og gaming-enheder. Oplad b\u00e6rbar computer og telefon samtidig eller forsyne dit smartwatch og Bluetooth-h\u00f8jttaler \u2013 alt med \u00e9n kraftfuld oplader. Bem\u00e6rk, at opladeren ikke leveres med kabel, s\u00e5 brug dine egne USB-C kabler.Underst\u00f8tter Power Delivery 3.0 og Quick Charge protokollerNedis Compact Dual GaN Wall Charger giver dig nem, sikker og hurtig opladning \u2013 uanset om du er hjemme, p\u00e5 kontoret eller p\u00e5 farten. Opn\u00e5 det maksimale ud af din opladning med \u00e9n praktisk og p\u00e5lidelig l\u00f8sning.<\/p>\n<p>Sammenlign priser p\u00e5 Nedis &#8211; V\u00e6goplader | 45 W | GaN | PD3.0 | Hurtigopladningsfunktion | 2.25 A \/ 3.0 A | Antal output: 2 | 2x USB-C\u2122 | Automatisk Valgt Sp\u00e6nding | Sort &#8211; WGCHA45WBK og k\u00f8b online til den billigste pris, samt p\u00e5 tilbud!\u00a0\u00a0Tjek den bedste pris, produkt beskrivelse, video, test, anmeldelser osv.<\/p>\n<p><strong>Brand: <\/strong>Nedis<br \/>\n<strong>EAN: <\/strong>5412810470204<br \/>\n<strong>Producentens varenr.:<\/strong> 5412810470204<\/p>\n<p><strong>P.S.<\/strong><br \/>\nTilmeld dig til &#8220;Opret Gratis Prisfald Alarm&#8221;, og bliv underrettet med det samme om prisfald p\u00e5 Nedis &#8211; V\u00e6goplader | 45 W | GaN | PD3.0 | Hurtigopladningsfunktion | 2.25 A \/ 3.0 A | Antal output: 2 | 2x USB-C\u2122 | Automatisk Valgt Sp\u00e6nding | Sort &#8211; WGCHA45WBK, og f\u00e5 den billigste pris!<\/p>\n<p>&nbsp;<\/p>\n<p>&nbsp;<\/p>\n","protected":false},"excerpt":{"rendered":"<p>K\u00f8b billig Nedis &#8211; V\u00e6goplader | 45 W | GaN | PD3.0 | Hurtigopladningsfunktion | 2.25 A \/ 3.0 A | Antal output: 2 | 2x USB-C\u2122 | Automatisk Valgt Sp\u00e6nding | Sort &#8211; WGCHA45WBK! Oplev praktisk opladning uanset hvor du er med Nedis Compact Dual GaN Wall Charger. Denne avancerede v\u00e6goplader har to USB-C\u2122-porte, [&hellip;]<\/p>\n","protected":false},"featured_media":0,"template":"","meta":[],"store":[1272516],"product_brand":[1272517],"product_cat":[1272436],"product_tag":[1275178,1272965],"class_list":{"0":"post-448149","1":"product","2":"type-product","3":"status-publish","5":"store-butik24","6":"product_brand-nedis","7":"product_cat-stroemforsyning","8":"product_tag-nedis","9":"product_tag-stroemforsyning","10":"pa_maerke-nedis","12":"first","13":"instock","14":"product-type-external"},"_links":{"self":[{"href":"https:\/\/www.pricetornado.com\/da\/wp-json\/wp\/v2\/product\/448149","targetHints":{"allow":["GET"]}}],"collection":[{"href":"https:\/\/www.pricetornado.com\/da\/wp-json\/wp\/v2\/product"}],"about":[{"href":"https:\/\/www.pricetornado.com\/da\/wp-json\/wp\/v2\/types\/product"}],"wp:attachment":[{"href":"https:\/\/www.pricetornado.com\/da\/wp-json\/wp\/v2\/media?parent=448149"}],"wp:term":[{"taxonomy":"store","embeddable":true,"href":"https:\/\/www.pricetornado.com\/da\/wp-json\/wp\/v2\/store?post=448149"},{"taxonomy":"product_brand","embeddable":true,"href":"https:\/\/www.pricetornado.com\/da\/wp-json\/wp\/v2\/product_brand?post=448149"},{"taxonomy":"product_cat","embeddable":true,"href":"https:\/\/www.pricetornado.com\/da\/wp-json\/wp\/v2\/product_cat?post=448149"},{"taxonomy":"product_tag","embeddable":true,"href":"https:\/\/www.pricetornado.com\/da\/wp-json\/wp\/v2\/product_tag?post=448149"}],"curies":[{"name":"wp","href":"https:\/\/api.w.org\/{rel}","templated":true}]}}