{"id":448145,"date":"2025-02-20T23:10:06","date_gmt":"2025-02-20T22:10:06","guid":{"rendered":"https:\/\/www.pricetornado.com\/da\/produkt\/nedis-skotoerrer-350-w-45-c-overophedningsbeskyttelse-htsh40wt\/"},"modified":"2026-04-17T01:50:39","modified_gmt":"2026-04-16T23:50:39","slug":"nedis-skotoerrer-350-w-45-c-overophedningsbeskyttelse-htsh40wt","status":"publish","type":"product","link":"https:\/\/www.pricetornado.com\/da\/produkt\/nedis-skotoerrer-350-w-45-c-overophedningsbeskyttelse-htsh40wt\/","title":{"rendered":"Nedis &#8211; Skot\u00f8rrer | 350 W | 45 \u00b0C | Overophedningsbeskyttelse &#8211; HTSH40WT"},"content":{"rendered":"<p>K\u00f8b billig Nedis &#8211; Skot\u00f8rrer | 350 W | 45 \u00b0C | Overophedningsbeskyttelse &#8211; HTSH40WT!<br \/>\nV\u00e5de eller fugtige sko kan v\u00e6re en ulempe, is\u00e6r i regntiden eller efter udend\u00f8rs aktiviteter. Nedis&apos; v\u00e6gmonterede skot\u00f8rrer med ventilator er en enkel og effektiv l\u00f8sning, der sikrer, at dit fodt\u00f8j er t\u00f8rt, behageligt og klar til n\u00e6ste eventyr. Det praktiske v\u00e6gmonterbare design sparer plads og passer perfekt til b\u00e5de hjemmet og aktive familier.Skot\u00f8rreren er udstyret med fire varmluftsudbl\u00e6sere og kan h\u00e5ndtere to par sko ad gangen. Uanset om det er sneakers, st\u00f8vler, arbejdssko eller sportssko, leverer denne enhed en kraftfuld og j\u00e6vn t\u00f8rringsproces med 350 W varm luft, uden at beskadige materialerne.De udtr\u00e6kkelige r\u00f8r kan justeres fra 17 til 70 cm, hvilket giver stor fleksibilitet til forskellige skost\u00f8rrelser og -typer. T\u00f8r nemt b\u00e5de b\u00f8rnesko og lange st\u00f8vler med perfekt pasform og uden besv\u00e6r.Den indbyggede timer kan indstilles fra 0 til 120 minutter, og skot\u00f8rreren slukker automatisk, n\u00e5r tiden er g\u00e5et. Dette sparer energi og giver ro i sindet. En justerbar termostat g\u00f8r det muligt at tilpasse temperaturen, s\u00e5 du kan t\u00f8rre forskellige materialer optimalt.Skot\u00f8rreren er fremstillet af let og holdbart plastik, hvilket sikrer nem h\u00e5ndtering og lang levetid. Med indbygget overophedningsbeskyttelse f\u00e5r du en sikker drift og beskyttelse af b\u00e5de apparat og fodt\u00f8j. Perfekt til hyppig brug og ethvert aktivt hjem.Uanset om du har b\u00f8rn, elsker sport eller blot foretr\u00e6kker t\u00f8rt fodt\u00f8j, g\u00f8r Nedis&apos; v\u00e6gmonterede skot\u00f8rrer hverdagen nemmere. Forl\u00e6ng levetiden p\u00e5 dit fodt\u00f8j og g\u00e5 altid ud med t\u00f8rre, behagelige sko.<\/p>\n<p>Sammenlign priser p\u00e5 Nedis &#8211; Skot\u00f8rrer | 350 W | 45 \u00b0C | Overophedningsbeskyttelse &#8211; HTSH40WT og k\u00f8b online til den billigste pris, samt p\u00e5 tilbud!\u00a0\u00a0Tjek den bedste pris, produkt beskrivelse, video, test, anmeldelser osv.<\/p>\n<p><strong>Brand: <\/strong>Nedis<br \/>\n<strong>EAN: <\/strong>5412810469505<br \/>\n<strong>Producentens varenr.:<\/strong> 5412810469505<\/p>\n<p><strong>P.S.<\/strong><br \/>\nTilmeld dig til &#8220;Opret Gratis Prisfald Alarm&#8221;, og bliv underrettet med det samme om prisfald p\u00e5 Nedis &#8211; Skot\u00f8rrer | 350 W | 45 \u00b0C | Overophedningsbeskyttelse &#8211; HTSH40WT, og f\u00e5 den billigste pris!<\/p>\n<p>&nbsp;<\/p>\n<p>&nbsp;<\/p>\n","protected":false},"excerpt":{"rendered":"<p>K\u00f8b billig Nedis &#8211; Skot\u00f8rrer | 350 W | 45 \u00b0C | Overophedningsbeskyttelse &#8211; HTSH40WT! V\u00e5de eller fugtige sko kan v\u00e6re en ulempe, is\u00e6r i regntiden eller efter udend\u00f8rs aktiviteter. Nedis&apos; v\u00e6gmonterede skot\u00f8rrer med ventilator er en enkel og effektiv l\u00f8sning, der sikrer, at dit fodt\u00f8j er t\u00f8rt, behageligt og klar til n\u00e6ste eventyr. Det [&hellip;]<\/p>\n","protected":false},"featured_media":999980000004481450,"template":"","meta":[],"store":[1272516],"product_brand":[1272517],"product_cat":[1272421],"product_tag":[1272687,1275178],"class_list":{"0":"post-448145","1":"product","2":"type-product","3":"status-publish","4":"has-post-thumbnail","6":"store-butik24","7":"product_brand-nedis","8":"product_cat-klima","9":"product_tag-klima","10":"product_tag-nedis","11":"pa_maerke-nedis","13":"first","14":"instock","15":"product-type-external"},"_links":{"self":[{"href":"https:\/\/www.pricetornado.com\/da\/wp-json\/wp\/v2\/product\/448145","targetHints":{"allow":["GET"]}}],"collection":[{"href":"https:\/\/www.pricetornado.com\/da\/wp-json\/wp\/v2\/product"}],"about":[{"href":"https:\/\/www.pricetornado.com\/da\/wp-json\/wp\/v2\/types\/product"}],"wp:featuredmedia":[{"embeddable":true,"href":"https:\/\/www.pricetornado.com\/da\/wp-json\/"}],"wp:attachment":[{"href":"https:\/\/www.pricetornado.com\/da\/wp-json\/wp\/v2\/media?parent=448145"}],"wp:term":[{"taxonomy":"store","embeddable":true,"href":"https:\/\/www.pricetornado.com\/da\/wp-json\/wp\/v2\/store?post=448145"},{"taxonomy":"product_brand","embeddable":true,"href":"https:\/\/www.pricetornado.com\/da\/wp-json\/wp\/v2\/product_brand?post=448145"},{"taxonomy":"product_cat","embeddable":true,"href":"https:\/\/www.pricetornado.com\/da\/wp-json\/wp\/v2\/product_cat?post=448145"},{"taxonomy":"product_tag","embeddable":true,"href":"https:\/\/www.pricetornado.com\/da\/wp-json\/wp\/v2\/product_tag?post=448145"}],"curies":[{"name":"wp","href":"https:\/\/api.w.org\/{rel}","templated":true}]}}