{"id":448138,"date":"2025-02-20T21:54:04","date_gmt":"2025-02-20T20:54:04","guid":{"rendered":"https:\/\/www.pricetornado.com\/da\/produkt\/alecto-poser-til-opbevaring-af-modermaelk-220-ml-100-stk-bf-100\/"},"modified":"2026-04-17T03:20:23","modified_gmt":"2026-04-17T01:20:23","slug":"alecto-poser-til-opbevaring-af-modermaelk-220-ml-100-stk-bf-100","status":"publish","type":"product","link":"https:\/\/www.pricetornado.com\/da\/produkt\/alecto-poser-til-opbevaring-af-modermaelk-220-ml-100-stk-bf-100\/","title":{"rendered":"Alecto &#8211; Poser til opbevaring af moderm\u00e6lk 220 ml, 100 stk. &#8211; BF-100"},"content":{"rendered":"<p>K\u00f8b billig Alecto &#8211; Poser til opbevaring af moderm\u00e6lk 220 ml, 100 stk. &#8211; BF-100!<br \/>\nAlecto opbevaringsposer til moderm\u00e6lk p\u00e5 220 ml er udviklet til at g\u00f8re opbevaring, nedfrysning og h\u00e5ndtering af brystm\u00e6lk enkelt, sikkert og praktisk. Poserne er ideelle for m\u00f8dre, der \u00f8nsker en bekvem og hygiejnisk l\u00f8sning til at gemme moderm\u00e6lk, mens de sikrer optimal ern\u00e6ring til deres baby.Fremstillet af frysebestandigt og BPA-frit plastmateriale for sikker og holdbar opbevaring uden kemisk forurening.Pr\u00e6steriliserede poser, der sikrer optimal hygiejne og reducerer forberedelsestiden.Dobbelt lynl\u00e5slukning, som g\u00f8r poserne 100 % l\u00e6kagesikre og beskytter mod spild og forurening.Designet med praktisk h\u00e6ldetud, der giver nem og spildfri overh\u00e6ldning til flaske.Kan st\u00e5 op selv under fyldning og opbevaring for maksimal brugervenlighed og orden i fryseren eller k\u00f8leskabet.Hver pose har et skrivefelt til dato og m\u00e6ngde, s\u00e5 det er let at organisere og holde styr p\u00e5 opbevaringen.Posernes frysebestandige konstruktion beskytter mod tab af kvalitet ved gentagne nedfrysninger og opt\u00f8ninger, og den dobbelte lynl\u00e5s sikrer, at m\u00e6lkens friskhed bevares indtil brug. Med dette design kan du trygt opbevare moderm\u00e6lk i b\u00e5de k\u00f8leskab og fryser uden bekymring for l\u00e6kage eller beskadigelse.V\u00e6lg Alecto opbevaringsposer til brystm\u00e6lk for en praktisk, hygiejnisk og sikker opbevaringsl\u00f8sning \u2013 den smarte m\u00e5de at gemme og organisere babys ern\u00e6ring p\u00e5.<\/p>\n<p>Sammenlign priser p\u00e5 Alecto &#8211; Poser til opbevaring af moderm\u00e6lk 220 ml, 100 stk. &#8211; BF-100 og k\u00f8b online til den billigste pris, samt p\u00e5 tilbud!\u00a0\u00a0Tjek den bedste pris, produkt beskrivelse, video, test, anmeldelser osv.<\/p>\n<p><strong>Brand: <\/strong>Alecto<br \/>\n<strong>EAN: <\/strong>8712412593033<br \/>\n<strong>Producentens varenr.:<\/strong> 8712412593033<\/p>\n<p><strong>P.S.<\/strong><br \/>\nTilmeld dig til &#8220;Opret Gratis Prisfald Alarm&#8221;, og bliv underrettet med det samme om prisfald p\u00e5 Alecto &#8211; Poser til opbevaring af moderm\u00e6lk 220 ml, 100 stk. &#8211; BF-100, og f\u00e5 den billigste pris!<\/p>\n<p>&nbsp;<\/p>\n<p>&nbsp;<\/p>\n","protected":false},"excerpt":{"rendered":"<p>K\u00f8b billig Alecto &#8211; Poser til opbevaring af moderm\u00e6lk 220 ml, 100 stk. &#8211; BF-100! Alecto opbevaringsposer til moderm\u00e6lk p\u00e5 220 ml er udviklet til at g\u00f8re opbevaring, nedfrysning og h\u00e5ndtering af brystm\u00e6lk enkelt, sikkert og praktisk. Poserne er ideelle for m\u00f8dre, der \u00f8nsker en bekvem og hygiejnisk l\u00f8sning til at gemme moderm\u00e6lk, mens de [&hellip;]<\/p>\n","protected":false},"featured_media":999980000004481380,"template":"","meta":[],"store":[1272516],"product_brand":[1272518],"product_cat":[1272510],"product_tag":[1275186,1272728],"class_list":{"0":"post-448138","1":"product","2":"type-product","3":"status-publish","4":"has-post-thumbnail","6":"store-butik24","7":"product_brand-alecto","8":"product_cat-babypleje","9":"product_tag-alecto","10":"product_tag-babypleje","11":"pa_maerke-alecto","13":"first","14":"instock","15":"product-type-external"},"_links":{"self":[{"href":"https:\/\/www.pricetornado.com\/da\/wp-json\/wp\/v2\/product\/448138","targetHints":{"allow":["GET"]}}],"collection":[{"href":"https:\/\/www.pricetornado.com\/da\/wp-json\/wp\/v2\/product"}],"about":[{"href":"https:\/\/www.pricetornado.com\/da\/wp-json\/wp\/v2\/types\/product"}],"wp:featuredmedia":[{"embeddable":true,"href":"https:\/\/www.pricetornado.com\/da\/wp-json\/"}],"wp:attachment":[{"href":"https:\/\/www.pricetornado.com\/da\/wp-json\/wp\/v2\/media?parent=448138"}],"wp:term":[{"taxonomy":"store","embeddable":true,"href":"https:\/\/www.pricetornado.com\/da\/wp-json\/wp\/v2\/store?post=448138"},{"taxonomy":"product_brand","embeddable":true,"href":"https:\/\/www.pricetornado.com\/da\/wp-json\/wp\/v2\/product_brand?post=448138"},{"taxonomy":"product_cat","embeddable":true,"href":"https:\/\/www.pricetornado.com\/da\/wp-json\/wp\/v2\/product_cat?post=448138"},{"taxonomy":"product_tag","embeddable":true,"href":"https:\/\/www.pricetornado.com\/da\/wp-json\/wp\/v2\/product_tag?post=448138"}],"curies":[{"name":"wp","href":"https:\/\/api.w.org\/{rel}","templated":true}]}}